{"id":4088,"date":"2023-12-12T11:06:44","date_gmt":"2023-12-12T10:06:44","guid":{"rendered":"https:\/\/www.arias-france.fr\/?page_id=4088"},"modified":"2025-05-06T10:33:23","modified_gmt":"2025-05-06T08:33:23","slug":"refereeing-rules","status":"publish","type":"page","link":"https:\/\/www.arias-france.fr\/en\/arbitration\/refereeing-rules\/","title":{"rendered":"Rules of Arbi\u00adtra\u00adtion"},"content":{"rendered":"<div data-elementor-type=\"wp-page\" data-elementor-id=\"4088\" class=\"elementor elementor-4088\" data-elementor-post-type=\"page\">\n\t\t\t\t\t\t<section class=\"elementor-section elementor-top-section elementor-element elementor-element-77ef177 elementor-section-height-min-height elementor-section-boxed elementor-section-height-default elementor-section-items-middle\" data-id=\"77ef177\" data-element_type=\"section\" data-e-type=\"section\" data-settings=\"{&quot;background_background&quot;:&quot;classic&quot;}\">\n\t\t\t\t\t\t<div class=\"elementor-container elementor-column-gap-default\">\n\t\t\t\t\t<div class=\"elementor-column elementor-col-100 elementor-top-column elementor-element elementor-element-e0717ea\" data-id=\"e0717ea\" data-element_type=\"column\" data-e-type=\"column\">\n\t\t\t<div class=\"elementor-widget-wrap elementor-element-populated\">\n\t\t\t\t\t\t<div class=\"elementor-element elementor-element-2520f2d elementor-widget elementor-widget-heading\" data-id=\"2520f2d\" data-element_type=\"widget\" data-e-type=\"widget\" data-widget_type=\"heading.default\">\n\t\t\t\t<div class=\"elementor-widget-container\">\n\t\t\t\t\t<h1 class=\"elementor-heading-title elementor-size-default\">Arbitration<\/h1>\t\t\t\t<\/div>\n\t\t\t\t<\/div>\n\t\t\t\t\t<\/div>\n\t\t<\/div>\n\t\t\t\t\t<\/div>\n\t\t<\/section>\n\t\t\t\t<section class=\"elementor-section elementor-top-section elementor-element elementor-element-114d18c elementor-section-boxed elementor-section-height-default elementor-section-height-default\" data-id=\"114d18c\" data-element_type=\"section\" data-e-type=\"section\">\n\t\t\t\t\t\t<div class=\"elementor-container elementor-column-gap-default\">\n\t\t\t\t\t<div class=\"elementor-column elementor-col-100 elementor-top-column elementor-element elementor-element-2e584f0\" data-id=\"2e584f0\" data-element_type=\"column\" data-e-type=\"column\">\n\t\t\t<div class=\"elementor-widget-wrap elementor-element-populated\">\n\t\t\t\t\t\t<div class=\"elementor-element elementor-element-3e5afb2 elementor-widget__width-initial elementor-widget elementor-widget-text-editor\" data-id=\"3e5afb2\" data-element_type=\"widget\" data-e-type=\"widget\" data-widget_type=\"text-editor.default\">\n\t\t\t\t<div class=\"elementor-widget-container\">\n\t\t\t\t\t\t\t\t\t<h4><b>ARIAS France<\/b> has a&nbsp;set of rules enabling arbitration procedures to be managed within a&nbsp;framework <b>efficient, fast and safe, at capped costs<\/b>.<\/h4>\t\t\t\t\t\t\t\t<\/div>\n\t\t\t\t<\/div>\n\t\t\t\t\t<\/div>\n\t\t<\/div>\n\t\t\t\t\t<\/div>\n\t\t<\/section>\n\t\t\t\t<section class=\"elementor-section elementor-top-section elementor-element elementor-element-2ee671a elementor-section-boxed elementor-section-height-default elementor-section-height-default\" data-id=\"2ee671a\" data-element_type=\"section\" data-e-type=\"section\">\n\t\t\t\t\t\t<div class=\"elementor-container elementor-column-gap-default\">\n\t\t\t\t\t<div class=\"elementor-column elementor-col-100 elementor-top-column elementor-element elementor-element-b2dc056\" data-id=\"b2dc056\" data-element_type=\"column\" data-e-type=\"column\">\n\t\t\t<div class=\"elementor-widget-wrap elementor-element-populated\">\n\t\t\t\t\t\t<div class=\"elementor-element elementor-element-72603bc elementor-widget elementor-widget-heading\" data-id=\"72603bc\" data-element_type=\"widget\" data-e-type=\"widget\" data-widget_type=\"heading.default\">\n\t\t\t\t<div class=\"elementor-widget-container\">\n\t\t\t\t\t<h2 class=\"elementor-heading-title elementor-size-default\">Rules of Arbitration<\/h2>\t\t\t\t<\/div>\n\t\t\t\t<\/div>\n\t\t\t\t<section class=\"elementor-section elementor-inner-section elementor-element elementor-element-f6d2fe1 elementor-section-boxed elementor-section-height-default elementor-section-height-default\" data-id=\"f6d2fe1\" data-element_type=\"section\" data-e-type=\"section\">\n\t\t\t\t\t\t<div class=\"elementor-container elementor-column-gap-default\">\n\t\t\t\t\t<div class=\"elementor-column elementor-col-50 elementor-inner-column elementor-element elementor-element-8821bfb\" data-id=\"8821bfb\" data-element_type=\"column\" data-e-type=\"column\">\n\t\t\t<div class=\"elementor-widget-wrap elementor-element-populated\">\n\t\t\t\t\t\t<div class=\"elementor-element elementor-element-790586f elementor-widget elementor-widget-button\" data-id=\"790586f\" data-element_type=\"widget\" data-e-type=\"widget\" data-widget_type=\"button.default\">\n\t\t\t\t<div class=\"elementor-widget-container\">\n\t\t\t\t\t\t\t\t\t<div class=\"elementor-button-wrapper\">\n\t\t\t\t\t<a class=\"elementor-button elementor-button-link elementor-size-lg\" href=\"https:\/\/www.arias-france.fr\/wp-content\/uploads\/2025\/03\/2025-03-18-Reglement-ARIAS-France.pdf\" target=\"_blank\">\n\t\t\t\t\t\t<span class=\"elementor-button-content-wrapper\">\n\t\t\t\t\t\t\t\t\t<span class=\"elementor-button-text\">Down\u00adload the <br>Arbi\u00adtra\u00adtion Rules<\/span>\n\t\t\t\t\t<\/span>\n\t\t\t\t\t<\/a>\n\t\t\t\t<\/div>\n\t\t\t\t\t\t\t\t<\/div>\n\t\t\t\t<\/div>\n\t\t\t\t\t<\/div>\n\t\t<\/div>\n\t\t\t\t<div class=\"elementor-column elementor-col-50 elementor-inner-column elementor-element elementor-element-fbf1a5a\" data-id=\"fbf1a5a\" data-element_type=\"column\" data-e-type=\"column\">\n\t\t\t<div class=\"elementor-widget-wrap elementor-element-populated\">\n\t\t\t\t\t\t<div class=\"elementor-element elementor-element-49be402 elementor-widget__width-initial elementor-widget elementor-widget-text-editor\" data-id=\"49be402\" data-element_type=\"widget\" data-e-type=\"widget\" data-widget_type=\"text-editor.default\">\n\t\t\t\t<div class=\"elementor-widget-container\">\n\t\t\t\t\t\t\t\t\t<p>The present reg\u00adu\u00adla\u00adtions are auto\u00admat\u00adi\u00adcal\u00adly applic\u00ada\u00adble to all refer\u00adrals to the Cen\u00adtre after July 26, 2024.<\/p>\t\t\t\t\t\t\t\t<\/div>\n\t\t\t\t<\/div>\n\t\t\t\t\t<\/div>\n\t\t<\/div>\n\t\t\t\t\t<\/div>\n\t\t<\/section>\n\t\t\t\t<section class=\"elementor-section elementor-inner-section elementor-element elementor-element-61607a4 elementor-section-boxed elementor-section-height-default elementor-section-height-default\" data-id=\"61607a4\" data-element_type=\"section\" data-e-type=\"section\">\n\t\t\t\t\t\t<div class=\"elementor-container elementor-column-gap-default\">\n\t\t\t\t\t<div class=\"elementor-column elementor-col-50 elementor-inner-column elementor-element elementor-element-ef03450\" data-id=\"ef03450\" data-element_type=\"column\" data-e-type=\"column\">\n\t\t\t<div class=\"elementor-widget-wrap elementor-element-populated\">\n\t\t\t\t\t\t<div class=\"elementor-element elementor-element-b244107 elementor-widget elementor-widget-button\" data-id=\"b244107\" data-element_type=\"widget\" data-e-type=\"widget\" data-widget_type=\"button.default\">\n\t\t\t\t<div class=\"elementor-widget-container\">\n\t\t\t\t\t\t\t\t\t<div class=\"elementor-button-wrapper\">\n\t\t\t\t\t<a class=\"elementor-button elementor-button-link elementor-size-lg\" href=\"https:\/\/www.arias-france.fr\/wp-content\/uploads\/2025\/03\/2025-03-18-Arias-France-procedure-acceleree.pdf\" target=\"_blank\">\n\t\t\t\t\t\t<span class=\"elementor-button-content-wrapper\">\n\t\t\t\t\t\t\t\t\t<span class=\"elementor-button-text\">Down\u00adload the <br>Accel\u00ader\u00adat\u00aded pro\u00adce\u00addure reg\u00adu\u00adla\u00adtion<\/span>\n\t\t\t\t\t<\/span>\n\t\t\t\t\t<\/a>\n\t\t\t\t<\/div>\n\t\t\t\t\t\t\t\t<\/div>\n\t\t\t\t<\/div>\n\t\t\t\t\t<\/div>\n\t\t<\/div>\n\t\t\t\t<div class=\"elementor-column elementor-col-50 elementor-inner-column elementor-element elementor-element-84ff7bb\" data-id=\"84ff7bb\" data-element_type=\"column\" data-e-type=\"column\">\n\t\t\t<div class=\"elementor-widget-wrap elementor-element-populated\">\n\t\t\t\t\t\t<div class=\"elementor-element elementor-element-1a605a5 elementor-widget__width-initial elementor-widget elementor-widget-text-editor\" data-id=\"1a605a5\" data-element_type=\"widget\" data-e-type=\"widget\" data-widget_type=\"text-editor.default\">\n\t\t\t\t<div class=\"elementor-widget-container\">\n\t\t\t\t\t\t\t\t\t<p>The aim of the fast-track pro\u00adce\u00addure is to resolve dis\u00adputes involv\u00ading lim\u00adit\u00aded amounts more quick\u00adly and at low\u00ader cost.<\/p><p>This pro\u00adce\u00addure forms an inte\u00adgral part of the arbi\u00adtra\u00adtion rules.<\/p>\t\t\t\t\t\t\t\t<\/div>\n\t\t\t\t<\/div>\n\t\t\t\t\t<\/div>\n\t\t<\/div>\n\t\t\t\t\t<\/div>\n\t\t<\/section>\n\t\t\t\t\t<\/div>\n\t\t<\/div>\n\t\t\t\t\t<\/div>\n\t\t<\/section>\n\t\t\t\t<section class=\"elementor-section elementor-top-section elementor-element elementor-element-6337c2d elementor-section-boxed elementor-section-height-default elementor-section-height-default\" data-id=\"6337c2d\" data-element_type=\"section\" data-e-type=\"section\">\n\t\t\t\t\t\t<div class=\"elementor-container elementor-column-gap-default\">\n\t\t\t\t\t<div class=\"elementor-column elementor-col-100 elementor-top-column elementor-element elementor-element-d6ee597\" data-id=\"d6ee597\" data-element_type=\"column\" data-e-type=\"column\">\n\t\t\t<div class=\"elementor-widget-wrap elementor-element-populated\">\n\t\t\t\t\t\t<div class=\"elementor-element elementor-element-8960ec7 elementor-widget elementor-widget-heading\" data-id=\"8960ec7\" data-element_type=\"widget\" data-e-type=\"widget\" data-widget_type=\"heading.default\">\n\t\t\t\t<div class=\"elementor-widget-container\">\n\t\t\t\t\t<h2 class=\"elementor-heading-title elementor-size-default\">Arbitration Rules<\/h2>\t\t\t\t<\/div>\n\t\t\t\t<\/div>\n\t\t\t\t<section class=\"elementor-section elementor-inner-section elementor-element elementor-element-621e227 elementor-section-boxed elementor-section-height-default elementor-section-height-default\" data-id=\"621e227\" data-element_type=\"section\" data-e-type=\"section\">\n\t\t\t\t\t\t<div class=\"elementor-container elementor-column-gap-default\">\n\t\t\t\t\t<div class=\"elementor-column elementor-col-50 elementor-inner-column elementor-element elementor-element-6417c31\" data-id=\"6417c31\" data-element_type=\"column\" data-e-type=\"column\">\n\t\t\t<div class=\"elementor-widget-wrap elementor-element-populated\">\n\t\t\t\t\t\t<div class=\"elementor-element elementor-element-1d72843 elementor-widget elementor-widget-button\" data-id=\"1d72843\" data-element_type=\"widget\" data-e-type=\"widget\" data-widget_type=\"button.default\">\n\t\t\t\t<div class=\"elementor-widget-container\">\n\t\t\t\t\t\t\t\t\t<div class=\"elementor-button-wrapper\">\n\t\t\t\t\t<a class=\"elementor-button elementor-button-link elementor-size-lg\" href=\"https:\/\/www.arias-france.fr\/wp-content\/uploads\/2025\/03\/2025-03-18-Arias-France-Arbitration-Rules.pdf\" target=\"_blank\">\n\t\t\t\t\t\t<span class=\"elementor-button-content-wrapper\">\n\t\t\t\t\t\t\t\t\t<span class=\"elementor-button-text\">Down\u00adload <br>Arbi\u00adtra\u00adtion rules<\/span>\n\t\t\t\t\t<\/span>\n\t\t\t\t\t<\/a>\n\t\t\t\t<\/div>\n\t\t\t\t\t\t\t\t<\/div>\n\t\t\t\t<\/div>\n\t\t\t\t\t<\/div>\n\t\t<\/div>\n\t\t\t\t<div class=\"elementor-column elementor-col-50 elementor-inner-column elementor-element elementor-element-3697d29\" data-id=\"3697d29\" data-element_type=\"column\" data-e-type=\"column\">\n\t\t\t<div class=\"elementor-widget-wrap elementor-element-populated\">\n\t\t\t\t\t\t<div class=\"elementor-element elementor-element-cd8023c elementor-widget__width-initial elementor-widget elementor-widget-text-editor\" data-id=\"cd8023c\" data-element_type=\"widget\" data-e-type=\"widget\" data-widget_type=\"text-editor.default\">\n\t\t\t\t<div class=\"elementor-widget-container\">\n\t\t\t\t\t\t\t\t\t<p>This reg\u00adu\u00adla\u00adtion applies by right to any refer\u00adral to the Cen\u00adter after July 26, 2024.<\/p>\t\t\t\t\t\t\t\t<\/div>\n\t\t\t\t<\/div>\n\t\t\t\t\t<\/div>\n\t\t<\/div>\n\t\t\t\t\t<\/div>\n\t\t<\/section>\n\t\t\t\t<section class=\"elementor-section elementor-inner-section elementor-element elementor-element-0f5cbbe elementor-section-boxed elementor-section-height-default elementor-section-height-default\" data-id=\"0f5cbbe\" data-element_type=\"section\" data-e-type=\"section\">\n\t\t\t\t\t\t<div class=\"elementor-container elementor-column-gap-default\">\n\t\t\t\t\t<div class=\"elementor-column elementor-col-50 elementor-inner-column elementor-element elementor-element-2aabebd\" data-id=\"2aabebd\" data-element_type=\"column\" data-e-type=\"column\">\n\t\t\t<div class=\"elementor-widget-wrap elementor-element-populated\">\n\t\t\t\t\t\t<div class=\"elementor-element elementor-element-1f39a87 elementor-widget elementor-widget-button\" data-id=\"1f39a87\" data-element_type=\"widget\" data-e-type=\"widget\" data-widget_type=\"button.default\">\n\t\t\t\t<div class=\"elementor-widget-container\">\n\t\t\t\t\t\t\t\t\t<div class=\"elementor-button-wrapper\">\n\t\t\t\t\t<a class=\"elementor-button elementor-button-link elementor-size-lg\" href=\"https:\/\/www.arias-france.fr\/wp-content\/uploads\/2025\/03\/2025-03-18-Expedited-Arbitration-Rules.pdf\" target=\"_blank\">\n\t\t\t\t\t\t<span class=\"elementor-button-content-wrapper\">\n\t\t\t\t\t\t\t\t\t<span class=\"elementor-button-text\">Down\u00adload<br>Expe\u00addit\u00aded pro\u00adce\u00addure arbi\u00adtra\u00adtion rules<\/span>\n\t\t\t\t\t<\/span>\n\t\t\t\t\t<\/a>\n\t\t\t\t<\/div>\n\t\t\t\t\t\t\t\t<\/div>\n\t\t\t\t<\/div>\n\t\t\t\t\t<\/div>\n\t\t<\/div>\n\t\t\t\t<div class=\"elementor-column elementor-col-50 elementor-inner-column elementor-element elementor-element-67dd4ea\" data-id=\"67dd4ea\" data-element_type=\"column\" data-e-type=\"column\">\n\t\t\t<div class=\"elementor-widget-wrap elementor-element-populated\">\n\t\t\t\t\t\t<div class=\"elementor-element elementor-element-252fe0b elementor-widget__width-initial elementor-widget elementor-widget-text-editor\" data-id=\"252fe0b\" data-element_type=\"widget\" data-e-type=\"widget\" data-widget_type=\"text-editor.default\">\n\t\t\t\t<div class=\"elementor-widget-container\">\n\t\t\t\t\t\t\t\t\t<p>The expe\u00addit\u00aded pro\u00adce\u00addure aims to resolve small\u00ader-scale dis\u00adputes quick\u00adly and at a&nbsp;low\u00ader cost for cas\u00ades with a&nbsp;lim\u00adit\u00aded amount in dis\u00adpute. This pro\u00adce\u00addure is an inte\u00adgral part of the arbi\u00adtra\u00adtion rules.<\/p>\t\t\t\t\t\t\t\t<\/div>\n\t\t\t\t<\/div>\n\t\t\t\t\t<\/div>\n\t\t<\/div>\n\t\t\t\t\t<\/div>\n\t\t<\/section>\n\t\t\t\t\t<\/div>\n\t\t<\/div>\n\t\t\t\t\t<\/div>\n\t\t<\/section>\n\t\t\t\t<\/div>","protected":false},"excerpt":{"rendered":"<p>Arbi\u00adtra\u00adtion ARIAS France has a&nbsp;set of rules enabling arbi\u00adtra\u00adtion pro\u00adceed\u00adings to be man\u00adaged effi\u00adcient\u00adly, quick\u00adly and secure\u00adly, at capped costs. Arbi\u00adtra\u00adtion Rules Down\u00adload the Arbi\u00adtra\u00adtion Rules These rules apply auto\u00admat\u00adi\u00adcal\u00adly to any refer\u00adral to the Cen\u00adter after July 26, 2024 Down\u00adload the Expe\u00addit\u00aded Pro\u00adce\u00addure Rules The expe\u00addit\u00aded pro\u00adce\u00addure [\u2026]<\/p>","protected":false},"author":1,"featured_media":0,"parent":613,"menu_order":0,"comment_status":"closed","ping_status":"closed","template":"","meta":{"_acf_changed":false,"wp_typography_post_enhancements_disabled":false,"footnotes":""},"class_list":["post-4088","page","type-page","status-publish","hentry"],"acf":[],"yoast_head":"<!-- This site is optimized with the Yoast SEO plugin v26.9 - https:\/\/yoast.com\/product\/yoast-seo-wordpress\/ -->\n<title>R\u00e8glements d&#039;Arbitrage - Arias France<\/title>\n<meta name=\"robots\" content=\"index, follow, max-snippet:-1, max-image-preview:large, max-video-preview:-1\" \/>\n<link rel=\"canonical\" href=\"https:\/\/www.arias-france.fr\/en\/arbitration\/refereeing-rules\/\" \/>\n<meta property=\"og:locale\" content=\"en_US\" \/>\n<meta property=\"og:type\" content=\"article\" \/>\n<meta property=\"og:title\" content=\"R\u00e8glements d&#039;Arbitrage - Arias France\" \/>\n<meta property=\"og:description\" content=\"Arbitrage ARIAS France dispose d\u2019un r\u00e8glement permettant la gestion des proc\u00e9dures d\u2019arbitrage dans un cadre efficace, rapide et s\u00fbr,\u00a0\u00e0 des co\u00fbts plafonn\u00e9s. R\u00e9glement d&rsquo;Arbitrage T\u00e9l\u00e9charger le R\u00e8glement d&rsquo;Arbitrage Le pr\u00e9sent r\u00e8glement est applicable de plein droit pour toute saisine du Centre post\u00e9rieure au 26 juillet 2024 T\u00e9l\u00e9charger le R\u00e9glement de proc\u00e9dure acc\u00e9l\u00e9r\u00e9e La proc\u00e9dure acc\u00e9l\u00e9r\u00e9e [&hellip;]\" \/>\n<meta property=\"og:url\" content=\"https:\/\/www.arias-france.fr\/en\/arbitration\/refereeing-rules\/\" \/>\n<meta property=\"og:site_name\" content=\"Arias France\" \/>\n<meta property=\"article:modified_time\" content=\"2025-05-06T08:33:23+00:00\" \/>\n<meta property=\"og:image\" content=\"https:\/\/www.arias-france.fr\/wp-content\/uploads\/2023\/05\/Alb_2280_2000_795_imgO_280318_141847-1024x360.png\" \/>\n\t<meta property=\"og:image:width\" content=\"1024\" \/>\n\t<meta property=\"og:image:height\" content=\"360\" \/>\n\t<meta property=\"og:image:type\" content=\"image\/png\" \/>\n<meta name=\"twitter:card\" content=\"summary_large_image\" \/>\n<meta name=\"twitter:label1\" content=\"Est. reading time\" \/>\n\t<meta name=\"twitter:data1\" content=\"1 minute\" \/>\n<script type=\"application\/ld+json\" class=\"yoast-schema-graph\">{\"@context\":\"https:\/\/schema.org\",\"@graph\":[{\"@type\":\"WebPage\",\"@id\":\"https:\/\/www.arias-france.fr\/arbitrage\/reglements-darbitrage\/\",\"url\":\"https:\/\/www.arias-france.fr\/arbitrage\/reglements-darbitrage\/\",\"name\":\"R\u00e8glements d'Arbitrage - Arias France\",\"isPartOf\":{\"@id\":\"https:\/\/www.arias-france.fr\/#website\"},\"datePublished\":\"2023-12-12T10:06:44+00:00\",\"dateModified\":\"2025-05-06T08:33:23+00:00\",\"breadcrumb\":{\"@id\":\"https:\/\/www.arias-france.fr\/arbitrage\/reglements-darbitrage\/#breadcrumb\"},\"inLanguage\":\"en-US\",\"potentialAction\":[{\"@type\":\"ReadAction\",\"target\":[\"https:\/\/www.arias-france.fr\/arbitrage\/reglements-darbitrage\/\"]}]},{\"@type\":\"BreadcrumbList\",\"@id\":\"https:\/\/www.arias-france.fr\/arbitrage\/reglements-darbitrage\/#breadcrumb\",\"itemListElement\":[{\"@type\":\"ListItem\",\"position\":1,\"name\":\"Home\",\"item\":\"https:\/\/www.arias-france.fr\/\"},{\"@type\":\"ListItem\",\"position\":2,\"name\":\"Qu\u2019est-ce que l&rsquo;Arbitrage ?\",\"item\":\"https:\/\/www.arias-france.fr\/arbitrage\/\"},{\"@type\":\"ListItem\",\"position\":3,\"name\":\"R\u00e8glements d&rsquo;Arbitrage\"}]},{\"@type\":\"WebSite\",\"@id\":\"https:\/\/www.arias-france.fr\/#website\",\"url\":\"https:\/\/www.arias-france.fr\/\",\"name\":\"Arias France\",\"description\":\"L&#039;arbitrage et la m\u00e9diation au service du monde de l&#039;assurance\",\"publisher\":{\"@id\":\"https:\/\/www.arias-france.fr\/#organization\"},\"potentialAction\":[{\"@type\":\"SearchAction\",\"target\":{\"@type\":\"EntryPoint\",\"urlTemplate\":\"https:\/\/www.arias-france.fr\/?s={search_term_string}\"},\"query-input\":{\"@type\":\"PropertyValueSpecification\",\"valueRequired\":true,\"valueName\":\"search_term_string\"}}],\"inLanguage\":\"en-US\"},{\"@type\":\"Organization\",\"@id\":\"https:\/\/www.arias-france.fr\/#organization\",\"name\":\"Arias France\",\"url\":\"https:\/\/www.arias-france.fr\/\",\"logo\":{\"@type\":\"ImageObject\",\"inLanguage\":\"en-US\",\"@id\":\"https:\/\/www.arias-france.fr\/#\/schema\/logo\/image\/\",\"url\":\"https:\/\/www.arias-france.fr\/wp-content\/uploads\/2023\/04\/Icone_ARIAS_RVB.png\",\"contentUrl\":\"https:\/\/www.arias-france.fr\/wp-content\/uploads\/2023\/04\/Icone_ARIAS_RVB.png\",\"width\":1726,\"height\":1723,\"caption\":\"Arias France\"},\"image\":{\"@id\":\"https:\/\/www.arias-france.fr\/#\/schema\/logo\/image\/\"}}]}<\/script>\n<!-- \/ Yoast SEO plugin. -->","yoast_head_json":{"title":"Arbi\u00adtra\u00adtion Rules\u2009\u2014\u2009Arias France","robots":{"index":"index","follow":"follow","max-snippet":"max-snippet:-1","max-image-preview":"max-image-preview:large","max-video-preview":"max-video-preview:-1"},"canonical":"https:\/\/www.arias-france.fr\/en\/arbitration\/refereeing-rules\/","og_locale":"en_US","og_type":"article","og_title":"R\u00e8glements d'Arbitrage - Arias France","og_description":"Arbitrage ARIAS France dispose d\u2019un r\u00e8glement permettant la gestion des proc\u00e9dures d\u2019arbitrage dans un cadre efficace, rapide et s\u00fbr,\u00a0\u00e0 des co\u00fbts plafonn\u00e9s. R\u00e9glement d&rsquo;Arbitrage T\u00e9l\u00e9charger le R\u00e8glement d&rsquo;Arbitrage Le pr\u00e9sent r\u00e8glement est applicable de plein droit pour toute saisine du Centre post\u00e9rieure au 26 juillet 2024 T\u00e9l\u00e9charger le R\u00e9glement de proc\u00e9dure acc\u00e9l\u00e9r\u00e9e La proc\u00e9dure acc\u00e9l\u00e9r\u00e9e [&hellip;]","og_url":"https:\/\/www.arias-france.fr\/en\/arbitration\/refereeing-rules\/","og_site_name":"Arias France","article_modified_time":"2025-05-06T08:33:23+00:00","og_image":[{"width":1024,"height":360,"url":"https:\/\/www.arias-france.fr\/wp-content\/uploads\/2023\/05\/Alb_2280_2000_795_imgO_280318_141847-1024x360.png","type":"image\/png"}],"twitter_card":"summary_large_image","twitter_misc":{"Est. reading time":"1 minute"},"schema":{"@context":"https:\/\/schema.org","@graph":[{"@type":"WebPage","@id":"https:\/\/www.arias-france.fr\/arbitrage\/reglements-darbitrage\/","url":"https:\/\/www.arias-france.fr\/arbitrage\/reglements-darbitrage\/","name":"Arbi\u00adtra\u00adtion Rules\u2009\u2014\u2009Arias France","isPartOf":{"@id":"https:\/\/www.arias-france.fr\/#website"},"datePublished":"2023-12-12T10:06:44+00:00","dateModified":"2025-05-06T08:33:23+00:00","breadcrumb":{"@id":"https:\/\/www.arias-france.fr\/arbitrage\/reglements-darbitrage\/#breadcrumb"},"inLanguage":"en-US","potentialAction":[{"@type":"ReadAction","target":["https:\/\/www.arias-france.fr\/arbitrage\/reglements-darbitrage\/"]}]},{"@type":"BreadcrumbList","@id":"https:\/\/www.arias-france.fr\/arbitrage\/reglements-darbitrage\/#breadcrumb","itemListElement":[{"@type":"ListItem","position":1,"name":"Home","item":"https:\/\/www.arias-france.fr\/"},{"@type":"ListItem","position":2,"name":"Qu\u2019est-ce que l&rsquo;Arbitrage ?","item":"https:\/\/www.arias-france.fr\/arbitrage\/"},{"@type":"ListItem","position":3,"name":"R\u00e8glements d&rsquo;Arbitrage"}]},{"@type":"WebSite","@id":"https:\/\/www.arias-france.fr\/#website","url":"https:\/\/www.arias-france.fr\/","name":"Arias France","description":"Arbi\u00adtra\u00adtion and medi\u00ada\u00adtion for the insur\u00adance indus\u00adtry","publisher":{"@id":"https:\/\/www.arias-france.fr\/#organization"},"potentialAction":[{"@type":"SearchAction","target":{"@type":"EntryPoint","urlTemplate":"https:\/\/www.arias-france.fr\/?s={search_term_string}"},"query-input":{"@type":"PropertyValueSpecification","valueRequired":true,"valueName":"search_term_string"}}],"inLanguage":"en-US"},{"@type":"Organization","@id":"https:\/\/www.arias-france.fr\/#organization","name":"Arias France","url":"https:\/\/www.arias-france.fr\/","logo":{"@type":"ImageObject","inLanguage":"en-US","@id":"https:\/\/www.arias-france.fr\/#\/schema\/logo\/image\/","url":"https:\/\/www.arias-france.fr\/wp-content\/uploads\/2023\/04\/Icone_ARIAS_RVB.png","contentUrl":"https:\/\/www.arias-france.fr\/wp-content\/uploads\/2023\/04\/Icone_ARIAS_RVB.png","width":1726,"height":1723,"caption":"Arias France"},"image":{"@id":"https:\/\/www.arias-france.fr\/#\/schema\/logo\/image\/"}}]}},"_links":{"self":[{"href":"https:\/\/www.arias-france.fr\/en\/wp-json\/wp\/v2\/pages\/4088","targetHints":{"allow":["GET"]}}],"collection":[{"href":"https:\/\/www.arias-france.fr\/en\/wp-json\/wp\/v2\/pages"}],"about":[{"href":"https:\/\/www.arias-france.fr\/en\/wp-json\/wp\/v2\/types\/page"}],"author":[{"embeddable":true,"href":"https:\/\/www.arias-france.fr\/en\/wp-json\/wp\/v2\/users\/1"}],"replies":[{"embeddable":true,"href":"https:\/\/www.arias-france.fr\/en\/wp-json\/wp\/v2\/comments?post=4088"}],"version-history":[{"count":0,"href":"https:\/\/www.arias-france.fr\/en\/wp-json\/wp\/v2\/pages\/4088\/revisions"}],"up":[{"embeddable":true,"href":"https:\/\/www.arias-france.fr\/en\/wp-json\/wp\/v2\/pages\/613"}],"wp:attachment":[{"href":"https:\/\/www.arias-france.fr\/en\/wp-json\/wp\/v2\/media?parent=4088"}],"curies":[{"name":"wp","href":"https:\/\/api.w.org\/{rel}","templated":true}]}}