{"id":4093,"date":"2023-12-12T11:08:45","date_gmt":"2023-12-12T10:08:45","guid":{"rendered":"https:\/\/www.arias-france.fr\/?page_id=4093"},"modified":"2025-05-06T16:50:39","modified_gmt":"2025-05-06T14:50:39","slug":"refereeing-schedule","status":"publish","type":"page","link":"https:\/\/www.arias-france.fr\/en\/arbitration\/refereeing-schedule\/","title":{"rendered":"Arbi\u00adtra\u00adtion scale"},"content":{"rendered":"<div data-elementor-type=\"wp-page\" data-elementor-id=\"4093\" class=\"elementor elementor-4093\" data-elementor-post-type=\"page\">\n\t\t\t\t\t\t<section class=\"elementor-section elementor-top-section elementor-element elementor-element-c53a058 elementor-section-height-min-height elementor-section-boxed elementor-section-height-default elementor-section-items-middle\" data-id=\"c53a058\" data-element_type=\"section\" data-e-type=\"section\" data-settings=\"{&quot;background_background&quot;:&quot;classic&quot;}\">\n\t\t\t\t\t\t<div class=\"elementor-container elementor-column-gap-default\">\n\t\t\t\t\t<div class=\"elementor-column elementor-col-100 elementor-top-column elementor-element elementor-element-2505fcb\" data-id=\"2505fcb\" data-element_type=\"column\" data-e-type=\"column\">\n\t\t\t<div class=\"elementor-widget-wrap elementor-element-populated\">\n\t\t\t\t\t\t<div class=\"elementor-element elementor-element-316a2da elementor-widget elementor-widget-heading\" data-id=\"316a2da\" data-element_type=\"widget\" data-e-type=\"widget\" data-widget_type=\"heading.default\">\n\t\t\t\t<div class=\"elementor-widget-container\">\n\t\t\t\t\t<h1 class=\"elementor-heading-title elementor-size-default\">Arbitration<\/h1>\t\t\t\t<\/div>\n\t\t\t\t<\/div>\n\t\t\t\t\t<\/div>\n\t\t<\/div>\n\t\t\t\t\t<\/div>\n\t\t<\/section>\n\t\t\t\t<section class=\"elementor-section elementor-top-section elementor-element elementor-element-89cbd64 elementor-section-boxed elementor-section-height-default elementor-section-height-default\" data-id=\"89cbd64\" data-element_type=\"section\" data-e-type=\"section\">\n\t\t\t\t\t\t<div class=\"elementor-container elementor-column-gap-default\">\n\t\t\t\t\t<div class=\"elementor-column elementor-col-100 elementor-top-column elementor-element elementor-element-0f5109a\" data-id=\"0f5109a\" data-element_type=\"column\" data-e-type=\"column\">\n\t\t\t<div class=\"elementor-widget-wrap elementor-element-populated\">\n\t\t\t\t\t\t<div class=\"elementor-element elementor-element-c3c5e7a elementor-widget elementor-widget-heading\" data-id=\"c3c5e7a\" data-element_type=\"widget\" data-e-type=\"widget\" data-widget_type=\"heading.default\">\n\t\t\t\t<div class=\"elementor-widget-container\">\n\t\t\t\t\t<h2 class=\"elementor-heading-title elementor-size-default\">Arbitration scale<\/h2>\t\t\t\t<\/div>\n\t\t\t\t<\/div>\n\t\t\t\t<div class=\"elementor-element elementor-element-eca3733 elementor-widget-tablet__width-initial elementor-widget elementor-widget-toggle\" data-id=\"eca3733\" data-element_type=\"widget\" data-e-type=\"widget\" data-widget_type=\"toggle.default\">\n\t\t\t\t<div class=\"elementor-widget-container\">\n\t\t\t\t\t\t\t<div class=\"elementor-toggle\">\n\t\t\t\t\t\t\t<div class=\"elementor-toggle-item\">\n\t\t\t\t\t<div id=\"elementor-tab-title-2481\" class=\"elementor-tab-title\" data-tab=\"1\" role=\"button\" aria-controls=\"elementor-tab-content-2481\" aria-expanded=\"false\">\n\t\t\t\t\t\t\t\t\t\t\t\t<span class=\"elementor-toggle-icon elementor-toggle-icon-right\" aria-hidden=\"true\">\n\t\t\t\t\t\t\t\t\t\t\t\t\t\t\t<span class=\"elementor-toggle-icon-closed\"><i class=\"fas fa-caret-right\"><\/i><\/span>\n\t\t\t\t\t\t\t\t<span class=\"elementor-toggle-icon-opened\"><i class=\"elementor-toggle-icon-opened fas fa-caret-up\"><\/i><\/span>\n\t\t\t\t\t\t\t\t\t\t\t\t\t<\/span>\n\t\t\t\t\t\t\t\t\t\t\t\t<a class=\"elementor-toggle-title\" tabindex=\"0\">Sched\u00adules of arbi\u00adtra\u00adtion costs and fees<\/a>\n\t\t\t\t\t<\/div>\n\n\t\t\t\t\t<div id=\"elementor-tab-content-2481\" class=\"elementor-tab-content elementor-clearfix\" data-tab=\"1\" role=\"region\" aria-labelledby=\"elementor-tab-title-2481\"><h3>Opening fee excl&nbsp;:<\/h3><p>Fixed fee of \u20ac2,500 payable on open\u00ading by the appli\u00adcant and non-refund\u00adable.<\/p><h3>Scale excl. VAT according to disputes<\/h3><table cellspacing=\"0\"><tbody><tr><td rowspan=\"2\" bgcolor=\"#C5D9F0\"><p class=\"s4\">For a&nbsp;lit\u00adi\u00adga\u00adtion amount of&nbsp;:<\/p><\/td><td colspan=\"2\" bgcolor=\"#C5D9F0\"><p class=\"s5\">A ref\u00ader\u00adee<\/p><\/td><td colspan=\"2\" bgcolor=\"#C5D9F0\"><p class=\"s5\">Three ref\u00ader\u00adees<\/p><\/td><\/tr><tr><td bgcolor=\"#C5D9F0\"><p class=\"s4\">Min\u00adi\u00admum<\/p><\/td><td bgcolor=\"#C5D9F0\"><p class=\"s4\">Max\u00adi\u00admum<\/p><\/td><td bgcolor=\"#C5D9F0\"><p class=\"s4\">Min\u00adi\u00admum<\/p><\/td><td bgcolor=\"#C5D9F0\"><p class=\"s4\">Max\u00adi\u00admum<\/p><\/td><\/tr><tr><td><p class=\"s4\">Up to \u20ac50,000<\/p><\/td><td><p class=\"s5\">6 000 \u20ac<\/p><\/td><td><p class=\"s5\">8 000 \u20ac<\/p><\/td><td><p class=\"s5\">15 000 \u20ac<\/p><\/td><td><p class=\"s5\">20 000 \u20ac<\/p><\/td><\/tr><tr><td><p class=\"s4\">From \u20ac50,000 to \u20ac125,000<\/p><\/td><td><p class=\"s5\">7 000 \u20ac<\/p><\/td><td><p class=\"s5\">9 000 \u20ac<\/p><\/td><td><p class=\"s5\">17 500 \u20ac<\/p><\/td><td><p class=\"s5\">22 500 \u20ac<\/p><\/td><\/tr><tr><td><p class=\"s4\">From \u20ac125,000 to \u20ac250,000<\/p><\/td><td><p class=\"s5\">8 000 \u20ac<\/p><\/td><td><p class=\"s5\">10 000 \u20ac<\/p><\/td><td><p class=\"s5\">20 000 \u20ac<\/p><\/td><td><p class=\"s5\">25 000 \u20ac<\/p><\/td><\/tr><tr><td><p class=\"s4\">From \u20ac250,000 to \u20ac500,000<\/p><\/td><td><p class=\"s5\">10 000 \u20ac<\/p><\/td><td><p class=\"s5\">15 000 \u20ac<\/p><\/td><td><p class=\"s5\">25 000 \u20ac<\/p><\/td><td><p class=\"s5\">37 500 \u20ac<\/p><\/td><\/tr><tr><td><p class=\"s4\">From \u20ac500,000 to \u20ac1,000,000<\/p><\/td><td><p class=\"s5\">12 000 \u20ac<\/p><\/td><td><p class=\"s5\">30 000 \u20ac<\/p><\/td><td><p class=\"s5\">30 000 \u20ac<\/p><\/td><td><p class=\"s5\">75 000 \u20ac<\/p><\/td><\/tr><tr><td><p class=\"s4\">From \u20ac1,000,000 to \u20ac2,000,000<\/p><\/td><td><p class=\"s5\">25 000 \u20ac<\/p><\/td><td><p class=\"s5\">40 000 \u20ac<\/p><\/td><td><p class=\"s5\">75 000 \u20ac<\/p><\/td><td><p class=\"s5\">120 000 \u20ac<\/p><\/td><\/tr><tr><td><p class=\"s4\">From \u20ac2,000,000 to \u20ac10,000,000<\/p><\/td><td colspan=\"2\"><p class=\"s5\">N\/A<\/p><\/td><td><p class=\"s5\">80 000 \u20ac<\/p><\/td><td><p class=\"s5\">180 000 \u20ac<\/p><\/td><\/tr><tr><td><p class=\"s4\">More than \u20ac10,000,000<\/p><\/td><td colspan=\"2\"><p class=\"s5\">N\/A<\/p><\/td><td><p class=\"s5\">140 000 \u20ac<\/p><\/td><td><p class=\"s5\">300 000 \u20ac<\/p><\/td><\/tr><\/tbody><\/table><ol id=\"l2\"><li><p>The instal\u00adments are deter\u00admined by the Arbi\u00adtra\u00adtion Com\u00admis\u00adsion on the basis of the cumu\u00adla\u00adtive total of prin\u00adci\u00adpal and coun\u00adter\u00adclaims, assessed at the time of sub\u00admis\u00adsion of the last briefs.<\/p><p>A pro\u00advi\u00adsion is paid at the out\u00adset of the dis\u00adpute, cal\u00adcu\u00adlat\u00aded by the Com\u00admis\u00adsion on the basis of the infor\u00adma\u00adtion in its pos\u00adses\u00adsion.<\/p><\/li><li><p>In the event of an arbi\u00adtra\u00adtion being set\u00adtled or aban\u00addoned dur\u00ading the course of the pro\u00adceed\u00adings, the Com\u00admis\u00adsion will deter\u00admine whether to lim\u00adit costs and fees and in what pro\u00adpor\u00adtion.<\/p><\/li><li><p>Where there are three arbi\u00adtra\u00adtors, and unless oth\u00ader\u00adwise agreed between them, the fees will be divid\u00aded as fol\u00adlows&nbsp;: 40% for the Chair\u00adman and 30% for each co-arbi\u00adtra\u00adtor.<\/p><\/li><li><p>The Cen\u00adtre retains 8% HT of the above amounts for its admin\u00adis\u00adtra\u00adtive costs.<\/p><\/li><\/ol><\/div>\n\t\t\t\t<\/div>\n\t\t\t\t\t\t\t<div class=\"elementor-toggle-item\">\n\t\t\t\t\t<div id=\"elementor-tab-title-2482\" class=\"elementor-tab-title\" data-tab=\"2\" role=\"button\" aria-controls=\"elementor-tab-content-2482\" aria-expanded=\"false\">\n\t\t\t\t\t\t\t\t\t\t\t\t<span class=\"elementor-toggle-icon elementor-toggle-icon-right\" aria-hidden=\"true\">\n\t\t\t\t\t\t\t\t\t\t\t\t\t\t\t<span class=\"elementor-toggle-icon-closed\"><i class=\"fas fa-caret-right\"><\/i><\/span>\n\t\t\t\t\t\t\t\t<span class=\"elementor-toggle-icon-opened\"><i class=\"elementor-toggle-icon-opened fas fa-caret-up\"><\/i><\/span>\n\t\t\t\t\t\t\t\t\t\t\t\t\t<\/span>\n\t\t\t\t\t\t\t\t\t\t\t\t<a class=\"elementor-toggle-title\" tabindex=\"0\">Scale of costs and fees for fast-track pro\u00adce\u00addures<\/a>\n\t\t\t\t\t<\/div>\n\n\t\t\t\t\t<div id=\"elementor-tab-content-2482\" class=\"elementor-tab-content elementor-clearfix\" data-tab=\"2\" role=\"region\" aria-labelledby=\"elementor-tab-title-2482\"><h3 class=\"s2\"><span class=\"s3\">Opening rights<\/span><\/h3><p class=\"s4\">Fixed fee of \u20ac800 (excl. VAT) retained by the Cen\u00adtre<\/p><h3 class=\"s2\"><span class=\"s3\">Expenses and fees<\/span><\/h3><p class=\"s4\">Fixed fee of \u20ac4,500 exclud\u00ading VAT, of which \u20ac360 retained by the Cen\u00adtre<\/p><ol><li style=\"list-style-type: none;\"><ol id=\"l2\"><li><p>The open\u00ading fees are divid\u00aded between the par\u00adties but advanced in full by the par\u00adty mak\u00ading the claim. In all cas\u00ades, they remain the prop\u00ader\u00adty of the cen\u00adter.<\/p><\/li><\/ol><\/li><\/ol><\/div>\n\t\t\t\t<\/div>\n\t\t\t\t\t\t\t\t<\/div>\n\t\t\t\t\t\t<\/div>\n\t\t\t\t<\/div>\n\t\t\t\t\t<\/div>\n\t\t<\/div>\n\t\t\t\t\t<\/div>\n\t\t<\/section>\n\t\t\t\t<\/div>","protected":false},"excerpt":{"rendered":"<p>Arbi\u00adtra\u00adtion Fee Sched\u00adule Arbi\u00adtra\u00adtion Fees and Charges Fil\u00ading Fee (exclud\u00ading VAT): Fixed fee of \u20ac2,500 payable upon fil\u00ading by the claimant and non-refund\u00adable. Fee Sched\u00adule (exclud\u00ading VAT) Based on Dis\u00adpute Val\u00adue For a&nbsp;dis\u00adpute amount of&nbsp;: One arbi\u00adtra\u00adtor Three arbi\u00adtra\u00adtors Min\u00adi\u00admum Max\u00adi\u00admum Min\u00adi\u00admum Max\u00adi\u00admum Up to \u20ac50,000 \u20ac6,000 \u20ac8 [\u2026]<\/p>","protected":false},"author":1,"featured_media":0,"parent":613,"menu_order":0,"comment_status":"closed","ping_status":"closed","template":"","meta":{"_acf_changed":false,"wp_typography_post_enhancements_disabled":false,"footnotes":""},"class_list":["post-4093","page","type-page","status-publish","hentry"],"acf":[],"yoast_head":"<!-- This site is optimized with the Yoast SEO plugin v26.9 - https:\/\/yoast.com\/product\/yoast-seo-wordpress\/ -->\n<title>Bar\u00e8me d&#039;Arbitrage - Arias France<\/title>\n<meta name=\"robots\" content=\"index, follow, max-snippet:-1, max-image-preview:large, max-video-preview:-1\" \/>\n<link rel=\"canonical\" href=\"https:\/\/www.arias-france.fr\/en\/arbitration\/refereeing-schedule\/\" \/>\n<meta property=\"og:locale\" content=\"en_US\" \/>\n<meta property=\"og:type\" content=\"article\" \/>\n<meta property=\"og:title\" content=\"Bar\u00e8me d&#039;Arbitrage - Arias France\" \/>\n<meta property=\"og:description\" content=\"Arbitrage Bar\u00e8me d&rsquo;Arbitrage Bar\u00e8mes des frais et honoraires d&rsquo;arbitrage Frais d\u2019ouverture HT : Forfait de 2 500 \u20ac payables \u00e0 l\u2019ouverture par le demandeur et non remboursables. Bar\u00e8me HT selon les litiges Pour un montant du litige de : Un arbitre Trois arbitres Minimum Maximum Minimum Maximum Jusqu\u2019\u00e0 50 000 \u20ac 6 000 \u20ac 8 [&hellip;]\" \/>\n<meta property=\"og:url\" content=\"https:\/\/www.arias-france.fr\/en\/arbitration\/refereeing-schedule\/\" \/>\n<meta property=\"og:site_name\" content=\"Arias France\" \/>\n<meta property=\"article:modified_time\" content=\"2025-05-06T14:50:39+00:00\" \/>\n<meta property=\"og:image\" content=\"https:\/\/www.arias-france.fr\/wp-content\/uploads\/2023\/05\/Alb_2280_2000_795_imgO_280318_141847-1024x360.png\" \/>\n\t<meta property=\"og:image:width\" content=\"1024\" \/>\n\t<meta property=\"og:image:height\" content=\"360\" \/>\n\t<meta property=\"og:image:type\" content=\"image\/png\" \/>\n<meta name=\"twitter:card\" content=\"summary_large_image\" \/>\n<meta name=\"twitter:label1\" content=\"Est. reading time\" \/>\n\t<meta name=\"twitter:data1\" content=\"2 minutes\" \/>\n<script type=\"application\/ld+json\" class=\"yoast-schema-graph\">{\"@context\":\"https:\/\/schema.org\",\"@graph\":[{\"@type\":\"WebPage\",\"@id\":\"https:\/\/www.arias-france.fr\/arbitrage\/bareme-darbitrage\/\",\"url\":\"https:\/\/www.arias-france.fr\/arbitrage\/bareme-darbitrage\/\",\"name\":\"Bar\u00e8me d'Arbitrage - Arias France\",\"isPartOf\":{\"@id\":\"https:\/\/www.arias-france.fr\/#website\"},\"datePublished\":\"2023-12-12T10:08:45+00:00\",\"dateModified\":\"2025-05-06T14:50:39+00:00\",\"breadcrumb\":{\"@id\":\"https:\/\/www.arias-france.fr\/arbitrage\/bareme-darbitrage\/#breadcrumb\"},\"inLanguage\":\"en-US\",\"potentialAction\":[{\"@type\":\"ReadAction\",\"target\":[\"https:\/\/www.arias-france.fr\/arbitrage\/bareme-darbitrage\/\"]}]},{\"@type\":\"BreadcrumbList\",\"@id\":\"https:\/\/www.arias-france.fr\/arbitrage\/bareme-darbitrage\/#breadcrumb\",\"itemListElement\":[{\"@type\":\"ListItem\",\"position\":1,\"name\":\"Home\",\"item\":\"https:\/\/www.arias-france.fr\/\"},{\"@type\":\"ListItem\",\"position\":2,\"name\":\"Qu\u2019est-ce que l&rsquo;Arbitrage ?\",\"item\":\"https:\/\/www.arias-france.fr\/arbitrage\/\"},{\"@type\":\"ListItem\",\"position\":3,\"name\":\"Bar\u00e8me d&rsquo;Arbitrage\"}]},{\"@type\":\"WebSite\",\"@id\":\"https:\/\/www.arias-france.fr\/#website\",\"url\":\"https:\/\/www.arias-france.fr\/\",\"name\":\"Arias France\",\"description\":\"L&#039;arbitrage et la m\u00e9diation au service du monde de l&#039;assurance\",\"publisher\":{\"@id\":\"https:\/\/www.arias-france.fr\/#organization\"},\"potentialAction\":[{\"@type\":\"SearchAction\",\"target\":{\"@type\":\"EntryPoint\",\"urlTemplate\":\"https:\/\/www.arias-france.fr\/?s={search_term_string}\"},\"query-input\":{\"@type\":\"PropertyValueSpecification\",\"valueRequired\":true,\"valueName\":\"search_term_string\"}}],\"inLanguage\":\"en-US\"},{\"@type\":\"Organization\",\"@id\":\"https:\/\/www.arias-france.fr\/#organization\",\"name\":\"Arias France\",\"url\":\"https:\/\/www.arias-france.fr\/\",\"logo\":{\"@type\":\"ImageObject\",\"inLanguage\":\"en-US\",\"@id\":\"https:\/\/www.arias-france.fr\/#\/schema\/logo\/image\/\",\"url\":\"https:\/\/www.arias-france.fr\/wp-content\/uploads\/2023\/04\/Icone_ARIAS_RVB.png\",\"contentUrl\":\"https:\/\/www.arias-france.fr\/wp-content\/uploads\/2023\/04\/Icone_ARIAS_RVB.png\",\"width\":1726,\"height\":1723,\"caption\":\"Arias France\"},\"image\":{\"@id\":\"https:\/\/www.arias-france.fr\/#\/schema\/logo\/image\/\"}}]}<\/script>\n<!-- \/ Yoast SEO plugin. -->","yoast_head_json":{"title":"Arbi\u00adtra\u00adtion scale\u2009\u2014\u2009Arias France","robots":{"index":"index","follow":"follow","max-snippet":"max-snippet:-1","max-image-preview":"max-image-preview:large","max-video-preview":"max-video-preview:-1"},"canonical":"https:\/\/www.arias-france.fr\/en\/arbitration\/refereeing-schedule\/","og_locale":"en_US","og_type":"article","og_title":"Bar\u00e8me d'Arbitrage - Arias France","og_description":"Arbitrage Bar\u00e8me d&rsquo;Arbitrage Bar\u00e8mes des frais et honoraires d&rsquo;arbitrage Frais d\u2019ouverture HT : Forfait de 2 500 \u20ac payables \u00e0 l\u2019ouverture par le demandeur et non remboursables. Bar\u00e8me HT selon les litiges Pour un montant du litige de : Un arbitre Trois arbitres Minimum Maximum Minimum Maximum Jusqu\u2019\u00e0 50 000 \u20ac 6 000 \u20ac 8 [&hellip;]","og_url":"https:\/\/www.arias-france.fr\/en\/arbitration\/refereeing-schedule\/","og_site_name":"Arias France","article_modified_time":"2025-05-06T14:50:39+00:00","og_image":[{"width":1024,"height":360,"url":"https:\/\/www.arias-france.fr\/wp-content\/uploads\/2023\/05\/Alb_2280_2000_795_imgO_280318_141847-1024x360.png","type":"image\/png"}],"twitter_card":"summary_large_image","twitter_misc":{"Est. reading time":"2 minutes"},"schema":{"@context":"https:\/\/schema.org","@graph":[{"@type":"WebPage","@id":"https:\/\/www.arias-france.fr\/arbitrage\/bareme-darbitrage\/","url":"https:\/\/www.arias-france.fr\/arbitrage\/bareme-darbitrage\/","name":"Arbi\u00adtra\u00adtion scale\u2009\u2014\u2009Arias France","isPartOf":{"@id":"https:\/\/www.arias-france.fr\/#website"},"datePublished":"2023-12-12T10:08:45+00:00","dateModified":"2025-05-06T14:50:39+00:00","breadcrumb":{"@id":"https:\/\/www.arias-france.fr\/arbitrage\/bareme-darbitrage\/#breadcrumb"},"inLanguage":"en-US","potentialAction":[{"@type":"ReadAction","target":["https:\/\/www.arias-france.fr\/arbitrage\/bareme-darbitrage\/"]}]},{"@type":"BreadcrumbList","@id":"https:\/\/www.arias-france.fr\/arbitrage\/bareme-darbitrage\/#breadcrumb","itemListElement":[{"@type":"ListItem","position":1,"name":"Home","item":"https:\/\/www.arias-france.fr\/"},{"@type":"ListItem","position":2,"name":"Qu\u2019est-ce que l&rsquo;Arbitrage ?","item":"https:\/\/www.arias-france.fr\/arbitrage\/"},{"@type":"ListItem","position":3,"name":"Bar\u00e8me d&rsquo;Arbitrage"}]},{"@type":"WebSite","@id":"https:\/\/www.arias-france.fr\/#website","url":"https:\/\/www.arias-france.fr\/","name":"Arias France","description":"Arbi\u00adtra\u00adtion and medi\u00ada\u00adtion for the insur\u00adance indus\u00adtry","publisher":{"@id":"https:\/\/www.arias-france.fr\/#organization"},"potentialAction":[{"@type":"SearchAction","target":{"@type":"EntryPoint","urlTemplate":"https:\/\/www.arias-france.fr\/?s={search_term_string}"},"query-input":{"@type":"PropertyValueSpecification","valueRequired":true,"valueName":"search_term_string"}}],"inLanguage":"en-US"},{"@type":"Organization","@id":"https:\/\/www.arias-france.fr\/#organization","name":"Arias France","url":"https:\/\/www.arias-france.fr\/","logo":{"@type":"ImageObject","inLanguage":"en-US","@id":"https:\/\/www.arias-france.fr\/#\/schema\/logo\/image\/","url":"https:\/\/www.arias-france.fr\/wp-content\/uploads\/2023\/04\/Icone_ARIAS_RVB.png","contentUrl":"https:\/\/www.arias-france.fr\/wp-content\/uploads\/2023\/04\/Icone_ARIAS_RVB.png","width":1726,"height":1723,"caption":"Arias France"},"image":{"@id":"https:\/\/www.arias-france.fr\/#\/schema\/logo\/image\/"}}]}},"_links":{"self":[{"href":"https:\/\/www.arias-france.fr\/en\/wp-json\/wp\/v2\/pages\/4093","targetHints":{"allow":["GET"]}}],"collection":[{"href":"https:\/\/www.arias-france.fr\/en\/wp-json\/wp\/v2\/pages"}],"about":[{"href":"https:\/\/www.arias-france.fr\/en\/wp-json\/wp\/v2\/types\/page"}],"author":[{"embeddable":true,"href":"https:\/\/www.arias-france.fr\/en\/wp-json\/wp\/v2\/users\/1"}],"replies":[{"embeddable":true,"href":"https:\/\/www.arias-france.fr\/en\/wp-json\/wp\/v2\/comments?post=4093"}],"version-history":[{"count":0,"href":"https:\/\/www.arias-france.fr\/en\/wp-json\/wp\/v2\/pages\/4093\/revisions"}],"up":[{"embeddable":true,"href":"https:\/\/www.arias-france.fr\/en\/wp-json\/wp\/v2\/pages\/613"}],"wp:attachment":[{"href":"https:\/\/www.arias-france.fr\/en\/wp-json\/wp\/v2\/media?parent=4093"}],"curies":[{"name":"wp","href":"https:\/\/api.w.org\/{rel}","templated":true}]}}