{"id":4102,"date":"2023-12-12T11:12:38","date_gmt":"2023-12-12T10:12:38","guid":{"rendered":"https:\/\/www.arias-france.fr\/?page_id=4102"},"modified":"2025-05-06T10:34:08","modified_gmt":"2025-05-06T08:34:08","slug":"refereeing-commission","status":"publish","type":"page","link":"https:\/\/www.arias-france.fr\/en\/arbitration\/refereeing-commission\/","title":{"rendered":"Arbi\u00adtra\u00adtion Com\u00admis\u00adsion"},"content":{"rendered":"<div data-elementor-type=\"wp-page\" data-elementor-id=\"4102\" class=\"elementor elementor-4102\" data-elementor-post-type=\"page\">\n\t\t\t\t\t\t<section class=\"elementor-section elementor-top-section elementor-element elementor-element-6a466f4 elementor-section-height-min-height elementor-section-boxed elementor-section-height-default elementor-section-items-middle\" data-id=\"6a466f4\" data-element_type=\"section\" data-e-type=\"section\" data-settings=\"{&quot;background_background&quot;:&quot;classic&quot;}\">\n\t\t\t\t\t\t<div class=\"elementor-container elementor-column-gap-default\">\n\t\t\t\t\t<div class=\"elementor-column elementor-col-100 elementor-top-column elementor-element elementor-element-9c32a8f\" data-id=\"9c32a8f\" data-element_type=\"column\" data-e-type=\"column\">\n\t\t\t<div class=\"elementor-widget-wrap elementor-element-populated\">\n\t\t\t\t\t\t<div class=\"elementor-element elementor-element-f97fc41 elementor-widget elementor-widget-heading\" data-id=\"f97fc41\" data-element_type=\"widget\" data-e-type=\"widget\" data-widget_type=\"heading.default\">\n\t\t\t\t<div class=\"elementor-widget-container\">\n\t\t\t\t\t<h1 class=\"elementor-heading-title elementor-size-default\">Arbitration<\/h1>\t\t\t\t<\/div>\n\t\t\t\t<\/div>\n\t\t\t\t\t<\/div>\n\t\t<\/div>\n\t\t\t\t\t<\/div>\n\t\t<\/section>\n\t\t\t\t<section class=\"elementor-section elementor-top-section elementor-element elementor-element-877fdd6 elementor-section-boxed elementor-section-height-default elementor-section-height-default\" data-id=\"877fdd6\" data-element_type=\"section\" data-e-type=\"section\">\n\t\t\t\t\t\t<div class=\"elementor-container elementor-column-gap-default\">\n\t\t\t\t\t<div class=\"elementor-column elementor-col-100 elementor-top-column elementor-element elementor-element-265c0b9\" data-id=\"265c0b9\" data-element_type=\"column\" data-e-type=\"column\">\n\t\t\t<div class=\"elementor-widget-wrap elementor-element-populated\">\n\t\t\t\t\t\t<div class=\"elementor-element elementor-element-e29f1c8 elementor-widget elementor-widget-heading\" data-id=\"e29f1c8\" data-element_type=\"widget\" data-e-type=\"widget\" data-widget_type=\"heading.default\">\n\t\t\t\t<div class=\"elementor-widget-container\">\n\t\t\t\t\t<h2 class=\"elementor-heading-title elementor-size-default\">Arbitration Commission<\/h2>\t\t\t\t<\/div>\n\t\t\t\t<\/div>\n\t\t\t\t<div class=\"elementor-element elementor-element-715a551 elementor-widget elementor-widget-text-editor\" data-id=\"715a551\" data-element_type=\"widget\" data-e-type=\"widget\" data-widget_type=\"text-editor.default\">\n\t\t\t\t<div class=\"elementor-widget-container\">\n\t\t\t\t\t\t\t\t\t<p>The Arbi\u00adtra\u00adtion Com\u00admis\u00adsion ensures that the Rules are applied and assists the Cen\u00adtre in the admin\u00adis\u00adtra\u00adtion of arbi\u00adtra\u00adtions sub\u00adject to the said Rules.<\/p><h3><strong>The members of the Arbitration Committee are as follows&nbsp;:<\/strong>&nbsp;<\/h3><ul><li>Marie-H\u00e9l\u00e8ne Bar\u00adtoli Val\u00adlet<\/li><li>Max\u00adimin de Font\u00admichel<\/li><li>Eric Evian<\/li><li>Thomas Granier<\/li><li>Sophie Gr\u00e9\u00admaud (Pres\u00adi\u00addent)<\/li><li>J\u00e9r\u00e9my Jour\u00addan Mar\u00adques<\/li><li>Car\u00ado\u00adline Klein\u00ader<\/li><li>Ir\u00e8ne L\u00e9ger<\/li><li>S\u00e9bastien P\u00e9pin<\/li><\/ul><div>&nbsp;<\/div><div>&nbsp;<\/div><p>Mem\u00adbers of the Com\u00admis\u00adsion under\u00adtake to respect the oblig\u00ada\u00adtions of inde\u00adpen\u00addence and impar\u00adtial\u00adi\u00adty set out in the Char\u00adter below.<\/p>\t\t\t\t\t\t\t\t<\/div>\n\t\t\t\t<\/div>\n\t\t\t\t<div class=\"elementor-element elementor-element-78cfb2b elementor-widget elementor-widget-button\" data-id=\"78cfb2b\" data-element_type=\"widget\" data-e-type=\"widget\" data-widget_type=\"button.default\">\n\t\t\t\t<div class=\"elementor-widget-container\">\n\t\t\t\t\t\t\t\t\t<div class=\"elementor-button-wrapper\">\n\t\t\t\t\t<a class=\"elementor-button elementor-button-link elementor-size-sm\" href=\"https:\/\/www.arias-france.fr\/wp-content\/uploads\/2025\/01\/Charte-sur-le-fonctionnement-de-la-commission-darbitrage.pdf\" target=\"_blank\">\n\t\t\t\t\t\t<span class=\"elementor-button-content-wrapper\">\n\t\t\t\t\t\t\t\t\t<span class=\"elementor-button-text\">Down\u00adload the Mem\u00adbers\u2019 Char\u00adter<\/span>\n\t\t\t\t\t<\/span>\n\t\t\t\t\t<\/a>\n\t\t\t\t<\/div>\n\t\t\t\t\t\t\t\t<\/div>\n\t\t\t\t<\/div>\n\t\t\t\t\t<\/div>\n\t\t<\/div>\n\t\t\t\t\t<\/div>\n\t\t<\/section>\n\t\t\t\t<section class=\"elementor-section elementor-top-section elementor-element elementor-element-cfae24e elementor-section-boxed elementor-section-height-default elementor-section-height-default\" data-id=\"cfae24e\" data-element_type=\"section\" data-e-type=\"section\">\n\t\t\t\t\t\t<div class=\"elementor-container elementor-column-gap-default\">\n\t\t\t\t\t<div class=\"elementor-column elementor-col-100 elementor-top-column elementor-element elementor-element-0916cb8\" data-id=\"0916cb8\" data-element_type=\"column\" data-e-type=\"column\">\n\t\t\t<div class=\"elementor-widget-wrap\">\n\t\t\t\t\t\t\t<\/div>\n\t\t<\/div>\n\t\t\t\t\t<\/div>\n\t\t<\/section>\n\t\t\t\t<\/div>","protected":false},"excerpt":{"rendered":"<p>Arbi\u00adtra\u00adtion Com\u00admis\u00adsion Arbi\u00adtra\u00adtion Com\u00admis\u00adsion The Arbi\u00adtra\u00adtion Com\u00admis\u00adsion ensures the appli\u00adca\u00adtion of the Rules and assists the Cen\u00adter in the admin\u00adis\u00adtra\u00adtion of arbi\u00adtra\u00adtions sub\u00admit\u00adted under said rules. The mem\u00adbers of the Arbi\u00adtra\u00adtion Com\u00admis\u00adsion are as fol\u00adlows&nbsp;: Marie-H\u00e9l\u00e8ne Bar\u00adtoli Val\u00adlet Max\u00adimin de Font\u00admichel Eric Evian Thomas Granier Sophie Gr\u00e9\u00admaud (pres\u00adi\u00addent) J\u00e9r\u00e9my Jour\u00addan Mar\u00adques Car\u00ado\u00adline Klein\u00ader Ir\u00e8ne L\u00e9ger S\u00e9bastien P\u00e9pin [\u2026]<\/p>","protected":false},"author":1,"featured_media":0,"parent":613,"menu_order":0,"comment_status":"closed","ping_status":"closed","template":"","meta":{"_acf_changed":false,"wp_typography_post_enhancements_disabled":false,"footnotes":""},"class_list":["post-4102","page","type-page","status-publish","hentry"],"acf":[],"yoast_head":"<!-- This site is optimized with the Yoast SEO plugin v26.9 - https:\/\/yoast.com\/product\/yoast-seo-wordpress\/ -->\n<title>Commission d&#039;Arbitrage - Arias France<\/title>\n<meta name=\"robots\" content=\"index, follow, max-snippet:-1, max-image-preview:large, max-video-preview:-1\" \/>\n<link rel=\"canonical\" href=\"https:\/\/www.arias-france.fr\/en\/arbitration\/refereeing-commission\/\" \/>\n<meta property=\"og:locale\" content=\"en_US\" \/>\n<meta property=\"og:type\" content=\"article\" \/>\n<meta property=\"og:title\" content=\"Commission d&#039;Arbitrage - Arias France\" \/>\n<meta property=\"og:description\" content=\"Arbitrage Commission d&rsquo;Arbitrage La Commission d\u2019Arbitrage veille \u00e0 l\u2019application du R\u00e8glement et assiste le Centre dans l\u2019administration des arbitrages soumis audit r\u00e8glement. Les membres de la Commission d&rsquo;arbitrage sont les suivants :\u00a0 Marie-H\u00e9l\u00e8ne Bartoli Vallet Maximin de Fontmichel Eric Evian Thomas Granier Sophie Gr\u00e9maud (pr\u00e9sidente) J\u00e9r\u00e9my Jourdan Marques Caroline Kleiner Ir\u00e8ne L\u00e9ger S\u00e9bastien P\u00e9pin \u00a0\u00a0 [&hellip;]\" \/>\n<meta property=\"og:url\" content=\"https:\/\/www.arias-france.fr\/en\/arbitration\/refereeing-commission\/\" \/>\n<meta property=\"og:site_name\" content=\"Arias France\" \/>\n<meta property=\"article:modified_time\" content=\"2025-05-06T08:34:08+00:00\" \/>\n<meta property=\"og:image\" content=\"https:\/\/www.arias-france.fr\/wp-content\/uploads\/2023\/05\/Alb_2280_2000_795_imgO_280318_141847-1024x360.png\" \/>\n\t<meta property=\"og:image:width\" content=\"1024\" \/>\n\t<meta property=\"og:image:height\" content=\"360\" \/>\n\t<meta property=\"og:image:type\" content=\"image\/png\" \/>\n<meta name=\"twitter:card\" content=\"summary_large_image\" \/>\n<meta name=\"twitter:label1\" content=\"Est. reading time\" \/>\n\t<meta name=\"twitter:data1\" content=\"1 minute\" \/>\n<script type=\"application\/ld+json\" class=\"yoast-schema-graph\">{\"@context\":\"https:\/\/schema.org\",\"@graph\":[{\"@type\":\"WebPage\",\"@id\":\"https:\/\/www.arias-france.fr\/arbitrage\/commission-darbitrage\/\",\"url\":\"https:\/\/www.arias-france.fr\/arbitrage\/commission-darbitrage\/\",\"name\":\"Commission d'Arbitrage - Arias France\",\"isPartOf\":{\"@id\":\"https:\/\/www.arias-france.fr\/#website\"},\"datePublished\":\"2023-12-12T10:12:38+00:00\",\"dateModified\":\"2025-05-06T08:34:08+00:00\",\"breadcrumb\":{\"@id\":\"https:\/\/www.arias-france.fr\/arbitrage\/commission-darbitrage\/#breadcrumb\"},\"inLanguage\":\"en-US\",\"potentialAction\":[{\"@type\":\"ReadAction\",\"target\":[\"https:\/\/www.arias-france.fr\/arbitrage\/commission-darbitrage\/\"]}]},{\"@type\":\"BreadcrumbList\",\"@id\":\"https:\/\/www.arias-france.fr\/arbitrage\/commission-darbitrage\/#breadcrumb\",\"itemListElement\":[{\"@type\":\"ListItem\",\"position\":1,\"name\":\"Home\",\"item\":\"https:\/\/www.arias-france.fr\/\"},{\"@type\":\"ListItem\",\"position\":2,\"name\":\"Qu\u2019est-ce que l&rsquo;Arbitrage ?\",\"item\":\"https:\/\/www.arias-france.fr\/arbitrage\/\"},{\"@type\":\"ListItem\",\"position\":3,\"name\":\"Commission d&rsquo;Arbitrage\"}]},{\"@type\":\"WebSite\",\"@id\":\"https:\/\/www.arias-france.fr\/#website\",\"url\":\"https:\/\/www.arias-france.fr\/\",\"name\":\"Arias France\",\"description\":\"L&#039;arbitrage et la m\u00e9diation au service du monde de l&#039;assurance\",\"publisher\":{\"@id\":\"https:\/\/www.arias-france.fr\/#organization\"},\"potentialAction\":[{\"@type\":\"SearchAction\",\"target\":{\"@type\":\"EntryPoint\",\"urlTemplate\":\"https:\/\/www.arias-france.fr\/?s={search_term_string}\"},\"query-input\":{\"@type\":\"PropertyValueSpecification\",\"valueRequired\":true,\"valueName\":\"search_term_string\"}}],\"inLanguage\":\"en-US\"},{\"@type\":\"Organization\",\"@id\":\"https:\/\/www.arias-france.fr\/#organization\",\"name\":\"Arias France\",\"url\":\"https:\/\/www.arias-france.fr\/\",\"logo\":{\"@type\":\"ImageObject\",\"inLanguage\":\"en-US\",\"@id\":\"https:\/\/www.arias-france.fr\/#\/schema\/logo\/image\/\",\"url\":\"https:\/\/www.arias-france.fr\/wp-content\/uploads\/2023\/04\/Icone_ARIAS_RVB.png\",\"contentUrl\":\"https:\/\/www.arias-france.fr\/wp-content\/uploads\/2023\/04\/Icone_ARIAS_RVB.png\",\"width\":1726,\"height\":1723,\"caption\":\"Arias France\"},\"image\":{\"@id\":\"https:\/\/www.arias-france.fr\/#\/schema\/logo\/image\/\"}}]}<\/script>\n<!-- \/ Yoast SEO plugin. -->","yoast_head_json":{"title":"Arbi\u00adtra\u00adtion Com\u00admis\u00adsion\u2009\u2014\u2009Arias France","robots":{"index":"index","follow":"follow","max-snippet":"max-snippet:-1","max-image-preview":"max-image-preview:large","max-video-preview":"max-video-preview:-1"},"canonical":"https:\/\/www.arias-france.fr\/en\/arbitration\/refereeing-commission\/","og_locale":"en_US","og_type":"article","og_title":"Commission d'Arbitrage - Arias France","og_description":"Arbitrage Commission d&rsquo;Arbitrage La Commission d\u2019Arbitrage veille \u00e0 l\u2019application du R\u00e8glement et assiste le Centre dans l\u2019administration des arbitrages soumis audit r\u00e8glement. Les membres de la Commission d&rsquo;arbitrage sont les suivants :\u00a0 Marie-H\u00e9l\u00e8ne Bartoli Vallet Maximin de Fontmichel Eric Evian Thomas Granier Sophie Gr\u00e9maud (pr\u00e9sidente) J\u00e9r\u00e9my Jourdan Marques Caroline Kleiner Ir\u00e8ne L\u00e9ger S\u00e9bastien P\u00e9pin \u00a0\u00a0 [&hellip;]","og_url":"https:\/\/www.arias-france.fr\/en\/arbitration\/refereeing-commission\/","og_site_name":"Arias France","article_modified_time":"2025-05-06T08:34:08+00:00","og_image":[{"width":1024,"height":360,"url":"https:\/\/www.arias-france.fr\/wp-content\/uploads\/2023\/05\/Alb_2280_2000_795_imgO_280318_141847-1024x360.png","type":"image\/png"}],"twitter_card":"summary_large_image","twitter_misc":{"Est. reading time":"1 minute"},"schema":{"@context":"https:\/\/schema.org","@graph":[{"@type":"WebPage","@id":"https:\/\/www.arias-france.fr\/arbitrage\/commission-darbitrage\/","url":"https:\/\/www.arias-france.fr\/arbitrage\/commission-darbitrage\/","name":"Arbi\u00adtra\u00adtion Com\u00admis\u00adsion\u2009\u2014\u2009Arias France","isPartOf":{"@id":"https:\/\/www.arias-france.fr\/#website"},"datePublished":"2023-12-12T10:12:38+00:00","dateModified":"2025-05-06T08:34:08+00:00","breadcrumb":{"@id":"https:\/\/www.arias-france.fr\/arbitrage\/commission-darbitrage\/#breadcrumb"},"inLanguage":"en-US","potentialAction":[{"@type":"ReadAction","target":["https:\/\/www.arias-france.fr\/arbitrage\/commission-darbitrage\/"]}]},{"@type":"BreadcrumbList","@id":"https:\/\/www.arias-france.fr\/arbitrage\/commission-darbitrage\/#breadcrumb","itemListElement":[{"@type":"ListItem","position":1,"name":"Home","item":"https:\/\/www.arias-france.fr\/"},{"@type":"ListItem","position":2,"name":"Qu\u2019est-ce que l&rsquo;Arbitrage ?","item":"https:\/\/www.arias-france.fr\/arbitrage\/"},{"@type":"ListItem","position":3,"name":"Commission d&rsquo;Arbitrage"}]},{"@type":"WebSite","@id":"https:\/\/www.arias-france.fr\/#website","url":"https:\/\/www.arias-france.fr\/","name":"Arias France","description":"Arbi\u00adtra\u00adtion and medi\u00ada\u00adtion for the insur\u00adance indus\u00adtry","publisher":{"@id":"https:\/\/www.arias-france.fr\/#organization"},"potentialAction":[{"@type":"SearchAction","target":{"@type":"EntryPoint","urlTemplate":"https:\/\/www.arias-france.fr\/?s={search_term_string}"},"query-input":{"@type":"PropertyValueSpecification","valueRequired":true,"valueName":"search_term_string"}}],"inLanguage":"en-US"},{"@type":"Organization","@id":"https:\/\/www.arias-france.fr\/#organization","name":"Arias France","url":"https:\/\/www.arias-france.fr\/","logo":{"@type":"ImageObject","inLanguage":"en-US","@id":"https:\/\/www.arias-france.fr\/#\/schema\/logo\/image\/","url":"https:\/\/www.arias-france.fr\/wp-content\/uploads\/2023\/04\/Icone_ARIAS_RVB.png","contentUrl":"https:\/\/www.arias-france.fr\/wp-content\/uploads\/2023\/04\/Icone_ARIAS_RVB.png","width":1726,"height":1723,"caption":"Arias France"},"image":{"@id":"https:\/\/www.arias-france.fr\/#\/schema\/logo\/image\/"}}]}},"_links":{"self":[{"href":"https:\/\/www.arias-france.fr\/en\/wp-json\/wp\/v2\/pages\/4102","targetHints":{"allow":["GET"]}}],"collection":[{"href":"https:\/\/www.arias-france.fr\/en\/wp-json\/wp\/v2\/pages"}],"about":[{"href":"https:\/\/www.arias-france.fr\/en\/wp-json\/wp\/v2\/types\/page"}],"author":[{"embeddable":true,"href":"https:\/\/www.arias-france.fr\/en\/wp-json\/wp\/v2\/users\/1"}],"replies":[{"embeddable":true,"href":"https:\/\/www.arias-france.fr\/en\/wp-json\/wp\/v2\/comments?post=4102"}],"version-history":[{"count":0,"href":"https:\/\/www.arias-france.fr\/en\/wp-json\/wp\/v2\/pages\/4102\/revisions"}],"up":[{"embeddable":true,"href":"https:\/\/www.arias-france.fr\/en\/wp-json\/wp\/v2\/pages\/613"}],"wp:attachment":[{"href":"https:\/\/www.arias-france.fr\/en\/wp-json\/wp\/v2\/media?parent=4102"}],"curies":[{"name":"wp","href":"https:\/\/api.w.org\/{rel}","templated":true}]}}