{"id":4107,"date":"2023-12-12T11:14:18","date_gmt":"2023-12-12T10:14:18","guid":{"rendered":"https:\/\/www.arias-france.fr\/?page_id=4107"},"modified":"2025-05-06T10:26:41","modified_gmt":"2025-05-06T08:26:41","slug":"model-clause","status":"publish","type":"page","link":"https:\/\/www.arias-france.fr\/en\/presentation\/model-clause\/","title":{"rendered":"Stan\u00addard Claus\u00ades"},"content":{"rendered":"<div data-elementor-type=\"wp-page\" data-elementor-id=\"4107\" class=\"elementor elementor-4107\" data-elementor-post-type=\"page\">\n\t\t\t\t\t\t<section class=\"elementor-section elementor-top-section elementor-element elementor-element-78366eb elementor-section-height-min-height elementor-section-boxed elementor-section-height-default elementor-section-items-middle\" data-id=\"78366eb\" data-element_type=\"section\" data-e-type=\"section\" data-settings=\"{&quot;background_background&quot;:&quot;classic&quot;}\">\n\t\t\t\t\t\t<div class=\"elementor-container elementor-column-gap-default\">\n\t\t\t\t\t<div class=\"elementor-column elementor-col-100 elementor-top-column elementor-element elementor-element-16bfe82\" data-id=\"16bfe82\" data-element_type=\"column\" data-e-type=\"column\">\n\t\t\t<div class=\"elementor-widget-wrap elementor-element-populated\">\n\t\t\t\t\t\t<div class=\"elementor-element elementor-element-ca77074 elementor-widget elementor-widget-heading\" data-id=\"ca77074\" data-element_type=\"widget\" data-e-type=\"widget\" data-widget_type=\"heading.default\">\n\t\t\t\t<div class=\"elementor-widget-container\">\n\t\t\t\t\t<h1 class=\"elementor-heading-title elementor-size-default\">Arias France<\/h1>\t\t\t\t<\/div>\n\t\t\t\t<\/div>\n\t\t\t\t\t<\/div>\n\t\t<\/div>\n\t\t\t\t\t<\/div>\n\t\t<\/section>\n\t\t\t\t<section class=\"elementor-section elementor-top-section elementor-element elementor-element-8e92cf2 elementor-section-boxed elementor-section-height-default elementor-section-height-default\" data-id=\"8e92cf2\" data-element_type=\"section\" data-e-type=\"section\">\n\t\t\t\t\t\t<div class=\"elementor-container elementor-column-gap-default\">\n\t\t\t\t\t<div class=\"elementor-column elementor-col-50 elementor-top-column elementor-element elementor-element-4e8cbc9\" data-id=\"4e8cbc9\" data-element_type=\"column\" data-e-type=\"column\">\n\t\t\t<div class=\"elementor-widget-wrap elementor-element-populated\">\n\t\t\t\t\t\t<div class=\"elementor-element elementor-element-2147ffc elementor-widget elementor-widget-menu-anchor\" data-id=\"2147ffc\" data-element_type=\"widget\" data-e-type=\"widget\" data-widget_type=\"menu-anchor.default\">\n\t\t\t\t<div class=\"elementor-widget-container\">\n\t\t\t\t\t\t\t<div class=\"elementor-menu-anchor\" id=\"reglements\"><\/div>\n\t\t\t\t\t\t<\/div>\n\t\t\t\t<\/div>\n\t\t\t\t<div class=\"elementor-element elementor-element-f4541d3 elementor-widget elementor-widget-heading\" data-id=\"f4541d3\" data-element_type=\"widget\" data-e-type=\"widget\" data-widget_type=\"heading.default\">\n\t\t\t\t<div class=\"elementor-widget-container\">\n\t\t\t\t\t<h2 class=\"elementor-heading-title elementor-size-default\">Our Clauses<\/h2>\t\t\t\t<\/div>\n\t\t\t\t<\/div>\n\t\t\t\t<div class=\"elementor-element elementor-element-c1582a5 elementor-widget elementor-widget-text-editor\" data-id=\"c1582a5\" data-element_type=\"widget\" data-e-type=\"widget\" data-widget_type=\"text-editor.default\">\n\t\t\t\t<div class=\"elementor-widget-container\">\n\t\t\t\t\t\t\t\t\t<p><b>ARIAS FRANCE <\/b>offers sam\u00adple claus\u00ades (see below).&nbsp;<br><span style=\"background-color: var( --e-global-color-17794e9 ); color: var( --e-global-color-text ); font-family: var( --e-global-typography-text-font-family ), Sans-serif; font-size: var( --e-global-typography-text-font-size ); font-style: var( --e-global-typography-text-font-style ); font-weight: var( --e-global-typography-text-font-weight );\"><br>For urgent infor\u00adma\u00adtion, please con\u00adtact the cen\u00adter direct\u00adly.<\/span><\/p><p>The par\u00adties may agree to set\u00adtle any dis\u00adputes through medi\u00ada\u00adtion and\/or arbi\u00adtra\u00adtion by insert\u00ading one of the fol\u00adlow\u00ading claus\u00ades, depend\u00ading on the option they have cho\u00adsen (ARIAS France rules will then apply)<span style=\"background-color: var( --e-global-color-17794e9 ); color: var( --e-global-color-text ); font-family: var( --e-global-typography-text-font-family ), Sans-serif; font-size: var( --e-global-typography-text-font-size ); font-style: var( --e-global-typography-text-font-style ); font-weight: var( --e-global-typography-text-font-weight );\"><br><\/span><\/p>\t\t\t\t\t\t\t\t<\/div>\n\t\t\t\t<\/div>\n\t\t\t\t<div class=\"elementor-element elementor-element-8fc7784 elementor-widget elementor-widget-toggle\" data-id=\"8fc7784\" data-element_type=\"widget\" data-e-type=\"widget\" data-widget_type=\"toggle.default\">\n\t\t\t\t<div class=\"elementor-widget-container\">\n\t\t\t\t\t\t\t<div class=\"elementor-toggle\">\n\t\t\t\t\t\t\t<div class=\"elementor-toggle-item\">\n\t\t\t\t\t<div id=\"elementor-tab-title-1501\" class=\"elementor-tab-title\" data-tab=\"1\" role=\"button\" aria-controls=\"elementor-tab-content-1501\" aria-expanded=\"false\">\n\t\t\t\t\t\t\t\t\t\t\t\t<span class=\"elementor-toggle-icon elementor-toggle-icon-right\" aria-hidden=\"true\">\n\t\t\t\t\t\t\t\t\t\t\t\t\t\t\t<span class=\"elementor-toggle-icon-closed\"><i class=\"fas fa-caret-right\"><\/i><\/span>\n\t\t\t\t\t\t\t\t<span class=\"elementor-toggle-icon-opened\"><i class=\"elementor-toggle-icon-opened fas fa-caret-up\"><\/i><\/span>\n\t\t\t\t\t\t\t\t\t\t\t\t\t<\/span>\n\t\t\t\t\t\t\t\t\t\t\t\t<a class=\"elementor-toggle-title\" tabindex=\"0\">Option 1&nbsp;: Manda\u00adto\u00adry medi\u00ada\u00adtion and arbi\u00adtra\u00adtion in case of fail\u00adure<\/a>\n\t\t\t\t\t<\/div>\n\n\t\t\t\t\t<div id=\"elementor-tab-content-1501\" class=\"elementor-tab-content elementor-clearfix\" data-tab=\"1\" role=\"region\" aria-labelledby=\"elementor-tab-title-1501\"><p><i><b>1.1 medi\u00ada\u00adtion and arbi\u00adtra\u00adtion under strict law<\/b><\/i><\/p><p><span style=\"font-weight: 400;\">In the event of any dis\u00adpute aris\u00ading in con\u00adnec\u00adtion with the present con\u00adtract, the par\u00adties under\u00adtake to sub\u00admit their <\/span><span style=\"font-weight: 400;\">dis\u00adpute first to the medi\u00ada\u00adtion pro\u00adce\u00addure pro\u00advid\u00aded for in the <a href=\"https:\/\/www.arias-france.fr\/en\/mediation-rules\/\">Medi\u00ada\u00adtion rules <\/a><\/span><span style=\"font-weight: 400;\">ARIAS France.<\/span><\/p><p><span style=\"font-weight: 400;\">If the medi\u00ada\u00adtion pro\u00adce\u00addure fails, the dis\u00adpute will be final\u00adly set\u00adtled by <\/span><span style=\"font-weight: 400;\">one or more arbi\u00adtra\u00adtors in accor\u00addance with <a href=\"https:\/\/www.arias-france.fr\/en\/arbitration\/refereeing-rules\/\">ARIAS France arbi\u00adtra\u00adtion rules <\/a><\/span><span style=\"font-weight: 400;\">to which the par\u00adties declare their adher\u00adence.&nbsp;<\/span><\/p><p><span style=\"font-weight: 400;\">The Tri\u00adbunal shall rule strict\u00adly in accor\u00addance with the law.<\/span><\/p><p><span style=\"font-weight: 400;\">The par\u00adties choose Paris, France as the place of arbi\u00adtra\u00adtion (1). <br>The lan\u00adguage of arbi\u00adtra\u00adtion <\/span><span style=\"font-weight: 400;\">will be French (1). <br>The law applic\u00ada\u00adble to the sub\u00adstance of the dis\u00adpute is French law (1).<\/span><\/p><p><i><b>1.2 ami\u00adca\u00adble medi\u00ada\u00adtion and arbi\u00adtra\u00adtion<\/b><\/i><\/p><p>In the event of any dis\u00adpute aris\u00ading in con\u00adnec\u00adtion with the present con\u00adtract, the par\u00adties under\u00adtake to sub\u00admit their <span style=\"font-weight: 400;\">dis\u00adpute first to the medi\u00ada\u00adtion pro\u00adce\u00addure pro\u00advid\u00aded for in the <a href=\"https:\/\/www.arias-france.fr\/en\/mediation-rules\/\">Medi\u00ada\u00adtion rules <\/a><\/span><a href=\"https:\/\/www.arias-france.fr\/en\/mediation-rules\/\"><span style=\"font-weight: 400;\">ARIAS France.<\/span><\/a><\/p><p><span style=\"font-weight: 400;\">If the medi\u00ada\u00adtion pro\u00adce\u00addure fails, the dis\u00adpute will be final\u00adly set\u00adtled by <\/span><span style=\"font-weight: 400;\">one or more arbi\u00adtra\u00adtors in accor\u00addance with <a href=\"https:\/\/www.arias-france.fr\/en\/arbitration\/refereeing-commission\/\">ARIAS France arbi\u00adtra\u00adtion rules <\/a><\/span><span style=\"font-weight: 400;\">to which the par\u00adties declare that they adhere. The Tri\u00adbunal rules as ami\u00adable com\u00adpos\u00adi\u00adteur.&nbsp;<\/span><\/p><p><span style=\"font-weight: 400;\">The par\u00adties choose Paris, France as the place of arbi\u00adtra\u00adtion (1). Lan\u00adguage of arbi\u00adtra\u00adtion <\/span><span style=\"font-weight: 400;\">will be French (1). The law applic\u00ada\u00adble to the sub\u00adstance of the dis\u00adpute shall be French law (1).<\/span><\/p><\/div>\n\t\t\t\t<\/div>\n\t\t\t\t\t\t\t<div class=\"elementor-toggle-item\">\n\t\t\t\t\t<div id=\"elementor-tab-title-1502\" class=\"elementor-tab-title\" data-tab=\"2\" role=\"button\" aria-controls=\"elementor-tab-content-1502\" aria-expanded=\"false\">\n\t\t\t\t\t\t\t\t\t\t\t\t<span class=\"elementor-toggle-icon elementor-toggle-icon-right\" aria-hidden=\"true\">\n\t\t\t\t\t\t\t\t\t\t\t\t\t\t\t<span class=\"elementor-toggle-icon-closed\"><i class=\"fas fa-caret-right\"><\/i><\/span>\n\t\t\t\t\t\t\t\t<span class=\"elementor-toggle-icon-opened\"><i class=\"elementor-toggle-icon-opened fas fa-caret-up\"><\/i><\/span>\n\t\t\t\t\t\t\t\t\t\t\t\t\t<\/span>\n\t\t\t\t\t\t\t\t\t\t\t\t<a class=\"elementor-toggle-title\" tabindex=\"0\">Option 2&nbsp;: Arbi\u00adtra\u00adtion only<\/a>\n\t\t\t\t\t<\/div>\n\n\t\t\t\t\t<div id=\"elementor-tab-content-1502\" class=\"elementor-tab-content elementor-clearfix\" data-tab=\"2\" role=\"region\" aria-labelledby=\"elementor-tab-title-1502\"><p><i><b>2.1. arbi\u00adtra\u00adtion under strict law<\/b><\/i><\/p><p><span style=\"font-weight: 400;\">The par\u00adties agree that any dis\u00adpute aris\u00ading out of or in con\u00adnec\u00adtion with this con\u00adtract shall be final\u00adly set\u00adtled by one or more arbi\u00adtra\u00adtors in accor\u00addance with the Rules of Arbi\u00adtra\u00adtion. <a href=\"https:\/\/www.arias-france.fr\/en\/arbitration\/refereeing-rules\/\">ARIAS France arbi\u00adtra\u00adtion rules<\/a>&nbsp;<\/span><span style=\"color: var( --e-global-color-text ); font-family: var( --e-global-typography-text-font-family ), Sans-serif; font-size: var( --e-global-typography-text-font-size ); font-style: var( --e-global-typography-text-font-style ); text-transform: var( --e-global-typography-text-text-transform ); background-color: var( --e-global-color-17794e9 );\">to which the par\u00adties declare their adher\u00adence.&nbsp;<\/span><\/p><p><span style=\"font-weight: 400;\">The Tri\u00adbunal shall rule strict\u00adly in accor\u00addance with the law.<\/span><\/p><p><span style=\"font-weight: 400;\">The par\u00adties choose Paris, France (1) as the place of arbi\u00adtra\u00adtion. Lan\u00adguage of arbi\u00adtra\u00adtion&nbsp;<\/span><span style=\"color: var( --e-global-color-text ); font-family: var( --e-global-typography-text-font-family ), Sans-serif; font-size: var( --e-global-typography-text-font-size ); font-style: var( --e-global-typography-text-font-style ); text-transform: var( --e-global-typography-text-text-transform ); background-color: var( --e-global-color-17794e9 );\">will be French (1). The law applic\u00ada\u00adble to the sub\u00adstance of the dis\u00adpute shall be French law (1).<\/span><\/p><p><i><b>2.2. ami\u00adca\u00adble arbi\u00adtra\u00adtion<\/b><\/i><\/p><p><span style=\"font-weight: 400;\">The par\u00adties agree that any dis\u00adpute aris\u00ading out of or in con\u00adnec\u00adtion with this con\u00adtract shall be final\u00adly set\u00adtled by one or more arbi\u00adtra\u00adtors in accor\u00addance with the Rules of Arbi\u00adtra\u00adtion. <a href=\"https:\/\/www.arias-france.fr\/en\/arbitration\/refereeing-rules\/\">ARIAS France arbi\u00adtra\u00adtion rules&nbsp;<\/a><\/span><span style=\"color: var( --e-global-color-text ); font-family: var( --e-global-typography-text-font-family ), Sans-serif; font-size: var( --e-global-typography-text-font-size ); font-style: var( --e-global-typography-text-font-style ); text-transform: var( --e-global-typography-text-text-transform ); background-color: var( --e-global-color-17794e9 );\">to which the par\u00adties declare their adher\u00adence.&nbsp;<\/span><\/p><p><span style=\"font-weight: 400;\">The Tri\u00adbunal rules as ami\u00adable com\u00adpos\u00adi\u00adteur<\/span><\/p><p><span style=\"font-weight: 400;\">The par\u00adties choose Paris, France (1) as the place of arbi\u00adtra\u00adtion. Lan\u00adguage of arbi\u00adtra\u00adtion&nbsp;<\/span><span style=\"color: var( --e-global-color-text ); font-family: var( --e-global-typography-text-font-family ), Sans-serif; font-size: var( --e-global-typography-text-font-size ); font-style: var( --e-global-typography-text-font-style ); text-transform: var( --e-global-typography-text-text-transform ); background-color: var( --e-global-color-17794e9 );\">will be French (1). The law applic\u00ada\u00adble to the sub\u00adstance of the dis\u00adpute shall be French law (1).<\/span><\/p><\/div>\n\t\t\t\t<\/div>\n\t\t\t\t\t\t\t<div class=\"elementor-toggle-item\">\n\t\t\t\t\t<div id=\"elementor-tab-title-1503\" class=\"elementor-tab-title\" data-tab=\"3\" role=\"button\" aria-controls=\"elementor-tab-content-1503\" aria-expanded=\"false\">\n\t\t\t\t\t\t\t\t\t\t\t\t<span class=\"elementor-toggle-icon elementor-toggle-icon-right\" aria-hidden=\"true\">\n\t\t\t\t\t\t\t\t\t\t\t\t\t\t\t<span class=\"elementor-toggle-icon-closed\"><i class=\"fas fa-caret-right\"><\/i><\/span>\n\t\t\t\t\t\t\t\t<span class=\"elementor-toggle-icon-opened\"><i class=\"elementor-toggle-icon-opened fas fa-caret-up\"><\/i><\/span>\n\t\t\t\t\t\t\t\t\t\t\t\t\t<\/span>\n\t\t\t\t\t\t\t\t\t\t\t\t<a class=\"elementor-toggle-title\" tabindex=\"0\">Option 3&nbsp;: Medi\u00ada\u00adtion only<\/a>\n\t\t\t\t\t<\/div>\n\n\t\t\t\t\t<div id=\"elementor-tab-content-1503\" class=\"elementor-tab-content elementor-clearfix\" data-tab=\"3\" role=\"region\" aria-labelledby=\"elementor-tab-title-1503\"><p><span style=\"font-weight: 400;\">In the event of any dis\u00adpute aris\u00ading in con\u00adnec\u00adtion with the present con\u00adtract, the par\u00adties under\u00adtake to sub\u00admit the mat\u00adter to the courts.&nbsp;<\/span><span style=\"color: var( --e-global-color-text ); font-family: var( --e-global-typography-text-font-family ), Sans-serif; font-size: var( --e-global-typography-text-font-size ); font-style: var( --e-global-typography-text-font-style ); text-transform: var( --e-global-typography-text-text-transform ); background-color: var( --e-global-color-17794e9 );\">first and before any court action is tak\u00aden (with the excep\u00adtion of pre\u00adcau\u00adtion\u00adary mea\u00adsures) to the&nbsp;<\/span><span style=\"color: var( --e-global-color-text ); font-family: var( --e-global-typography-text-font-family ), Sans-serif; font-size: var( --e-global-typography-text-font-size ); font-style: var( --e-global-typography-text-font-style ); text-transform: var( --e-global-typography-text-text-transform ); background-color: var( --e-global-color-17794e9 );\">medi\u00ada\u00adtion pro\u00adce\u00addure as pro\u00advid\u00aded for in the <a href=\"https:\/\/www.arias-france.fr\/en\/mediation-rules\/\">ARIAS medi\u00ada\u00adtion rules <\/a><\/span><a href=\"https:\/\/www.arias-france.fr\/en\/mediation-rules\/\"><span style=\"color: var( --e-global-color-text ); font-family: var( --e-global-typography-text-font-family ), Sans-serif; font-size: var( --e-global-typography-text-font-size ); font-style: var( --e-global-typography-text-font-style ); text-transform: var( --e-global-typography-text-text-transform ); background-color: var( --e-global-color-17794e9 );\">France.<\/span><\/a><\/p><\/div>\n\t\t\t\t<\/div>\n\t\t\t\t\t\t\t\t<\/div>\n\t\t\t\t\t\t<\/div>\n\t\t\t\t<\/div>\n\t\t\t\t<div class=\"elementor-element elementor-element-04342f6 elementor-widget elementor-widget-text-editor\" data-id=\"04342f6\" data-element_type=\"widget\" data-e-type=\"widget\" data-widget_type=\"text-editor.default\">\n\t\t\t\t<div class=\"elementor-widget-container\">\n\t\t\t\t\t\t\t\t\t<p><strong>(1)<\/strong> These ele\u00adments are left to the free choice of the par\u00adties, who may mod\u00adi\u00adfy them as they see fit.<\/p>\t\t\t\t\t\t\t\t<\/div>\n\t\t\t\t<\/div>\n\t\t\t\t\t<\/div>\n\t\t<\/div>\n\t\t\t\t<div class=\"elementor-column elementor-col-50 elementor-top-column elementor-element elementor-element-d24433d\" data-id=\"d24433d\" data-element_type=\"column\" data-e-type=\"column\">\n\t\t\t<div class=\"elementor-widget-wrap\">\n\t\t\t\t\t\t\t<\/div>\n\t\t<\/div>\n\t\t\t\t\t<\/div>\n\t\t<\/section>\n\t\t\t\t<section class=\"elementor-section elementor-top-section elementor-element elementor-element-2ca9def elementor-section-boxed elementor-section-height-default elementor-section-height-default\" data-id=\"2ca9def\" data-element_type=\"section\" data-e-type=\"section\">\n\t\t\t\t\t\t<div class=\"elementor-container elementor-column-gap-default\">\n\t\t\t\t\t<div class=\"elementor-column elementor-col-100 elementor-top-column elementor-element elementor-element-9203c0e\" data-id=\"9203c0e\" data-element_type=\"column\" data-e-type=\"column\">\n\t\t\t<div class=\"elementor-widget-wrap elementor-element-populated\">\n\t\t\t\t\t\t<div class=\"elementor-element elementor-element-84e8be7 elementor-widget elementor-widget-menu-anchor\" data-id=\"84e8be7\" data-element_type=\"widget\" data-e-type=\"widget\" data-widget_type=\"menu-anchor.default\">\n\t\t\t\t<div class=\"elementor-widget-container\">\n\t\t\t\t\t\t\t<div class=\"elementor-menu-anchor\" id=\"clauses\"><\/div>\n\t\t\t\t\t\t<\/div>\n\t\t\t\t<\/div>\n\t\t\t\t\t<\/div>\n\t\t<\/div>\n\t\t\t\t\t<\/div>\n\t\t<\/section>\n\t\t\t\t<\/div>","protected":false},"excerpt":{"rendered":"<p>Arias France Nos Claus\u00ades ARIAS FRANCE pro\u00adpose des mod\u00ad\u00e8les de claus\u00ades (voir ci-dessous).&nbsp; Pour tout ren\u00adseigne\u00adment urgent, mer\u00adci de vous adress\u00ader directe\u00adment au cen\u00adtre Les par\u00adties peu\u00advent con\u00advenir de r\u00e9gler leurs \u00e9ventuels dif\u00adf\u00e9rends par la voie de la m\u00e9di\u00ada\u00adtion et\/ou de l\u2019arbitrage en ins\u00e9rant l\u2019une des claus\u00ades suiv\u00adantes selon l\u2019option qu\u2019elles auront choisie (les r\u00e8gle\u00adments [\u2026]<\/p>","protected":false},"author":1,"featured_media":0,"parent":621,"menu_order":0,"comment_status":"closed","ping_status":"closed","template":"","meta":{"_acf_changed":false,"wp_typography_post_enhancements_disabled":false,"footnotes":""},"class_list":["post-4107","page","type-page","status-publish","hentry"],"acf":[],"yoast_head":"<!-- This site is optimized with the Yoast SEO plugin v26.9 - https:\/\/yoast.com\/product\/yoast-seo-wordpress\/ -->\n<title>Clauses Types - Arias France<\/title>\n<meta name=\"robots\" content=\"index, follow, max-snippet:-1, max-image-preview:large, max-video-preview:-1\" \/>\n<link rel=\"canonical\" href=\"https:\/\/www.arias-france.fr\/en\/presentation\/model-clause\/\" \/>\n<meta property=\"og:locale\" content=\"en_US\" \/>\n<meta property=\"og:type\" content=\"article\" \/>\n<meta property=\"og:title\" content=\"Clauses Types - Arias France\" \/>\n<meta property=\"og:description\" content=\"Arias France Nos Clauses ARIAS FRANCE propose des mod\u00e8les de clauses (voir ci-dessous).\u00a0 Pour tout renseignement urgent, merci de vous adresser directement au centre Les parties peuvent convenir de r\u00e9gler leurs \u00e9ventuels diff\u00e9rends par la voie de la m\u00e9diation et\/ou de l\u2019arbitrage en ins\u00e9rant l\u2019une des clauses suivantes selon l\u2019option qu\u2019elles auront choisie (les r\u00e8glements [&hellip;]\" \/>\n<meta property=\"og:url\" content=\"https:\/\/www.arias-france.fr\/en\/presentation\/model-clause\/\" \/>\n<meta property=\"og:site_name\" content=\"Arias France\" \/>\n<meta property=\"article:modified_time\" content=\"2025-05-06T08:26:41+00:00\" \/>\n<meta property=\"og:image\" content=\"https:\/\/www.arias-france.fr\/wp-content\/uploads\/2023\/05\/Alb_2280_2000_795_imgO_280318_141847-1024x360.png\" \/>\n\t<meta property=\"og:image:width\" content=\"1024\" \/>\n\t<meta property=\"og:image:height\" content=\"360\" \/>\n\t<meta property=\"og:image:type\" content=\"image\/png\" \/>\n<meta name=\"twitter:card\" content=\"summary_large_image\" \/>\n<meta name=\"twitter:label1\" content=\"Est. reading time\" \/>\n\t<meta name=\"twitter:data1\" content=\"3 minutes\" \/>\n<script type=\"application\/ld+json\" class=\"yoast-schema-graph\">{\"@context\":\"https:\/\/schema.org\",\"@graph\":[{\"@type\":\"WebPage\",\"@id\":\"https:\/\/www.arias-france.fr\/presentation\/clause-type\/\",\"url\":\"https:\/\/www.arias-france.fr\/presentation\/clause-type\/\",\"name\":\"Clauses Types - Arias France\",\"isPartOf\":{\"@id\":\"https:\/\/www.arias-france.fr\/#website\"},\"datePublished\":\"2023-12-12T10:14:18+00:00\",\"dateModified\":\"2025-05-06T08:26:41+00:00\",\"breadcrumb\":{\"@id\":\"https:\/\/www.arias-france.fr\/presentation\/clause-type\/#breadcrumb\"},\"inLanguage\":\"en-US\",\"potentialAction\":[{\"@type\":\"ReadAction\",\"target\":[\"https:\/\/www.arias-france.fr\/presentation\/clause-type\/\"]}]},{\"@type\":\"BreadcrumbList\",\"@id\":\"https:\/\/www.arias-france.fr\/presentation\/clause-type\/#breadcrumb\",\"itemListElement\":[{\"@type\":\"ListItem\",\"position\":1,\"name\":\"Home\",\"item\":\"https:\/\/www.arias-france.fr\/\"},{\"@type\":\"ListItem\",\"position\":2,\"name\":\"Pr\u00e9sentation\",\"item\":\"https:\/\/www.arias-france.fr\/presentation\/\"},{\"@type\":\"ListItem\",\"position\":3,\"name\":\"Clauses Types\"}]},{\"@type\":\"WebSite\",\"@id\":\"https:\/\/www.arias-france.fr\/#website\",\"url\":\"https:\/\/www.arias-france.fr\/\",\"name\":\"Arias France\",\"description\":\"L&#039;arbitrage et la m\u00e9diation au service du monde de l&#039;assurance\",\"publisher\":{\"@id\":\"https:\/\/www.arias-france.fr\/#organization\"},\"potentialAction\":[{\"@type\":\"SearchAction\",\"target\":{\"@type\":\"EntryPoint\",\"urlTemplate\":\"https:\/\/www.arias-france.fr\/?s={search_term_string}\"},\"query-input\":{\"@type\":\"PropertyValueSpecification\",\"valueRequired\":true,\"valueName\":\"search_term_string\"}}],\"inLanguage\":\"en-US\"},{\"@type\":\"Organization\",\"@id\":\"https:\/\/www.arias-france.fr\/#organization\",\"name\":\"Arias France\",\"url\":\"https:\/\/www.arias-france.fr\/\",\"logo\":{\"@type\":\"ImageObject\",\"inLanguage\":\"en-US\",\"@id\":\"https:\/\/www.arias-france.fr\/#\/schema\/logo\/image\/\",\"url\":\"https:\/\/www.arias-france.fr\/wp-content\/uploads\/2023\/04\/Icone_ARIAS_RVB.png\",\"contentUrl\":\"https:\/\/www.arias-france.fr\/wp-content\/uploads\/2023\/04\/Icone_ARIAS_RVB.png\",\"width\":1726,\"height\":1723,\"caption\":\"Arias France\"},\"image\":{\"@id\":\"https:\/\/www.arias-france.fr\/#\/schema\/logo\/image\/\"}}]}<\/script>\n<!-- \/ Yoast SEO plugin. -->","yoast_head_json":{"title":"Stan\u00addard Claus\u00ades\u2009\u2014\u2009Arias France","robots":{"index":"index","follow":"follow","max-snippet":"max-snippet:-1","max-image-preview":"max-image-preview:large","max-video-preview":"max-video-preview:-1"},"canonical":"https:\/\/www.arias-france.fr\/en\/presentation\/model-clause\/","og_locale":"en_US","og_type":"article","og_title":"Clauses Types - Arias France","og_description":"Arias France Nos Clauses ARIAS FRANCE propose des mod\u00e8les de clauses (voir ci-dessous).\u00a0 Pour tout renseignement urgent, merci de vous adresser directement au centre Les parties peuvent convenir de r\u00e9gler leurs \u00e9ventuels diff\u00e9rends par la voie de la m\u00e9diation et\/ou de l\u2019arbitrage en ins\u00e9rant l\u2019une des clauses suivantes selon l\u2019option qu\u2019elles auront choisie (les r\u00e8glements [&hellip;]","og_url":"https:\/\/www.arias-france.fr\/en\/presentation\/model-clause\/","og_site_name":"Arias France","article_modified_time":"2025-05-06T08:26:41+00:00","og_image":[{"width":1024,"height":360,"url":"https:\/\/www.arias-france.fr\/wp-content\/uploads\/2023\/05\/Alb_2280_2000_795_imgO_280318_141847-1024x360.png","type":"image\/png"}],"twitter_card":"summary_large_image","twitter_misc":{"Est. reading time":"3 minutes"},"schema":{"@context":"https:\/\/schema.org","@graph":[{"@type":"WebPage","@id":"https:\/\/www.arias-france.fr\/presentation\/clause-type\/","url":"https:\/\/www.arias-france.fr\/presentation\/clause-type\/","name":"Stan\u00addard Claus\u00ades\u2009\u2014\u2009Arias France","isPartOf":{"@id":"https:\/\/www.arias-france.fr\/#website"},"datePublished":"2023-12-12T10:14:18+00:00","dateModified":"2025-05-06T08:26:41+00:00","breadcrumb":{"@id":"https:\/\/www.arias-france.fr\/presentation\/clause-type\/#breadcrumb"},"inLanguage":"en-US","potentialAction":[{"@type":"ReadAction","target":["https:\/\/www.arias-france.fr\/presentation\/clause-type\/"]}]},{"@type":"BreadcrumbList","@id":"https:\/\/www.arias-france.fr\/presentation\/clause-type\/#breadcrumb","itemListElement":[{"@type":"ListItem","position":1,"name":"Home","item":"https:\/\/www.arias-france.fr\/"},{"@type":"ListItem","position":2,"name":"Pr\u00e9sentation","item":"https:\/\/www.arias-france.fr\/presentation\/"},{"@type":"ListItem","position":3,"name":"Clauses Types"}]},{"@type":"WebSite","@id":"https:\/\/www.arias-france.fr\/#website","url":"https:\/\/www.arias-france.fr\/","name":"Arias France","description":"Arbi\u00adtra\u00adtion and medi\u00ada\u00adtion for the insur\u00adance indus\u00adtry","publisher":{"@id":"https:\/\/www.arias-france.fr\/#organization"},"potentialAction":[{"@type":"SearchAction","target":{"@type":"EntryPoint","urlTemplate":"https:\/\/www.arias-france.fr\/?s={search_term_string}"},"query-input":{"@type":"PropertyValueSpecification","valueRequired":true,"valueName":"search_term_string"}}],"inLanguage":"en-US"},{"@type":"Organization","@id":"https:\/\/www.arias-france.fr\/#organization","name":"Arias France","url":"https:\/\/www.arias-france.fr\/","logo":{"@type":"ImageObject","inLanguage":"en-US","@id":"https:\/\/www.arias-france.fr\/#\/schema\/logo\/image\/","url":"https:\/\/www.arias-france.fr\/wp-content\/uploads\/2023\/04\/Icone_ARIAS_RVB.png","contentUrl":"https:\/\/www.arias-france.fr\/wp-content\/uploads\/2023\/04\/Icone_ARIAS_RVB.png","width":1726,"height":1723,"caption":"Arias France"},"image":{"@id":"https:\/\/www.arias-france.fr\/#\/schema\/logo\/image\/"}}]}},"_links":{"self":[{"href":"https:\/\/www.arias-france.fr\/en\/wp-json\/wp\/v2\/pages\/4107","targetHints":{"allow":["GET"]}}],"collection":[{"href":"https:\/\/www.arias-france.fr\/en\/wp-json\/wp\/v2\/pages"}],"about":[{"href":"https:\/\/www.arias-france.fr\/en\/wp-json\/wp\/v2\/types\/page"}],"author":[{"embeddable":true,"href":"https:\/\/www.arias-france.fr\/en\/wp-json\/wp\/v2\/users\/1"}],"replies":[{"embeddable":true,"href":"https:\/\/www.arias-france.fr\/en\/wp-json\/wp\/v2\/comments?post=4107"}],"version-history":[{"count":0,"href":"https:\/\/www.arias-france.fr\/en\/wp-json\/wp\/v2\/pages\/4107\/revisions"}],"up":[{"embeddable":true,"href":"https:\/\/www.arias-france.fr\/en\/wp-json\/wp\/v2\/pages\/621"}],"wp:attachment":[{"href":"https:\/\/www.arias-france.fr\/en\/wp-json\/wp\/v2\/media?parent=4107"}],"curies":[{"name":"wp","href":"https:\/\/api.w.org\/{rel}","templated":true}]}}