{"id":4129,"date":"2023-12-12T11:21:57","date_gmt":"2023-12-12T10:21:57","guid":{"rendered":"https:\/\/www.arias-france.fr\/?page_id=4129"},"modified":"2025-05-06T17:09:27","modified_gmt":"2025-05-06T15:09:27","slug":"mediation-rates","status":"publish","type":"page","link":"https:\/\/www.arias-france.fr\/en\/mediation\/mediation-rates\/","title":{"rendered":"Medi\u00ada\u00adtion scales"},"content":{"rendered":"<div data-elementor-type=\"wp-page\" data-elementor-id=\"4129\" class=\"elementor elementor-4129\" data-elementor-post-type=\"page\">\n\t\t\t\t\t\t<section class=\"elementor-section elementor-top-section elementor-element elementor-element-7841a0a elementor-section-height-min-height elementor-section-boxed elementor-section-height-default elementor-section-items-middle\" data-id=\"7841a0a\" data-element_type=\"section\" data-e-type=\"section\" data-settings=\"{&quot;background_background&quot;:&quot;classic&quot;}\">\n\t\t\t\t\t\t<div class=\"elementor-container elementor-column-gap-default\">\n\t\t\t\t\t<div class=\"elementor-column elementor-col-100 elementor-top-column elementor-element elementor-element-5da262d\" data-id=\"5da262d\" data-element_type=\"column\" data-e-type=\"column\">\n\t\t\t<div class=\"elementor-widget-wrap elementor-element-populated\">\n\t\t\t\t\t\t<div class=\"elementor-element elementor-element-6ac2f49 elementor-widget elementor-widget-heading\" data-id=\"6ac2f49\" data-element_type=\"widget\" data-e-type=\"widget\" data-widget_type=\"heading.default\">\n\t\t\t\t<div class=\"elementor-widget-container\">\n\t\t\t\t\t<h1 class=\"elementor-heading-title elementor-size-default\">Mediation<\/h1>\t\t\t\t<\/div>\n\t\t\t\t<\/div>\n\t\t\t\t\t<\/div>\n\t\t<\/div>\n\t\t\t\t\t<\/div>\n\t\t<\/section>\n\t\t\t\t<section class=\"elementor-section elementor-top-section elementor-element elementor-element-a43698a elementor-section-boxed elementor-section-height-default elementor-section-height-default\" data-id=\"a43698a\" data-element_type=\"section\" data-e-type=\"section\">\n\t\t\t\t\t\t<div class=\"elementor-container elementor-column-gap-default\">\n\t\t\t\t\t<div class=\"elementor-column elementor-col-100 elementor-top-column elementor-element elementor-element-3cb29fc\" data-id=\"3cb29fc\" data-element_type=\"column\" data-e-type=\"column\">\n\t\t\t<div class=\"elementor-widget-wrap elementor-element-populated\">\n\t\t\t\t\t\t<div class=\"elementor-element elementor-element-0eff426 elementor-widget elementor-widget-heading\" data-id=\"0eff426\" data-element_type=\"widget\" data-e-type=\"widget\" data-widget_type=\"heading.default\">\n\t\t\t\t<div class=\"elementor-widget-container\">\n\t\t\t\t\t<h2 class=\"elementor-heading-title elementor-size-default\">Mediation scales<\/h2>\t\t\t\t<\/div>\n\t\t\t\t<\/div>\n\t\t\t\t<div class=\"elementor-element elementor-element-8631e36 elementor-widget elementor-widget-toggle\" data-id=\"8631e36\" data-element_type=\"widget\" data-e-type=\"widget\" data-widget_type=\"toggle.default\">\n\t\t\t\t<div class=\"elementor-widget-container\">\n\t\t\t\t\t\t\t<div class=\"elementor-toggle\">\n\t\t\t\t\t\t\t<div class=\"elementor-toggle-item\">\n\t\t\t\t\t<div id=\"elementor-tab-title-1401\" class=\"elementor-tab-title\" data-tab=\"1\" role=\"button\" aria-controls=\"elementor-tab-content-1401\" aria-expanded=\"false\">\n\t\t\t\t\t\t\t\t\t\t\t\t<span class=\"elementor-toggle-icon elementor-toggle-icon-right\" aria-hidden=\"true\">\n\t\t\t\t\t\t\t\t\t\t\t\t\t\t\t<span class=\"elementor-toggle-icon-closed\"><i class=\"fas fa-caret-right\"><\/i><\/span>\n\t\t\t\t\t\t\t\t<span class=\"elementor-toggle-icon-opened\"><i class=\"elementor-toggle-icon-opened fas fa-caret-up\"><\/i><\/span>\n\t\t\t\t\t\t\t\t\t\t\t\t\t<\/span>\n\t\t\t\t\t\t\t\t\t\t\t\t<a class=\"elementor-toggle-title\" tabindex=\"0\">Open\u00ading rights<\/a>\n\t\t\t\t\t<\/div>\n\n\t\t\t\t\t<div id=\"elementor-tab-content-1401\" class=\"elementor-tab-content elementor-clearfix\" data-tab=\"1\" role=\"region\" aria-labelledby=\"elementor-tab-title-1401\"><p>Pack\u00adage price of \u20ac300 excl.<\/p><\/div>\n\t\t\t\t<\/div>\n\t\t\t\t\t\t\t<div class=\"elementor-toggle-item\">\n\t\t\t\t\t<div id=\"elementor-tab-title-1402\" class=\"elementor-tab-title\" data-tab=\"2\" role=\"button\" aria-controls=\"elementor-tab-content-1402\" aria-expanded=\"false\">\n\t\t\t\t\t\t\t\t\t\t\t\t<span class=\"elementor-toggle-icon elementor-toggle-icon-right\" aria-hidden=\"true\">\n\t\t\t\t\t\t\t\t\t\t\t\t\t\t\t<span class=\"elementor-toggle-icon-closed\"><i class=\"fas fa-caret-right\"><\/i><\/span>\n\t\t\t\t\t\t\t\t<span class=\"elementor-toggle-icon-opened\"><i class=\"elementor-toggle-icon-opened fas fa-caret-up\"><\/i><\/span>\n\t\t\t\t\t\t\t\t\t\t\t\t\t<\/span>\n\t\t\t\t\t\t\t\t\t\t\t\t<a class=\"elementor-toggle-title\" tabindex=\"0\">Expens\u00ades and fees<\/a>\n\t\t\t\t\t<\/div>\n\n\t\t\t\t\t<div id=\"elementor-tab-content-1402\" class=\"elementor-tab-content elementor-clearfix\" data-tab=\"2\" role=\"region\" aria-labelledby=\"elementor-tab-title-1402\"><h3>L<span class=\"h2\">ITIGES INFERIOR TO&nbsp;<\/span>30,000 EXCL. TAX<\/h3><p>Fixed fee of \u20ac1,250 (max\u00adi\u00admum 5&nbsp;hours).<\/p><p>(Over five hours&nbsp;: \u20ac250 excl. tax per addi\u00adtion\u00adal hour)<\/p><h3>L<span class=\"h2\">IGHER AUTHORITIES<\/span><\/h3><table cellspacing=\"0\"><tbody><tr><td bgcolor=\"#C5D9F0\"><p class=\"s4\">Amount in dis\u00adpute<\/p><\/td><td bgcolor=\"#C5D9F0\"><p class=\"s5\">Hourly rates excl.<\/p><\/td><\/tr><tr><td><p class=\"s4\">From \u20ac30,000 to \u20ac500,000<\/p><\/td><td><p class=\"s5\">350 \u20ac<\/p><\/td><\/tr><tr><td><p class=\"s4\">From \u20ac500,000 to \u20ac1,500,000<\/p><\/td><td><p class=\"s5\">400 \u20ac<\/p><\/td><\/tr><tr><td><p class=\"s4\">From \u20ac1,500,000 to \u20ac10,000,000<\/p><\/td><td><p class=\"s5\">480 \u20ac<\/p><\/td><\/tr><tr><td><p class=\"s4\">More than \u20ac10,000,000<\/p><\/td><td><p class=\"s5\">600 \u20ac<\/p><\/td><\/tr><\/tbody><\/table><ol><li style=\"list-style-type: none;\"><ol id=\"l3\"><li><p>The open\u00ading fees are divid\u00aded between the par\u00adties but advanced in full by the par\u00adty mak\u00ading the claim. In all cas\u00ades, they remain the prop\u00ader\u00adty of the cen\u00adter.<\/p><\/li><li><p>A fixed fee of 10 hours will be invoiced to the par\u00adties from the out\u00adset of the medi\u00ada\u00adtion, revised accord\u00ading to the medi\u00ada\u00adtor\u2019s dili\u00adgence. The ini\u00adtial fee will be retained in all cas\u00ades.<\/p><p>The medi\u00ada\u00adtor may request reim\u00adburse\u00adment of any out-of-pock\u00adet expens\u00ades (exclud\u00ading sec\u00adre\u00adtar\u00adi\u00adal costs and such as trav\u00adel, trans\u00adla\u00adtion, etc.).<\/p><\/li><li><p>In the event of joint medi\u00ada\u00adtion, the above amounts apply per medi\u00ada\u00adtor.<\/p><\/li><\/ol><\/li><\/ol><\/div>\n\t\t\t\t<\/div>\n\t\t\t\t\t\t\t\t<\/div>\n\t\t\t\t\t\t<\/div>\n\t\t\t\t<\/div>\n\t\t\t\t\t<\/div>\n\t\t<\/div>\n\t\t\t\t\t<\/div>\n\t\t<\/section>\n\t\t\t\t<\/div>","protected":false},"excerpt":{"rendered":"<p>Medi\u00ada\u00adtion Medi\u00ada\u00adtion Fee Scales Open\u00ading Fees Flat fee of \u20ac300 exclud\u00ading tax per par\u00adty. Fees and Charges LITIGATION UNDER \u20ac30,000 exclud\u00ading tax Flat fee of \u20ac1,250 (max\u00adi\u00admum 5&nbsp;hours). (Beyond five hours&nbsp;: \u20ac250 exclud\u00ading tax per addi\u00adtion\u00adal hour) LITIGATION OVER Amount of dis\u00adpute Hourly rates exclud\u00ading tax includ\u00ading expens\u00ades From 30 [\u2026]<\/p>","protected":false},"author":1,"featured_media":0,"parent":688,"menu_order":0,"comment_status":"closed","ping_status":"closed","template":"","meta":{"_acf_changed":false,"wp_typography_post_enhancements_disabled":false,"footnotes":""},"class_list":["post-4129","page","type-page","status-publish","hentry"],"acf":[],"yoast_head":"<!-- This site is optimized with the Yoast SEO plugin v26.9 - https:\/\/yoast.com\/product\/yoast-seo-wordpress\/ -->\n<title>Bar\u00e8mes de m\u00e9diation - Arias France<\/title>\n<meta name=\"robots\" content=\"index, follow, max-snippet:-1, max-image-preview:large, max-video-preview:-1\" \/>\n<link rel=\"canonical\" href=\"https:\/\/www.arias-france.fr\/en\/mediation\/mediation-rates\/\" \/>\n<meta property=\"og:locale\" content=\"en_US\" \/>\n<meta property=\"og:type\" content=\"article\" \/>\n<meta property=\"og:title\" content=\"Bar\u00e8mes de m\u00e9diation - Arias France\" \/>\n<meta property=\"og:description\" content=\"M\u00e9diation Bar\u00e8mes de m\u00e9diation Droits d\u2019ouverture Forfait de 300 \u20ac HT par partie. Frais et honoraires LITIGES INFERIEURS A\u00a030 000 \u20ac HT Honoraires forfaitaires de 1 250 \u20ac (5 heures maximum). (Au-del\u00e0 des cinq heures : 250\u20ac HT par heure suppl\u00e9mentaire) LITIGES SUPERIEURS Montant du litige de Taux horaires HT y compris frais De 30 [&hellip;]\" \/>\n<meta property=\"og:url\" content=\"https:\/\/www.arias-france.fr\/en\/mediation\/mediation-rates\/\" \/>\n<meta property=\"og:site_name\" content=\"Arias France\" \/>\n<meta property=\"article:modified_time\" content=\"2025-05-06T15:09:27+00:00\" \/>\n<meta property=\"og:image\" content=\"https:\/\/www.arias-france.fr\/wp-content\/uploads\/2023\/05\/Alb_2280_2000_795_imgO_280318_141847-1024x360.png\" \/>\n\t<meta property=\"og:image:width\" content=\"1024\" \/>\n\t<meta property=\"og:image:height\" content=\"360\" \/>\n\t<meta property=\"og:image:type\" content=\"image\/png\" \/>\n<meta name=\"twitter:card\" content=\"summary_large_image\" \/>\n<meta name=\"twitter:label1\" content=\"Est. reading time\" \/>\n\t<meta name=\"twitter:data1\" content=\"1 minute\" \/>\n<script type=\"application\/ld+json\" class=\"yoast-schema-graph\">{\"@context\":\"https:\/\/schema.org\",\"@graph\":[{\"@type\":\"WebPage\",\"@id\":\"https:\/\/www.arias-france.fr\/mediation\/baremes-de-mediation\/\",\"url\":\"https:\/\/www.arias-france.fr\/mediation\/baremes-de-mediation\/\",\"name\":\"Bar\u00e8mes de m\u00e9diation - Arias France\",\"isPartOf\":{\"@id\":\"https:\/\/www.arias-france.fr\/#website\"},\"datePublished\":\"2023-12-12T10:21:57+00:00\",\"dateModified\":\"2025-05-06T15:09:27+00:00\",\"breadcrumb\":{\"@id\":\"https:\/\/www.arias-france.fr\/mediation\/baremes-de-mediation\/#breadcrumb\"},\"inLanguage\":\"en-US\",\"potentialAction\":[{\"@type\":\"ReadAction\",\"target\":[\"https:\/\/www.arias-france.fr\/mediation\/baremes-de-mediation\/\"]}]},{\"@type\":\"BreadcrumbList\",\"@id\":\"https:\/\/www.arias-france.fr\/mediation\/baremes-de-mediation\/#breadcrumb\",\"itemListElement\":[{\"@type\":\"ListItem\",\"position\":1,\"name\":\"Home\",\"item\":\"https:\/\/www.arias-france.fr\/\"},{\"@type\":\"ListItem\",\"position\":2,\"name\":\"M\u00e9diation\",\"item\":\"https:\/\/www.arias-france.fr\/mediation\/\"},{\"@type\":\"ListItem\",\"position\":3,\"name\":\"Bar\u00e8mes de m\u00e9diation\"}]},{\"@type\":\"WebSite\",\"@id\":\"https:\/\/www.arias-france.fr\/#website\",\"url\":\"https:\/\/www.arias-france.fr\/\",\"name\":\"Arias France\",\"description\":\"L&#039;arbitrage et la m\u00e9diation au service du monde de l&#039;assurance\",\"publisher\":{\"@id\":\"https:\/\/www.arias-france.fr\/#organization\"},\"potentialAction\":[{\"@type\":\"SearchAction\",\"target\":{\"@type\":\"EntryPoint\",\"urlTemplate\":\"https:\/\/www.arias-france.fr\/?s={search_term_string}\"},\"query-input\":{\"@type\":\"PropertyValueSpecification\",\"valueRequired\":true,\"valueName\":\"search_term_string\"}}],\"inLanguage\":\"en-US\"},{\"@type\":\"Organization\",\"@id\":\"https:\/\/www.arias-france.fr\/#organization\",\"name\":\"Arias France\",\"url\":\"https:\/\/www.arias-france.fr\/\",\"logo\":{\"@type\":\"ImageObject\",\"inLanguage\":\"en-US\",\"@id\":\"https:\/\/www.arias-france.fr\/#\/schema\/logo\/image\/\",\"url\":\"https:\/\/www.arias-france.fr\/wp-content\/uploads\/2023\/04\/Icone_ARIAS_RVB.png\",\"contentUrl\":\"https:\/\/www.arias-france.fr\/wp-content\/uploads\/2023\/04\/Icone_ARIAS_RVB.png\",\"width\":1726,\"height\":1723,\"caption\":\"Arias France\"},\"image\":{\"@id\":\"https:\/\/www.arias-france.fr\/#\/schema\/logo\/image\/\"}}]}<\/script>\n<!-- \/ Yoast SEO plugin. -->","yoast_head_json":{"title":"Medi\u00ada\u00adtion rates\u2009\u2014\u2009Arias France","robots":{"index":"index","follow":"follow","max-snippet":"max-snippet:-1","max-image-preview":"max-image-preview:large","max-video-preview":"max-video-preview:-1"},"canonical":"https:\/\/www.arias-france.fr\/en\/mediation\/mediation-rates\/","og_locale":"en_US","og_type":"article","og_title":"Bar\u00e8mes de m\u00e9diation - Arias France","og_description":"M\u00e9diation Bar\u00e8mes de m\u00e9diation Droits d\u2019ouverture Forfait de 300 \u20ac HT par partie. Frais et honoraires LITIGES INFERIEURS A\u00a030 000 \u20ac HT Honoraires forfaitaires de 1 250 \u20ac (5 heures maximum). (Au-del\u00e0 des cinq heures : 250\u20ac HT par heure suppl\u00e9mentaire) LITIGES SUPERIEURS Montant du litige de Taux horaires HT y compris frais De 30 [&hellip;]","og_url":"https:\/\/www.arias-france.fr\/en\/mediation\/mediation-rates\/","og_site_name":"Arias France","article_modified_time":"2025-05-06T15:09:27+00:00","og_image":[{"width":1024,"height":360,"url":"https:\/\/www.arias-france.fr\/wp-content\/uploads\/2023\/05\/Alb_2280_2000_795_imgO_280318_141847-1024x360.png","type":"image\/png"}],"twitter_card":"summary_large_image","twitter_misc":{"Est. reading time":"1 minute"},"schema":{"@context":"https:\/\/schema.org","@graph":[{"@type":"WebPage","@id":"https:\/\/www.arias-france.fr\/mediation\/baremes-de-mediation\/","url":"https:\/\/www.arias-france.fr\/mediation\/baremes-de-mediation\/","name":"Medi\u00ada\u00adtion rates\u2009\u2014\u2009Arias France","isPartOf":{"@id":"https:\/\/www.arias-france.fr\/#website"},"datePublished":"2023-12-12T10:21:57+00:00","dateModified":"2025-05-06T15:09:27+00:00","breadcrumb":{"@id":"https:\/\/www.arias-france.fr\/mediation\/baremes-de-mediation\/#breadcrumb"},"inLanguage":"en-US","potentialAction":[{"@type":"ReadAction","target":["https:\/\/www.arias-france.fr\/mediation\/baremes-de-mediation\/"]}]},{"@type":"BreadcrumbList","@id":"https:\/\/www.arias-france.fr\/mediation\/baremes-de-mediation\/#breadcrumb","itemListElement":[{"@type":"ListItem","position":1,"name":"Home","item":"https:\/\/www.arias-france.fr\/"},{"@type":"ListItem","position":2,"name":"M\u00e9diation","item":"https:\/\/www.arias-france.fr\/mediation\/"},{"@type":"ListItem","position":3,"name":"Bar\u00e8mes de m\u00e9diation"}]},{"@type":"WebSite","@id":"https:\/\/www.arias-france.fr\/#website","url":"https:\/\/www.arias-france.fr\/","name":"Arias France","description":"Arbi\u00adtra\u00adtion and medi\u00ada\u00adtion for the insur\u00adance indus\u00adtry","publisher":{"@id":"https:\/\/www.arias-france.fr\/#organization"},"potentialAction":[{"@type":"SearchAction","target":{"@type":"EntryPoint","urlTemplate":"https:\/\/www.arias-france.fr\/?s={search_term_string}"},"query-input":{"@type":"PropertyValueSpecification","valueRequired":true,"valueName":"search_term_string"}}],"inLanguage":"en-US"},{"@type":"Organization","@id":"https:\/\/www.arias-france.fr\/#organization","name":"Arias France","url":"https:\/\/www.arias-france.fr\/","logo":{"@type":"ImageObject","inLanguage":"en-US","@id":"https:\/\/www.arias-france.fr\/#\/schema\/logo\/image\/","url":"https:\/\/www.arias-france.fr\/wp-content\/uploads\/2023\/04\/Icone_ARIAS_RVB.png","contentUrl":"https:\/\/www.arias-france.fr\/wp-content\/uploads\/2023\/04\/Icone_ARIAS_RVB.png","width":1726,"height":1723,"caption":"Arias France"},"image":{"@id":"https:\/\/www.arias-france.fr\/#\/schema\/logo\/image\/"}}]}},"_links":{"self":[{"href":"https:\/\/www.arias-france.fr\/en\/wp-json\/wp\/v2\/pages\/4129","targetHints":{"allow":["GET"]}}],"collection":[{"href":"https:\/\/www.arias-france.fr\/en\/wp-json\/wp\/v2\/pages"}],"about":[{"href":"https:\/\/www.arias-france.fr\/en\/wp-json\/wp\/v2\/types\/page"}],"author":[{"embeddable":true,"href":"https:\/\/www.arias-france.fr\/en\/wp-json\/wp\/v2\/users\/1"}],"replies":[{"embeddable":true,"href":"https:\/\/www.arias-france.fr\/en\/wp-json\/wp\/v2\/comments?post=4129"}],"version-history":[{"count":0,"href":"https:\/\/www.arias-france.fr\/en\/wp-json\/wp\/v2\/pages\/4129\/revisions"}],"up":[{"embeddable":true,"href":"https:\/\/www.arias-france.fr\/en\/wp-json\/wp\/v2\/pages\/688"}],"wp:attachment":[{"href":"https:\/\/www.arias-france.fr\/en\/wp-json\/wp\/v2\/media?parent=4129"}],"curies":[{"name":"wp","href":"https:\/\/api.w.org\/{rel}","templated":true}]}}