{"id":613,"date":"2023-04-07T11:24:56","date_gmt":"2023-04-07T09:24:56","guid":{"rendered":"https:\/\/www.arias-france.fr\/services\/"},"modified":"2025-05-06T10:28:36","modified_gmt":"2025-05-06T08:28:36","slug":"arbitration","status":"publish","type":"page","link":"https:\/\/www.arias-france.fr\/en\/arbitration\/","title":{"rendered":"What is Arbi\u00adtra\u00adtion&nbsp;?"},"content":{"rendered":"<div data-elementor-type=\"wp-post\" data-elementor-id=\"613\" class=\"elementor elementor-613\" data-elementor-post-type=\"page\">\n\t\t\t\t\t\t<section class=\"elementor-section elementor-top-section elementor-element elementor-element-034e349 elementor-section-height-min-height elementor-section-boxed elementor-section-height-default elementor-section-items-middle\" data-id=\"034e349\" data-element_type=\"section\" data-e-type=\"section\" data-settings=\"{&quot;background_background&quot;:&quot;classic&quot;}\">\n\t\t\t\t\t\t<div class=\"elementor-container elementor-column-gap-default\">\n\t\t\t\t\t<div class=\"elementor-column elementor-col-100 elementor-top-column elementor-element elementor-element-099f028\" data-id=\"099f028\" data-element_type=\"column\" data-e-type=\"column\">\n\t\t\t<div class=\"elementor-widget-wrap elementor-element-populated\">\n\t\t\t\t\t\t<div class=\"elementor-element elementor-element-a2a54b4 elementor-widget elementor-widget-heading\" data-id=\"a2a54b4\" data-element_type=\"widget\" data-e-type=\"widget\" data-widget_type=\"heading.default\">\n\t\t\t\t<div class=\"elementor-widget-container\">\n\t\t\t\t\t<h1 class=\"elementor-heading-title elementor-size-default\">Arbitration<\/h1>\t\t\t\t<\/div>\n\t\t\t\t<\/div>\n\t\t\t\t\t<\/div>\n\t\t<\/div>\n\t\t\t\t\t<\/div>\n\t\t<\/section>\n\t\t\t\t<section class=\"elementor-section elementor-top-section elementor-element elementor-element-9421b61 elementor-section-height-min-height elementor-section-boxed elementor-section-height-default elementor-section-items-middle\" data-id=\"9421b61\" data-element_type=\"section\" data-e-type=\"section\" data-settings=\"{&quot;background_background&quot;:&quot;slideshow&quot;,&quot;background_slideshow_gallery&quot;:[{&quot;id&quot;:5804,&quot;url&quot;:&quot;https:\\\/\\\/www.arias-france.fr\\\/wp-content\\\/uploads\\\/2024\\\/02\\\/arbitrages-web.jpg&quot;}],&quot;background_slideshow_loop&quot;:&quot;yes&quot;,&quot;background_slideshow_slide_duration&quot;:5000,&quot;background_slideshow_slide_transition&quot;:&quot;fade&quot;,&quot;background_slideshow_transition_duration&quot;:500}\">\n\t\t\t\t\t\t<div class=\"elementor-container elementor-column-gap-default\">\n\t\t\t\t\t<div class=\"elementor-column elementor-col-100 elementor-top-column elementor-element elementor-element-3676303\" data-id=\"3676303\" data-element_type=\"column\" data-e-type=\"column\">\n\t\t\t<div class=\"elementor-widget-wrap\">\n\t\t\t\t\t\t\t<\/div>\n\t\t<\/div>\n\t\t\t\t\t<\/div>\n\t\t<\/section>\n\t\t\t\t<section class=\"elementor-section elementor-top-section elementor-element elementor-element-32cf6d3 elementor-section-boxed elementor-section-height-default elementor-section-height-default\" data-id=\"32cf6d3\" data-element_type=\"section\" data-e-type=\"section\">\n\t\t\t\t\t\t<div class=\"elementor-container elementor-column-gap-default\">\n\t\t\t\t\t<div class=\"elementor-column elementor-col-100 elementor-top-column elementor-element elementor-element-f5af36c\" data-id=\"f5af36c\" data-element_type=\"column\" data-e-type=\"column\">\n\t\t\t<div class=\"elementor-widget-wrap elementor-element-populated\">\n\t\t\t\t\t\t<div class=\"elementor-element elementor-element-fe898a8 elementor-widget elementor-widget-heading\" data-id=\"fe898a8\" data-element_type=\"widget\" data-e-type=\"widget\" data-widget_type=\"heading.default\">\n\t\t\t\t<div class=\"elementor-widget-container\">\n\t\t\t\t\t<h2 class=\"elementor-heading-title elementor-size-default\">What is Arbitration&nbsp;?<\/h2>\t\t\t\t<\/div>\n\t\t\t\t<\/div>\n\t\t\t\t\t<\/div>\n\t\t<\/div>\n\t\t\t\t\t<\/div>\n\t\t<\/section>\n\t\t\t\t<section class=\"elementor-section elementor-top-section elementor-element elementor-element-feecc9a elementor-section-boxed elementor-section-height-default elementor-section-height-default\" data-id=\"feecc9a\" data-element_type=\"section\" data-e-type=\"section\">\n\t\t\t\t\t\t<div class=\"elementor-container elementor-column-gap-default\">\n\t\t\t\t\t<div class=\"elementor-column elementor-col-100 elementor-top-column elementor-element elementor-element-039e94a\" data-id=\"039e94a\" data-element_type=\"column\" data-e-type=\"column\">\n\t\t\t<div class=\"elementor-widget-wrap elementor-element-populated\">\n\t\t\t\t\t\t<div class=\"elementor-element elementor-element-bda69e0 elementor-widget elementor-widget-text-editor\" data-id=\"bda69e0\" data-element_type=\"widget\" data-e-type=\"widget\" data-widget_type=\"text-editor.default\">\n\t\t\t\t<div class=\"elementor-widget-container\">\n\t\t\t\t\t\t\t\t\t<p>Arbi\u00adtra\u00adtion is an alter\u00adna\u00adtive dis\u00adpute res\u00ado\u00adlu\u00adtion method where\u00adby the par\u00adties decide to sub\u00admit their dis\u00adpute to an Arbi\u00adtral Tri\u00adbunal, made up of inde\u00adpen\u00addent and impar\u00adtial arbi\u00adtra\u00adtors, who will ren\u00adder an enforce\u00adable award whose solu\u00adtion will be bind\u00ading on the par\u00adties. Not sub\u00adject to appeal, the award will ben\u00ade\u00adfit from eas\u00adi\u00ader cir\u00adcu\u00adla\u00adtion with\u00adin the 172 sig\u00adna\u00adto\u00adry states of the 1958 New York Con\u00adven\u00adtion.<\/p>\n<p>This method of dis\u00adpute res\u00ado\u00adlu\u00adtion is an alter\u00adna\u00adtive to state jus\u00adtice. It ensures that the par\u00adties\u2019 dis\u00adpute is resolved quick\u00adly and con\u00adfi\u00adden\u00adtial\u00adly.<\/p>\n<p>Arbi\u00adtra\u00adtion is par\u00adtic\u00adu\u00adlar\u00adly well-suit\u00aded to the tech\u00adni\u00adcal nature of insur\u00adance dis\u00adputes, as it enables the par\u00adties to call in experts who can be ques\u00adtioned by the arbi\u00adtral tri\u00adbunal and each of the par\u00adties at a&nbsp;hear\u00ading.<\/p>\n<p>Con\u00adduct\u00aded under the aegis of\u2019<b>ARIAS France<\/b>, ARIAS FRANCE, an asso\u00adci\u00ada\u00adtion cre\u00adat\u00aded in 1995 and gov\u00aderned by the French law of 1901, arbi\u00adtra\u00adtion in the insur\u00adance and rein\u00adsur\u00adance sec\u00adtor enables par\u00adties to have their dis\u00adpute resolved by indus\u00adtry pro\u00adfes\u00adsion\u00adals, whom they can choose\u2009\u2014\u2009or not\u2009\u2014\u2009from the list of arbi\u00adtra\u00adtors pro\u00adposed by the Cen\u00adtre. In the event of dis\u00adagree\u00adment as to the con\u00adsti\u00adtu\u00adtion of a&nbsp;Tri\u00adbunal, the ARIAS FRANCE Com\u00admis\u00adsion will select one from its exten\u00adsive inter\u00adna\u00adtion\u00adal net\u00adwork of arbi\u00adtra\u00adtion experts spe\u00adcial\u00adiz\u00ading in insur\u00adance and rein\u00adsur\u00adance.<\/p>\n<p><\/p>\n<p><b>ARIAS France<\/b> is a&nbsp;mem\u00adber of the inter\u00adna\u00adtion\u00adal ARIAS (AIDA Rein\u00adsur\u00adance and Insur\u00adance Arbi\u00adtra\u00adtion Soci\u00adety) net\u00adwork of insur\u00adance arbi\u00adtra\u00adtion cen\u00adters cre\u00adat\u00aded under the aegis of AIDA (Asso\u00adci\u00ada\u00adtion Inter\u00adna\u00adtionale du Droit des Assur\u00adances).<\/p>\n<p>This excep\u00adtion\u00adal net\u00adwork makes ARIAS France the ref\u00ader\u00adence cen\u00adter for insur\u00adance and rein\u00adsur\u00adance arbi\u00adtra\u00adtion.<\/p>\n<p>Close\u00adly attuned to the con\u00adcerns of insur\u00adance and rein\u00adsur\u00adance com\u00adpa\u00adnies with large vol\u00adumes of lit\u00adi\u00adga\u00adtion, ARIAS France assures its users that its \u00ab&nbsp;turnkey&nbsp;\u00bb pro\u00adce\u00addure remains inex\u00adpen\u00adsive thanks to a&nbsp;capped fee struc\u00adture.<\/p>\t\t\t\t\t\t\t\t<\/div>\n\t\t\t\t<\/div>\n\t\t\t\t\t<\/div>\n\t\t<\/div>\n\t\t\t\t\t<\/div>\n\t\t<\/section>\n\t\t\t\t<\/div>","protected":false},"excerpt":{"rendered":"<p>Arbi\u00adtrage Qu\u2019est ce que l\u2019Arbitrage&nbsp;? L\u2019arbitrage est un mode alter\u00adnatif de r\u00e8gle\u00adment des dif\u00adf\u00e9rends par lequel les par\u00adties d\u00e9ci\u00addent de soumet\u00adtre leur dif\u00adf\u00e9rend \u00e0&nbsp;un Tri\u00adbunal arbi\u00adtral, com\u00adpos\u00e9 d\u2019arbitres ind\u00e9pen\u00addants et impar\u00adti\u00adaux, qui ren\u00addra une sen\u00adtence ex\u00e9\u00adcu\u00adtoire dont la solu\u00adtion s\u2019imposera aux par\u00adties. Non sus\u00adcep\u00adti\u00adble d\u2019appel, elle b\u00e9n\u00e9\u00adficiera d\u2019une cir\u00adcu\u00adla\u00adtion facil\u00adit\u00e9e au sein des [\u2026]<\/p>","protected":false},"author":1,"featured_media":616,"parent":0,"menu_order":0,"comment_status":"closed","ping_status":"closed","template":"","meta":{"_acf_changed":false,"wp_typography_post_enhancements_disabled":false,"footnotes":""},"class_list":["post-613","page","type-page","status-publish","has-post-thumbnail","hentry"],"acf":[],"yoast_head":"<!-- This site is optimized with the Yoast SEO plugin v26.9 - https:\/\/yoast.com\/product\/yoast-seo-wordpress\/ -->\n<title>Qu\u2019est-ce que l&#039;Arbitrage ? - Arias France<\/title>\n<meta name=\"robots\" content=\"index, follow, max-snippet:-1, max-image-preview:large, max-video-preview:-1\" \/>\n<link rel=\"canonical\" href=\"https:\/\/www.arias-france.fr\/en\/arbitration\/\" \/>\n<meta property=\"og:locale\" content=\"en_US\" \/>\n<meta property=\"og:type\" content=\"article\" \/>\n<meta property=\"og:title\" content=\"Qu\u2019est-ce que l&#039;Arbitrage ? - Arias France\" \/>\n<meta property=\"og:description\" content=\"Arbitrage Qu&rsquo;est ce que l&rsquo;Arbitrage ? L&rsquo;arbitrage est un mode alternatif de r\u00e8glement des diff\u00e9rends par lequel les parties d\u00e9cident de soumettre leur diff\u00e9rend \u00e0 un Tribunal arbitral, compos\u00e9 d\u2019arbitres ind\u00e9pendants et impartiaux, qui rendra une sentence ex\u00e9cutoire dont la solution s\u2019imposera aux parties. Non susceptible d\u2019appel, elle b\u00e9n\u00e9ficiera d\u2019une circulation facilit\u00e9e au sein des [&hellip;]\" \/>\n<meta property=\"og:url\" content=\"https:\/\/www.arias-france.fr\/en\/arbitration\/\" \/>\n<meta property=\"og:site_name\" content=\"Arias France\" \/>\n<meta property=\"article:modified_time\" content=\"2025-05-06T08:28:36+00:00\" \/>\n<meta property=\"og:image\" content=\"https:\/\/www.arias-france.fr\/wp-content\/uploads\/2023\/04\/Services-1.jpg\" \/>\n\t<meta property=\"og:image:width\" content=\"400\" \/>\n\t<meta property=\"og:image:height\" content=\"380\" \/>\n\t<meta property=\"og:image:type\" content=\"image\/jpeg\" \/>\n<meta name=\"twitter:card\" content=\"summary_large_image\" \/>\n<meta name=\"twitter:label1\" content=\"Est. reading time\" \/>\n\t<meta name=\"twitter:data1\" content=\"2 minutes\" \/>\n<script type=\"application\/ld+json\" class=\"yoast-schema-graph\">{\"@context\":\"https:\/\/schema.org\",\"@graph\":[{\"@type\":\"WebPage\",\"@id\":\"https:\/\/www.arias-france.fr\/arbitrage\/\",\"url\":\"https:\/\/www.arias-france.fr\/arbitrage\/\",\"name\":\"Qu\u2019est-ce que l'Arbitrage ? - Arias France\",\"isPartOf\":{\"@id\":\"https:\/\/www.arias-france.fr\/#website\"},\"primaryImageOfPage\":{\"@id\":\"https:\/\/www.arias-france.fr\/arbitrage\/#primaryimage\"},\"image\":{\"@id\":\"https:\/\/www.arias-france.fr\/arbitrage\/#primaryimage\"},\"thumbnailUrl\":\"https:\/\/www.arias-france.fr\/wp-content\/uploads\/2023\/04\/Services-1.jpg\",\"datePublished\":\"2023-04-07T09:24:56+00:00\",\"dateModified\":\"2025-05-06T08:28:36+00:00\",\"breadcrumb\":{\"@id\":\"https:\/\/www.arias-france.fr\/arbitrage\/#breadcrumb\"},\"inLanguage\":\"en-US\",\"potentialAction\":[{\"@type\":\"ReadAction\",\"target\":[\"https:\/\/www.arias-france.fr\/arbitrage\/\"]}]},{\"@type\":\"ImageObject\",\"inLanguage\":\"en-US\",\"@id\":\"https:\/\/www.arias-france.fr\/arbitrage\/#primaryimage\",\"url\":\"https:\/\/www.arias-france.fr\/wp-content\/uploads\/2023\/04\/Services-1.jpg\",\"contentUrl\":\"https:\/\/www.arias-france.fr\/wp-content\/uploads\/2023\/04\/Services-1.jpg\",\"width\":400,\"height\":380},{\"@type\":\"BreadcrumbList\",\"@id\":\"https:\/\/www.arias-france.fr\/arbitrage\/#breadcrumb\",\"itemListElement\":[{\"@type\":\"ListItem\",\"position\":1,\"name\":\"Home\",\"item\":\"https:\/\/www.arias-france.fr\/\"},{\"@type\":\"ListItem\",\"position\":2,\"name\":\"Qu\u2019est-ce que l&rsquo;Arbitrage ?\"}]},{\"@type\":\"WebSite\",\"@id\":\"https:\/\/www.arias-france.fr\/#website\",\"url\":\"https:\/\/www.arias-france.fr\/\",\"name\":\"Arias France\",\"description\":\"L&#039;arbitrage et la m\u00e9diation au service du monde de l&#039;assurance\",\"publisher\":{\"@id\":\"https:\/\/www.arias-france.fr\/#organization\"},\"potentialAction\":[{\"@type\":\"SearchAction\",\"target\":{\"@type\":\"EntryPoint\",\"urlTemplate\":\"https:\/\/www.arias-france.fr\/?s={search_term_string}\"},\"query-input\":{\"@type\":\"PropertyValueSpecification\",\"valueRequired\":true,\"valueName\":\"search_term_string\"}}],\"inLanguage\":\"en-US\"},{\"@type\":\"Organization\",\"@id\":\"https:\/\/www.arias-france.fr\/#organization\",\"name\":\"Arias France\",\"url\":\"https:\/\/www.arias-france.fr\/\",\"logo\":{\"@type\":\"ImageObject\",\"inLanguage\":\"en-US\",\"@id\":\"https:\/\/www.arias-france.fr\/#\/schema\/logo\/image\/\",\"url\":\"https:\/\/www.arias-france.fr\/wp-content\/uploads\/2023\/04\/Icone_ARIAS_RVB.png\",\"contentUrl\":\"https:\/\/www.arias-france.fr\/wp-content\/uploads\/2023\/04\/Icone_ARIAS_RVB.png\",\"width\":1726,\"height\":1723,\"caption\":\"Arias France\"},\"image\":{\"@id\":\"https:\/\/www.arias-france.fr\/#\/schema\/logo\/image\/\"}}]}<\/script>\n<!-- \/ Yoast SEO plugin. -->","yoast_head_json":{"title":"What is Arbi\u00adtra\u00adtion&nbsp;?\u2009\u2014\u2009Arias France","robots":{"index":"index","follow":"follow","max-snippet":"max-snippet:-1","max-image-preview":"max-image-preview:large","max-video-preview":"max-video-preview:-1"},"canonical":"https:\/\/www.arias-france.fr\/en\/arbitration\/","og_locale":"en_US","og_type":"article","og_title":"Qu\u2019est-ce que l'Arbitrage ? - Arias France","og_description":"Arbitrage Qu&rsquo;est ce que l&rsquo;Arbitrage ? L&rsquo;arbitrage est un mode alternatif de r\u00e8glement des diff\u00e9rends par lequel les parties d\u00e9cident de soumettre leur diff\u00e9rend \u00e0 un Tribunal arbitral, compos\u00e9 d\u2019arbitres ind\u00e9pendants et impartiaux, qui rendra une sentence ex\u00e9cutoire dont la solution s\u2019imposera aux parties. Non susceptible d\u2019appel, elle b\u00e9n\u00e9ficiera d\u2019une circulation facilit\u00e9e au sein des [&hellip;]","og_url":"https:\/\/www.arias-france.fr\/en\/arbitration\/","og_site_name":"Arias France","article_modified_time":"2025-05-06T08:28:36+00:00","og_image":[{"width":400,"height":380,"url":"https:\/\/www.arias-france.fr\/wp-content\/uploads\/2023\/04\/Services-1.jpg","type":"image\/jpeg"}],"twitter_card":"summary_large_image","twitter_misc":{"Est. reading time":"2 minutes"},"schema":{"@context":"https:\/\/schema.org","@graph":[{"@type":"WebPage","@id":"https:\/\/www.arias-france.fr\/arbitrage\/","url":"https:\/\/www.arias-france.fr\/arbitrage\/","name":"What is Arbi\u00adtra\u00adtion&nbsp;?\u2009\u2014\u2009Arias France","isPartOf":{"@id":"https:\/\/www.arias-france.fr\/#website"},"primaryImageOfPage":{"@id":"https:\/\/www.arias-france.fr\/arbitrage\/#primaryimage"},"image":{"@id":"https:\/\/www.arias-france.fr\/arbitrage\/#primaryimage"},"thumbnailUrl":"https:\/\/www.arias-france.fr\/wp-content\/uploads\/2023\/04\/Services-1.jpg","datePublished":"2023-04-07T09:24:56+00:00","dateModified":"2025-05-06T08:28:36+00:00","breadcrumb":{"@id":"https:\/\/www.arias-france.fr\/arbitrage\/#breadcrumb"},"inLanguage":"en-US","potentialAction":[{"@type":"ReadAction","target":["https:\/\/www.arias-france.fr\/arbitrage\/"]}]},{"@type":"ImageObject","inLanguage":"en-US","@id":"https:\/\/www.arias-france.fr\/arbitrage\/#primaryimage","url":"https:\/\/www.arias-france.fr\/wp-content\/uploads\/2023\/04\/Services-1.jpg","contentUrl":"https:\/\/www.arias-france.fr\/wp-content\/uploads\/2023\/04\/Services-1.jpg","width":400,"height":380},{"@type":"BreadcrumbList","@id":"https:\/\/www.arias-france.fr\/arbitrage\/#breadcrumb","itemListElement":[{"@type":"ListItem","position":1,"name":"Home","item":"https:\/\/www.arias-france.fr\/"},{"@type":"ListItem","position":2,"name":"Qu\u2019est-ce que l&rsquo;Arbitrage ?"}]},{"@type":"WebSite","@id":"https:\/\/www.arias-france.fr\/#website","url":"https:\/\/www.arias-france.fr\/","name":"Arias France","description":"Arbi\u00adtra\u00adtion and medi\u00ada\u00adtion for the insur\u00adance indus\u00adtry","publisher":{"@id":"https:\/\/www.arias-france.fr\/#organization"},"potentialAction":[{"@type":"SearchAction","target":{"@type":"EntryPoint","urlTemplate":"https:\/\/www.arias-france.fr\/?s={search_term_string}"},"query-input":{"@type":"PropertyValueSpecification","valueRequired":true,"valueName":"search_term_string"}}],"inLanguage":"en-US"},{"@type":"Organization","@id":"https:\/\/www.arias-france.fr\/#organization","name":"Arias France","url":"https:\/\/www.arias-france.fr\/","logo":{"@type":"ImageObject","inLanguage":"en-US","@id":"https:\/\/www.arias-france.fr\/#\/schema\/logo\/image\/","url":"https:\/\/www.arias-france.fr\/wp-content\/uploads\/2023\/04\/Icone_ARIAS_RVB.png","contentUrl":"https:\/\/www.arias-france.fr\/wp-content\/uploads\/2023\/04\/Icone_ARIAS_RVB.png","width":1726,"height":1723,"caption":"Arias France"},"image":{"@id":"https:\/\/www.arias-france.fr\/#\/schema\/logo\/image\/"}}]}},"_links":{"self":[{"href":"https:\/\/www.arias-france.fr\/en\/wp-json\/wp\/v2\/pages\/613","targetHints":{"allow":["GET"]}}],"collection":[{"href":"https:\/\/www.arias-france.fr\/en\/wp-json\/wp\/v2\/pages"}],"about":[{"href":"https:\/\/www.arias-france.fr\/en\/wp-json\/wp\/v2\/types\/page"}],"author":[{"embeddable":true,"href":"https:\/\/www.arias-france.fr\/en\/wp-json\/wp\/v2\/users\/1"}],"replies":[{"embeddable":true,"href":"https:\/\/www.arias-france.fr\/en\/wp-json\/wp\/v2\/comments?post=613"}],"version-history":[{"count":0,"href":"https:\/\/www.arias-france.fr\/en\/wp-json\/wp\/v2\/pages\/613\/revisions"}],"wp:featuredmedia":[{"embeddable":true,"href":"https:\/\/www.arias-france.fr\/en\/wp-json\/wp\/v2\/media\/616"}],"wp:attachment":[{"href":"https:\/\/www.arias-france.fr\/en\/wp-json\/wp\/v2\/media?parent=613"}],"curies":[{"name":"wp","href":"https:\/\/api.w.org\/{rel}","templated":true}]}}