{"id":621,"date":"2023-04-07T11:24:58","date_gmt":"2023-04-07T09:24:58","guid":{"rendered":"https:\/\/www.arias-france.fr\/about\/"},"modified":"2025-05-06T10:15:34","modified_gmt":"2025-05-06T08:15:34","slug":"presentation","status":"publish","type":"page","link":"https:\/\/www.arias-france.fr\/en\/presentation\/","title":{"rendered":"Pre\u00adsen\u00adta\u00adtion"},"content":{"rendered":"<div data-elementor-type=\"wp-post\" data-elementor-id=\"621\" class=\"elementor elementor-621\" data-elementor-post-type=\"page\">\n\t\t\t\t\t\t<section class=\"elementor-section elementor-top-section elementor-element elementor-element-5ed20551 elementor-section-height-min-height elementor-section-boxed elementor-section-height-default elementor-section-items-middle\" data-id=\"5ed20551\" data-element_type=\"section\" data-e-type=\"section\" data-settings=\"{&quot;background_background&quot;:&quot;classic&quot;}\">\n\t\t\t\t\t\t<div class=\"elementor-container elementor-column-gap-default\">\n\t\t\t\t\t<div class=\"elementor-column elementor-col-100 elementor-top-column elementor-element elementor-element-5cda4747\" data-id=\"5cda4747\" data-element_type=\"column\" data-e-type=\"column\">\n\t\t\t<div class=\"elementor-widget-wrap elementor-element-populated\">\n\t\t\t\t\t\t<div class=\"elementor-element elementor-element-4c675bcc elementor-widget elementor-widget-heading\" data-id=\"4c675bcc\" data-element_type=\"widget\" data-e-type=\"widget\" data-widget_type=\"heading.default\">\n\t\t\t\t<div class=\"elementor-widget-container\">\n\t\t\t\t\t<h1 class=\"elementor-heading-title elementor-size-default\">Arias France<\/h1>\t\t\t\t<\/div>\n\t\t\t\t<\/div>\n\t\t\t\t\t<\/div>\n\t\t<\/div>\n\t\t\t\t\t<\/div>\n\t\t<\/section>\n\t\t\t\t<section class=\"elementor-section elementor-top-section elementor-element elementor-element-7da02f4 elementor-section-boxed elementor-section-height-default elementor-section-height-default\" data-id=\"7da02f4\" data-element_type=\"section\" data-e-type=\"section\">\n\t\t\t\t\t\t<div class=\"elementor-container elementor-column-gap-default\">\n\t\t\t\t\t<div class=\"elementor-column elementor-col-50 elementor-top-column elementor-element elementor-element-6383f33\" data-id=\"6383f33\" data-element_type=\"column\" data-e-type=\"column\">\n\t\t\t<div class=\"elementor-widget-wrap elementor-element-populated\">\n\t\t\t\t\t\t<div class=\"elementor-element elementor-element-8266eea elementor-widget elementor-widget-menu-anchor\" data-id=\"8266eea\" data-element_type=\"widget\" data-e-type=\"widget\" data-widget_type=\"menu-anchor.default\">\n\t\t\t\t<div class=\"elementor-widget-container\">\n\t\t\t\t\t\t\t<div class=\"elementor-menu-anchor\" id=\"reglements\"><\/div>\n\t\t\t\t\t\t<\/div>\n\t\t\t\t<\/div>\n\t\t\t\t<div class=\"elementor-element elementor-element-4ff7491 elementor-widget elementor-widget-heading\" data-id=\"4ff7491\" data-element_type=\"widget\" data-e-type=\"widget\" data-widget_type=\"heading.default\">\n\t\t\t\t<div class=\"elementor-widget-container\">\n\t\t\t\t\t<h2 class=\"elementor-heading-title elementor-size-default\">Presentation<\/h2>\t\t\t\t<\/div>\n\t\t\t\t<\/div>\n\t\t\t\t<div class=\"elementor-element elementor-element-49b6030 elementor-widget elementor-widget-text-editor\" data-id=\"49b6030\" data-element_type=\"widget\" data-e-type=\"widget\" data-widget_type=\"text-editor.default\">\n\t\t\t\t<div class=\"elementor-widget-container\">\n\t\t\t\t\t\t\t\t\t<p><strong>ARIAS FRANCE<\/strong> is an asso\u00adci\u00ada\u00adtion gov\u00aderned by the law of 1901.&nbsp;<\/p><p>&nbsp;<\/p><p><strong>ARIAS FRANCE<\/strong> s&nbsp;main mis\u00adsion is to pro\u00admote alter\u00adna\u00adtive dis\u00adpute res\u00ado\u00adlu\u00adtion meth\u00adods, in par\u00adtic\u00adu\u00adlar medi\u00ada\u00adtion and arbi\u00adtra\u00adtion, in dis\u00adputes between play\u00aders in the insur\u00adance indus\u00adtry as a&nbsp;whole and in all its diver\u00adsi\u00adty.<\/p><p>&nbsp;<\/p><p><strong>ARIAS France<\/strong> offers expe\u00adri\u00adenced medi\u00ada\u00adtors and arbi\u00adtra\u00adtors from the world of insured com\u00adpa\u00adnies, rein\u00adsur\u00adance inter\u00adme\u00addi\u00adaries and insur\u00aders, enabling us to offer the best con\u00addi\u00adtions to par\u00adties in resolv\u00ading their dis\u00adputes.<\/p>\t\t\t\t\t\t\t\t<\/div>\n\t\t\t\t<\/div>\n\t\t\t\t\t<\/div>\n\t\t<\/div>\n\t\t\t\t<div class=\"elementor-column elementor-col-50 elementor-top-column elementor-element elementor-element-5389d53\" data-id=\"5389d53\" data-element_type=\"column\" data-e-type=\"column\">\n\t\t\t<div class=\"elementor-widget-wrap\">\n\t\t\t\t\t\t\t<\/div>\n\t\t<\/div>\n\t\t\t\t\t<\/div>\n\t\t<\/section>\n\t\t\t\t<section class=\"elementor-section elementor-top-section elementor-element elementor-element-f2e10d3 elementor-section-boxed elementor-section-height-default elementor-section-height-default\" data-id=\"f2e10d3\" data-element_type=\"section\" data-e-type=\"section\">\n\t\t\t\t\t\t<div class=\"elementor-container elementor-column-gap-default\">\n\t\t\t\t\t<div class=\"elementor-column elementor-col-50 elementor-top-column elementor-element elementor-element-66ee0de\" data-id=\"66ee0de\" data-element_type=\"column\" data-e-type=\"column\">\n\t\t\t<div class=\"elementor-widget-wrap elementor-element-populated\">\n\t\t\t\t\t\t<div class=\"elementor-element elementor-element-f03288c elementor-widget elementor-widget-menu-anchor\" data-id=\"f03288c\" data-element_type=\"widget\" data-e-type=\"widget\" data-widget_type=\"menu-anchor.default\">\n\t\t\t\t<div class=\"elementor-widget-container\">\n\t\t\t\t\t\t\t<div class=\"elementor-menu-anchor\" id=\"reglements\"><\/div>\n\t\t\t\t\t\t<\/div>\n\t\t\t\t<\/div>\n\t\t\t\t<div class=\"elementor-element elementor-element-4dfcc37 elementor-widget elementor-widget-heading\" data-id=\"4dfcc37\" data-element_type=\"widget\" data-e-type=\"widget\" data-widget_type=\"heading.default\">\n\t\t\t\t<div class=\"elementor-widget-container\">\n\t\t\t\t\t<h2 class=\"elementor-heading-title elementor-size-default\">Governance\n<\/h2>\t\t\t\t<\/div>\n\t\t\t\t<\/div>\n\t\t\t\t<div class=\"elementor-element elementor-element-4997b02 elementor-widget elementor-widget-text-editor\" data-id=\"4997b02\" data-element_type=\"widget\" data-e-type=\"widget\" data-widget_type=\"text-editor.default\">\n\t\t\t\t<div class=\"elementor-widget-container\">\n\t\t\t\t\t\t\t\t\t<h3>Officers<\/h3><div>&nbsp;<\/div><p><b>Eric EVIAN&nbsp;:<\/b>&nbsp;Chair\u00adman<\/p><p><b>Sophie GREMAUD&nbsp;:&nbsp;<\/b>Vice-Chair\u00adwoman<\/p><p><b>H\u00e9lo\u00efse MEUR&nbsp;:<\/b>&nbsp;Gen\u00ader\u00adal Sec\u00adre\u00adtary<\/p><p><b>Jean Marc SARAFIAN<\/b><b>&nbsp;:&nbsp;<\/b>Trea\u00adsur\u00ader<\/p><p><b>Jean-Marc BLAMOUTIER&nbsp;:&nbsp;<\/b>mem\u00adber of the Board, Hon\u00adorary Chair\u00adman<\/p><p><b>Pierre-Denis CHAMPVILLARD&nbsp;:<\/b>&nbsp;Bureau mem\u00adber<\/p><p>&nbsp;<\/p><p>&nbsp;<\/p><p>&nbsp;<\/p>\t\t\t\t\t\t\t\t<\/div>\n\t\t\t\t<\/div>\n\t\t\t\t\t<\/div>\n\t\t<\/div>\n\t\t\t\t<div class=\"elementor-column elementor-col-50 elementor-top-column elementor-element elementor-element-ec83f6d\" data-id=\"ec83f6d\" data-element_type=\"column\" data-e-type=\"column\">\n\t\t\t<div class=\"elementor-widget-wrap\">\n\t\t\t\t\t\t\t<\/div>\n\t\t<\/div>\n\t\t\t\t\t<\/div>\n\t\t<\/section>\n\t\t\t\t<\/div>","protected":false},"excerpt":{"rendered":"<p>Arias France Pre\u00adsen\u00adta\u00adtion ARIAS FRANCE is an asso\u00adci\u00ada\u00adtion gov\u00aderned by the law of 1901. ARIAS FRANCE\u2019s main mis\u00adsion is to pro\u00admote alter\u00adna\u00adtive dis\u00adpute res\u00ado\u00adlu\u00adtion meth\u00adods, par\u00adtic\u00adu\u00adlar\u00adly medi\u00ada\u00adtion and arbi\u00adtra\u00adtion, in dis\u00adputes that may arise between all stake\u00adhold\u00aders in the insur\u00adance indus\u00adtry, in its entire\u00adty and diver\u00adsi\u00adty. ARIAS [\u2026]<\/p>","protected":false},"author":1,"featured_media":624,"parent":0,"menu_order":0,"comment_status":"closed","ping_status":"closed","template":"","meta":{"_acf_changed":false,"wp_typography_post_enhancements_disabled":false,"footnotes":""},"class_list":["post-621","page","type-page","status-publish","has-post-thumbnail","hentry"],"acf":[],"yoast_head":"<!-- This site is optimized with the Yoast SEO plugin v26.9 - https:\/\/yoast.com\/product\/yoast-seo-wordpress\/ -->\n<title>Pr\u00e9sentation - Arias France<\/title>\n<meta name=\"robots\" content=\"index, follow, max-snippet:-1, max-image-preview:large, max-video-preview:-1\" \/>\n<link rel=\"canonical\" href=\"https:\/\/www.arias-france.fr\/en\/presentation\/\" \/>\n<meta property=\"og:locale\" content=\"en_US\" \/>\n<meta property=\"og:type\" content=\"article\" \/>\n<meta property=\"og:title\" content=\"Pr\u00e9sentation - Arias France\" \/>\n<meta property=\"og:description\" content=\"Arias France Pr\u00e9sentation ARIAS FRANCE est une association r\u00e9gie par la loi de 1901.\u00a0 \u00a0 ARIAS FRANCE a pour mission principale de promouvoir les modes alternatifs de r\u00e8glement des conflits, plus particuli\u00e8rement la m\u00e9diation et l\u2019arbitrage dans les litiges pouvant opposer des acteurs du monde de l\u2019assurance dans son ensemble et sa diversit\u00e9. \u00a0 ARIAS [&hellip;]\" \/>\n<meta property=\"og:url\" content=\"https:\/\/www.arias-france.fr\/en\/presentation\/\" \/>\n<meta property=\"og:site_name\" content=\"Arias France\" \/>\n<meta property=\"article:modified_time\" content=\"2025-05-06T08:15:34+00:00\" \/>\n<meta property=\"og:image\" content=\"https:\/\/www.arias-france.fr\/wp-content\/uploads\/2023\/04\/About-1.jpg\" \/>\n\t<meta property=\"og:image:width\" content=\"400\" \/>\n\t<meta property=\"og:image:height\" content=\"380\" \/>\n\t<meta property=\"og:image:type\" content=\"image\/jpeg\" \/>\n<meta name=\"twitter:card\" content=\"summary_large_image\" \/>\n<meta name=\"twitter:label1\" content=\"Est. reading time\" \/>\n\t<meta name=\"twitter:data1\" content=\"1 minute\" \/>\n<script type=\"application\/ld+json\" class=\"yoast-schema-graph\">{\"@context\":\"https:\/\/schema.org\",\"@graph\":[{\"@type\":\"WebPage\",\"@id\":\"https:\/\/www.arias-france.fr\/presentation\/\",\"url\":\"https:\/\/www.arias-france.fr\/presentation\/\",\"name\":\"Pr\u00e9sentation - Arias France\",\"isPartOf\":{\"@id\":\"https:\/\/www.arias-france.fr\/#website\"},\"primaryImageOfPage\":{\"@id\":\"https:\/\/www.arias-france.fr\/presentation\/#primaryimage\"},\"image\":{\"@id\":\"https:\/\/www.arias-france.fr\/presentation\/#primaryimage\"},\"thumbnailUrl\":\"https:\/\/www.arias-france.fr\/wp-content\/uploads\/2023\/04\/About-1.jpg\",\"datePublished\":\"2023-04-07T09:24:58+00:00\",\"dateModified\":\"2025-05-06T08:15:34+00:00\",\"breadcrumb\":{\"@id\":\"https:\/\/www.arias-france.fr\/presentation\/#breadcrumb\"},\"inLanguage\":\"en-US\",\"potentialAction\":[{\"@type\":\"ReadAction\",\"target\":[\"https:\/\/www.arias-france.fr\/presentation\/\"]}]},{\"@type\":\"ImageObject\",\"inLanguage\":\"en-US\",\"@id\":\"https:\/\/www.arias-france.fr\/presentation\/#primaryimage\",\"url\":\"https:\/\/www.arias-france.fr\/wp-content\/uploads\/2023\/04\/About-1.jpg\",\"contentUrl\":\"https:\/\/www.arias-france.fr\/wp-content\/uploads\/2023\/04\/About-1.jpg\",\"width\":400,\"height\":380},{\"@type\":\"BreadcrumbList\",\"@id\":\"https:\/\/www.arias-france.fr\/presentation\/#breadcrumb\",\"itemListElement\":[{\"@type\":\"ListItem\",\"position\":1,\"name\":\"Home\",\"item\":\"https:\/\/www.arias-france.fr\/\"},{\"@type\":\"ListItem\",\"position\":2,\"name\":\"Pr\u00e9sentation\"}]},{\"@type\":\"WebSite\",\"@id\":\"https:\/\/www.arias-france.fr\/#website\",\"url\":\"https:\/\/www.arias-france.fr\/\",\"name\":\"Arias France\",\"description\":\"L&#039;arbitrage et la m\u00e9diation au service du monde de l&#039;assurance\",\"publisher\":{\"@id\":\"https:\/\/www.arias-france.fr\/#organization\"},\"potentialAction\":[{\"@type\":\"SearchAction\",\"target\":{\"@type\":\"EntryPoint\",\"urlTemplate\":\"https:\/\/www.arias-france.fr\/?s={search_term_string}\"},\"query-input\":{\"@type\":\"PropertyValueSpecification\",\"valueRequired\":true,\"valueName\":\"search_term_string\"}}],\"inLanguage\":\"en-US\"},{\"@type\":\"Organization\",\"@id\":\"https:\/\/www.arias-france.fr\/#organization\",\"name\":\"Arias France\",\"url\":\"https:\/\/www.arias-france.fr\/\",\"logo\":{\"@type\":\"ImageObject\",\"inLanguage\":\"en-US\",\"@id\":\"https:\/\/www.arias-france.fr\/#\/schema\/logo\/image\/\",\"url\":\"https:\/\/www.arias-france.fr\/wp-content\/uploads\/2023\/04\/Icone_ARIAS_RVB.png\",\"contentUrl\":\"https:\/\/www.arias-france.fr\/wp-content\/uploads\/2023\/04\/Icone_ARIAS_RVB.png\",\"width\":1726,\"height\":1723,\"caption\":\"Arias France\"},\"image\":{\"@id\":\"https:\/\/www.arias-france.fr\/#\/schema\/logo\/image\/\"}}]}<\/script>\n<!-- \/ Yoast SEO plugin. -->","yoast_head_json":{"title":"Pre\u00adsen\u00adta\u00adtion\u2009\u2014\u2009Arias France","robots":{"index":"index","follow":"follow","max-snippet":"max-snippet:-1","max-image-preview":"max-image-preview:large","max-video-preview":"max-video-preview:-1"},"canonical":"https:\/\/www.arias-france.fr\/en\/presentation\/","og_locale":"en_US","og_type":"article","og_title":"Pr\u00e9sentation - Arias France","og_description":"Arias France Pr\u00e9sentation ARIAS FRANCE est une association r\u00e9gie par la loi de 1901.\u00a0 \u00a0 ARIAS FRANCE a pour mission principale de promouvoir les modes alternatifs de r\u00e8glement des conflits, plus particuli\u00e8rement la m\u00e9diation et l\u2019arbitrage dans les litiges pouvant opposer des acteurs du monde de l\u2019assurance dans son ensemble et sa diversit\u00e9. \u00a0 ARIAS [&hellip;]","og_url":"https:\/\/www.arias-france.fr\/en\/presentation\/","og_site_name":"Arias France","article_modified_time":"2025-05-06T08:15:34+00:00","og_image":[{"width":400,"height":380,"url":"https:\/\/www.arias-france.fr\/wp-content\/uploads\/2023\/04\/About-1.jpg","type":"image\/jpeg"}],"twitter_card":"summary_large_image","twitter_misc":{"Est. reading time":"1 minute"},"schema":{"@context":"https:\/\/schema.org","@graph":[{"@type":"WebPage","@id":"https:\/\/www.arias-france.fr\/presentation\/","url":"https:\/\/www.arias-france.fr\/presentation\/","name":"Pre\u00adsen\u00adta\u00adtion\u2009\u2014\u2009Arias France","isPartOf":{"@id":"https:\/\/www.arias-france.fr\/#website"},"primaryImageOfPage":{"@id":"https:\/\/www.arias-france.fr\/presentation\/#primaryimage"},"image":{"@id":"https:\/\/www.arias-france.fr\/presentation\/#primaryimage"},"thumbnailUrl":"https:\/\/www.arias-france.fr\/wp-content\/uploads\/2023\/04\/About-1.jpg","datePublished":"2023-04-07T09:24:58+00:00","dateModified":"2025-05-06T08:15:34+00:00","breadcrumb":{"@id":"https:\/\/www.arias-france.fr\/presentation\/#breadcrumb"},"inLanguage":"en-US","potentialAction":[{"@type":"ReadAction","target":["https:\/\/www.arias-france.fr\/presentation\/"]}]},{"@type":"ImageObject","inLanguage":"en-US","@id":"https:\/\/www.arias-france.fr\/presentation\/#primaryimage","url":"https:\/\/www.arias-france.fr\/wp-content\/uploads\/2023\/04\/About-1.jpg","contentUrl":"https:\/\/www.arias-france.fr\/wp-content\/uploads\/2023\/04\/About-1.jpg","width":400,"height":380},{"@type":"BreadcrumbList","@id":"https:\/\/www.arias-france.fr\/presentation\/#breadcrumb","itemListElement":[{"@type":"ListItem","position":1,"name":"Home","item":"https:\/\/www.arias-france.fr\/"},{"@type":"ListItem","position":2,"name":"Pr\u00e9sentation"}]},{"@type":"WebSite","@id":"https:\/\/www.arias-france.fr\/#website","url":"https:\/\/www.arias-france.fr\/","name":"Arias France","description":"Arbi\u00adtra\u00adtion and medi\u00ada\u00adtion for the insur\u00adance indus\u00adtry","publisher":{"@id":"https:\/\/www.arias-france.fr\/#organization"},"potentialAction":[{"@type":"SearchAction","target":{"@type":"EntryPoint","urlTemplate":"https:\/\/www.arias-france.fr\/?s={search_term_string}"},"query-input":{"@type":"PropertyValueSpecification","valueRequired":true,"valueName":"search_term_string"}}],"inLanguage":"en-US"},{"@type":"Organization","@id":"https:\/\/www.arias-france.fr\/#organization","name":"Arias France","url":"https:\/\/www.arias-france.fr\/","logo":{"@type":"ImageObject","inLanguage":"en-US","@id":"https:\/\/www.arias-france.fr\/#\/schema\/logo\/image\/","url":"https:\/\/www.arias-france.fr\/wp-content\/uploads\/2023\/04\/Icone_ARIAS_RVB.png","contentUrl":"https:\/\/www.arias-france.fr\/wp-content\/uploads\/2023\/04\/Icone_ARIAS_RVB.png","width":1726,"height":1723,"caption":"Arias France"},"image":{"@id":"https:\/\/www.arias-france.fr\/#\/schema\/logo\/image\/"}}]}},"_links":{"self":[{"href":"https:\/\/www.arias-france.fr\/en\/wp-json\/wp\/v2\/pages\/621","targetHints":{"allow":["GET"]}}],"collection":[{"href":"https:\/\/www.arias-france.fr\/en\/wp-json\/wp\/v2\/pages"}],"about":[{"href":"https:\/\/www.arias-france.fr\/en\/wp-json\/wp\/v2\/types\/page"}],"author":[{"embeddable":true,"href":"https:\/\/www.arias-france.fr\/en\/wp-json\/wp\/v2\/users\/1"}],"replies":[{"embeddable":true,"href":"https:\/\/www.arias-france.fr\/en\/wp-json\/wp\/v2\/comments?post=621"}],"version-history":[{"count":0,"href":"https:\/\/www.arias-france.fr\/en\/wp-json\/wp\/v2\/pages\/621\/revisions"}],"wp:featuredmedia":[{"embeddable":true,"href":"https:\/\/www.arias-france.fr\/en\/wp-json\/wp\/v2\/media\/624"}],"wp:attachment":[{"href":"https:\/\/www.arias-france.fr\/en\/wp-json\/wp\/v2\/media?parent=621"}],"curies":[{"name":"wp","href":"https:\/\/api.w.org\/{rel}","templated":true}]}}