{"id":625,"date":"2023-04-07T11:25:00","date_gmt":"2023-04-07T09:25:00","guid":{"rendered":"https:\/\/www.arias-france.fr\/home\/"},"modified":"2025-05-06T10:55:50","modified_gmt":"2025-05-06T08:55:50","slug":"home","status":"publish","type":"page","link":"https:\/\/www.arias-france.fr\/en\/","title":{"rendered":"Home"},"content":{"rendered":"<div data-elementor-type=\"wp-page\" data-elementor-id=\"625\" class=\"elementor elementor-625\" data-elementor-post-type=\"page\">\n\t\t\t\t\t\t<section class=\"elementor-section elementor-top-section elementor-element elementor-element-eb80241 elementor-section-full_width elementor-section-stretched elementor-section-height-default elementor-section-height-default\" data-id=\"eb80241\" data-element_type=\"section\" data-e-type=\"section\" data-settings=\"{&quot;stretch_section&quot;:&quot;section-stretched&quot;}\">\n\t\t\t\t\t\t<div class=\"elementor-container elementor-column-gap-default\">\n\t\t\t\t\t<div class=\"elementor-column elementor-col-100 elementor-top-column elementor-element elementor-element-2011c48\" data-id=\"2011c48\" data-element_type=\"column\" data-e-type=\"column\">\n\t\t\t<div class=\"elementor-widget-wrap elementor-element-populated\">\n\t\t\t\t\t\t<div class=\"elementor-element elementor-element-a0a4cad elementor-widget elementor-widget-shortcode\" data-id=\"a0a4cad\" data-element_type=\"widget\" data-e-type=\"widget\" data-widget_type=\"shortcode.default\">\n\t\t\t\t<div class=\"elementor-widget-container\">\n\t\t\t\t\t\t\t<div class=\"elementor-shortcode\"><\/div>\n\t\t\t\t\t\t<\/div>\n\t\t\t\t<\/div>\n\t\t\t\t\t<\/div>\n\t\t<\/div>\n\t\t\t\t\t<\/div>\n\t\t<\/section>\n\t\t\t\t<section class=\"elementor-section elementor-top-section elementor-element elementor-element-703dffd6 elementor-section-content-top elementor-section-boxed elementor-section-height-default elementor-section-height-default\" data-id=\"703dffd6\" data-element_type=\"section\" data-e-type=\"section\" data-settings=\"{&quot;background_background&quot;:&quot;classic&quot;}\">\n\t\t\t\t\t\t<div class=\"elementor-container elementor-column-gap-default\">\n\t\t\t\t\t<div class=\"elementor-column elementor-col-50 elementor-top-column elementor-element elementor-element-10300b84\" data-id=\"10300b84\" data-element_type=\"column\" data-e-type=\"column\">\n\t\t\t<div class=\"elementor-widget-wrap elementor-element-populated\">\n\t\t\t\t\t\t<div class=\"elementor-element elementor-element-6fc8dc60 elementor-widget elementor-widget-heading\" data-id=\"6fc8dc60\" data-element_type=\"widget\" data-e-type=\"widget\" data-widget_type=\"heading.default\">\n\t\t\t\t<div class=\"elementor-widget-container\">\n\t\t\t\t\t<h4 class=\"elementor-heading-title elementor-size-default\">Unique expertise<\/h4>\t\t\t\t<\/div>\n\t\t\t\t<\/div>\n\t\t\t\t<div class=\"elementor-element elementor-element-7e835b2e elementor-widget elementor-widget-text-editor\" data-id=\"7e835b2e\" data-element_type=\"widget\" data-e-type=\"widget\" data-widget_type=\"text-editor.default\">\n\t\t\t\t<div class=\"elementor-widget-container\">\n\t\t\t\t\t\t\t\t\t<p><strong>Arias France<\/strong> offers all play\u00aders in the insur\u00adance world (pol\u00adi\u00adcy\u00adhold\u00aders, insur\u00aders, rein\u00adsur\u00aders, mutu\u00adal insur\u00aders, prov\u00adi\u00addent insti\u00adtu\u00adtions, whole\u00adsale inter\u00adme\u00addi\u00adaries, spe\u00adcial\u00adists, local inter\u00adme\u00addi\u00adaries, asset man\u00adage\u00adment con\u00adsul\u00adtants, man\u00adagers, etc.) unique exper\u00adtise tai\u00adlored to their needs, to resolve their dis\u00adputes quick\u00adly and effi\u00adcient\u00adly.<\/p>\t\t\t\t\t\t\t\t<\/div>\n\t\t\t\t<\/div>\n\t\t\t\t\t<\/div>\n\t\t<\/div>\n\t\t\t\t<div class=\"elementor-column elementor-col-50 elementor-top-column elementor-element elementor-element-973a179\" data-id=\"973a179\" data-element_type=\"column\" data-e-type=\"column\">\n\t\t\t<div class=\"elementor-widget-wrap elementor-element-populated\">\n\t\t\t\t\t\t<div class=\"elementor-element elementor-element-d21a8d7 elementor-widget elementor-widget-heading\" data-id=\"d21a8d7\" data-element_type=\"widget\" data-e-type=\"widget\" data-widget_type=\"heading.default\">\n\t\t\t\t<div class=\"elementor-widget-container\">\n\t\t\t\t\t<h4 class=\"elementor-heading-title elementor-size-default\">A specialized arbitration center<\/h4>\t\t\t\t<\/div>\n\t\t\t\t<\/div>\n\t\t\t\t<div class=\"elementor-element elementor-element-9d73f4e elementor-widget elementor-widget-text-editor\" data-id=\"9d73f4e\" data-element_type=\"widget\" data-e-type=\"widget\" data-widget_type=\"text-editor.default\">\n\t\t\t\t<div class=\"elementor-widget-container\">\n\t\t\t\t\t\t\t\t\t<p><strong>ARIAS France<\/strong> is tai\u00adlor-made jus\u00adtice for play\u00aders in the insur\u00adance and rein\u00adsur\u00adance world, includ\u00ading&nbsp;:<\/p><ul><li>arbi\u00adtra\u00adtion and medi\u00ada\u00adtion rules adapt\u00aded to the prob\u00adlems of the sec\u00adtor, reli\u00adable and effec\u00adtive for rapid dis\u00adpute res\u00ado\u00adlu\u00adtion&nbsp;; ;<\/li><li>a list of arbi\u00adtra\u00adtors and medi\u00ada\u00adtors aware of the issues spe\u00adcif\u00adic to the insur\u00adance and rein\u00adsur\u00adance sec\u00adtor.<\/li><\/ul>\t\t\t\t\t\t\t\t<\/div>\n\t\t\t\t<\/div>\n\t\t\t\t\t<\/div>\n\t\t<\/div>\n\t\t\t\t\t<\/div>\n\t\t<\/section>\n\t\t\t\t<section class=\"elementor-section elementor-top-section elementor-element elementor-element-2964fd66 elementor-section-height-min-height elementor-section-items-top elementor-section-content-bottom elementor-section-boxed elementor-section-height-default\" data-id=\"2964fd66\" data-element_type=\"section\" data-e-type=\"section\">\n\t\t\t\t\t\t<div class=\"elementor-container elementor-column-gap-no\">\n\t\t\t\t\t<div class=\"elementor-column elementor-col-50 elementor-top-column elementor-element elementor-element-2f977547\" data-id=\"2f977547\" data-element_type=\"column\" data-e-type=\"column\">\n\t\t\t<div class=\"elementor-widget-wrap elementor-element-populated\">\n\t\t\t\t\t\t<div class=\"elementor-element elementor-element-da01fa7 elementor-widget elementor-widget-image\" data-id=\"da01fa7\" data-element_type=\"widget\" data-e-type=\"widget\" data-widget_type=\"image.default\">\n\t\t\t\t<div class=\"elementor-widget-container\">\n\t\t\t\t\t\t\t\t\t\t\t\t\t\t\t<img fetchpriority=\"high\" decoding=\"async\" width=\"730\" height=\"697\" src=\"https:\/\/www.arias-france.fr\/wp-content\/uploads\/2019\/10\/post-9.png\" class=\"attachment-large size-large wp-image-367\" alt srcset=\"https:\/\/www.arias-france.fr\/wp-content\/uploads\/2019\/10\/post-9.png 730w, https:\/\/www.arias-france.fr\/wp-content\/uploads\/2019\/10\/post-9-300x286.png 300w\" sizes=\"(max-width: 730px) 100vw, 730px\">\t\t\t\t\t\t\t\t\t\t\t\t\t\t\t<\/div>\n\t\t\t\t<\/div>\n\t\t\t\t<div class=\"elementor-element elementor-element-85d9828 elementor-widget elementor-widget-text-editor\" data-id=\"85d9828\" data-element_type=\"widget\" data-e-type=\"widget\" data-widget_type=\"text-editor.default\">\n\t\t\t\t<div class=\"elementor-widget-container\">\n\t\t\t\t\t\t\t\t\t<h3><strong>Arbitration<\/strong><\/h3><p>Arbi\u00adtra\u00adtion is an alter\u00adna\u00adtive dis\u00adpute res\u00ado\u00adlu\u00adtion method in which the par\u00adties decide to sub\u00admit their dispute(s) to an arbi\u00adtral tri\u00adbunal, made up of inde\u00adpen\u00addent and impar\u00adtial arbi\u00adtra\u00adtors, who will ren\u00adder an enforce\u00adable award bind\u00ading on the par\u00adties.<\/p>\t\t\t\t\t\t\t\t<\/div>\n\t\t\t\t<\/div>\n\t\t\t\t<div class=\"elementor-element elementor-element-9f30ceb elementor-align-center button ta elementor-widget elementor-widget-button\" data-id=\"9f30ceb\" data-element_type=\"widget\" data-e-type=\"widget\" data-widget_type=\"button.default\">\n\t\t\t\t<div class=\"elementor-widget-container\">\n\t\t\t\t\t\t\t\t\t<div class=\"elementor-button-wrapper\">\n\t\t\t\t\t<a class=\"elementor-button elementor-button-link elementor-size-sm\" href=\"https:\/\/www.arias-france.fr\/en\/arbitration\/\">\n\t\t\t\t\t\t<span class=\"elementor-button-content-wrapper\">\n\t\t\t\t\t\t\t\t\t<span class=\"elementor-button-text\">Find out more about Arbi\u00adtra\u00adtion<\/span>\n\t\t\t\t\t<\/span>\n\t\t\t\t\t<\/a>\n\t\t\t\t<\/div>\n\t\t\t\t\t\t\t\t<\/div>\n\t\t\t\t<\/div>\n\t\t\t\t\t<\/div>\n\t\t<\/div>\n\t\t\t\t<div class=\"elementor-column elementor-col-50 elementor-top-column elementor-element elementor-element-824dae0\" data-id=\"824dae0\" data-element_type=\"column\" data-e-type=\"column\">\n\t\t\t<div class=\"elementor-widget-wrap elementor-element-populated\">\n\t\t\t\t\t\t<div class=\"elementor-element elementor-element-92fad20 elementor-widget elementor-widget-image\" data-id=\"92fad20\" data-element_type=\"widget\" data-e-type=\"widget\" data-widget_type=\"image.default\">\n\t\t\t\t<div class=\"elementor-widget-container\">\n\t\t\t\t\t\t\t\t\t\t\t\t\t\t\t<img decoding=\"async\" width=\"730\" height=\"697\" data-src=\"https:\/\/www.arias-france.fr\/wp-content\/uploads\/2019\/10\/post-6-1.png\" class=\"attachment-large size-large wp-image-635 lazyload\" alt data-srcset=\"https:\/\/www.arias-france.fr\/wp-content\/uploads\/2019\/10\/post-6-1.png 730w, https:\/\/www.arias-france.fr\/wp-content\/uploads\/2019\/10\/post-6-1-300x286.png 300w\" data-sizes=\"(max-width: 730px) 100vw, 730px\" src=\"data:image\/svg+xml;base64,PHN2ZyB3aWR0aD0iMSIgaGVpZ2h0PSIxIiB4bWxucz0iaHR0cDovL3d3dy53My5vcmcvMjAwMC9zdmciPjwvc3ZnPg==\" style=\"--smush-placeholder-width: 730px; --smush-placeholder-aspect-ratio: 730\/697;\">\t\t\t\t\t\t\t\t\t\t\t\t\t\t\t<\/div>\n\t\t\t\t<\/div>\n\t\t\t\t<div class=\"elementor-element elementor-element-00b96d6 elementor-widget elementor-widget-text-editor\" data-id=\"00b96d6\" data-element_type=\"widget\" data-e-type=\"widget\" data-widget_type=\"text-editor.default\">\n\t\t\t\t<div class=\"elementor-widget-container\">\n\t\t\t\t\t\t\t\t\t<h3><strong>Mediation<\/strong><\/h3>\n<p>Medi\u00ada\u00adtion is an alter\u00adna\u00adtive dis\u00adpute res\u00ado\u00adlu\u00adtion method in which the par\u00adties decide to entrust an inde\u00adpen\u00addent and impar\u00adtial third par\u00adty with the task of help\u00ading them to resolve their dis\u00adpute ami\u00adca\u00adbly and con\u00adsen\u00adsu\u00adal\u00adly. The solu\u00adtion is not imposed on the par\u00adties, who must accept it.<\/p>\t\t\t\t\t\t\t\t<\/div>\n\t\t\t\t<\/div>\n\t\t\t\t<div class=\"elementor-element elementor-element-103c357 elementor-widget elementor-widget-spacer\" data-id=\"103c357\" data-element_type=\"widget\" data-e-type=\"widget\" data-widget_type=\"spacer.default\">\n\t\t\t\t<div class=\"elementor-widget-container\">\n\t\t\t\t\t\t\t<div class=\"elementor-spacer\">\n\t\t\t<div class=\"elementor-spacer-inner\"><\/div>\n\t\t<\/div>\n\t\t\t\t\t\t<\/div>\n\t\t\t\t<\/div>\n\t\t\t\t<div class=\"elementor-element elementor-element-f7929a7 elementor-align-center button cta elementor-widget elementor-widget-button\" data-id=\"f7929a7\" data-element_type=\"widget\" data-e-type=\"widget\" data-widget_type=\"button.default\">\n\t\t\t\t<div class=\"elementor-widget-container\">\n\t\t\t\t\t\t\t\t\t<div class=\"elementor-button-wrapper\">\n\t\t\t\t\t<a class=\"elementor-button elementor-button-link elementor-size-sm\" href=\"https:\/\/www.arias-france.fr\/en\/mediation\/\">\n\t\t\t\t\t\t<span class=\"elementor-button-content-wrapper\">\n\t\t\t\t\t\t\t\t\t<span class=\"elementor-button-text\">Find out more about Medi\u00ada\u00adtion<\/span>\n\t\t\t\t\t<\/span>\n\t\t\t\t\t<\/a>\n\t\t\t\t<\/div>\n\t\t\t\t\t\t\t\t<\/div>\n\t\t\t\t<\/div>\n\t\t\t\t\t<\/div>\n\t\t<\/div>\n\t\t\t\t\t<\/div>\n\t\t<\/section>\n\t\t\t\t<section class=\"elementor-section elementor-top-section elementor-element elementor-element-7d83a505 elementor-section-height-min-height elementor-section-boxed elementor-section-height-default elementor-section-items-middle\" data-id=\"7d83a505\" data-element_type=\"section\" data-e-type=\"section\" data-settings=\"{&quot;background_background&quot;:&quot;classic&quot;}\">\n\t\t\t\t\t\t\t<div class=\"elementor-background-overlay\"><\/div>\n\t\t\t\t\t\t\t<div class=\"elementor-container elementor-column-gap-default\">\n\t\t\t\t\t<div class=\"elementor-column elementor-col-100 elementor-top-column elementor-element elementor-element-650ec6c1\" data-id=\"650ec6c1\" data-element_type=\"column\" data-e-type=\"column\">\n\t\t\t<div class=\"elementor-widget-wrap elementor-element-populated\">\n\t\t\t\t\t\t<div class=\"elementor-element elementor-element-301260f7 elementor-widget elementor-widget-heading\" data-id=\"301260f7\" data-element_type=\"widget\" data-e-type=\"widget\" data-widget_type=\"heading.default\">\n\t\t\t\t<div class=\"elementor-widget-container\">\n\t\t\t\t\t<h2 class=\"elementor-heading-title elementor-size-default\">Contact us\n<\/h2>\t\t\t\t<\/div>\n\t\t\t\t<\/div>\n\t\t\t\t<div class=\"elementor-element elementor-element-a69a1ce elementor-widget elementor-widget-text-editor\" data-id=\"a69a1ce\" data-element_type=\"widget\" data-e-type=\"widget\" data-widget_type=\"text-editor.default\">\n\t\t\t\t<div class=\"elementor-widget-container\">\n\t\t\t\t\t\t\t\t\t<p class=\"p1\">To make an arbi\u00adtra\u00adtion request, please con\u00adtact us at<\/p>\t\t\t\t\t\t\t\t<\/div>\n\t\t\t\t<\/div>\n\t\t\t\t<div class=\"elementor-element elementor-element-40c8a326 elementor-align-center elementor-widget__width-inherit elementor-widget elementor-widget-button\" data-id=\"40c8a326\" data-element_type=\"widget\" data-e-type=\"widget\" data-widget_type=\"button.default\">\n\t\t\t\t<div class=\"elementor-widget-container\">\n\t\t\t\t\t\t\t\t\t<div class=\"elementor-button-wrapper\">\n\t\t\t\t\t<a class=\"elementor-button elementor-button-link elementor-size-md\" href=\"https:\/\/www.arias-france.fr\/en\/enter-arias-france\/\">\n\t\t\t\t\t\t<span class=\"elementor-button-content-wrapper\">\n\t\t\t\t\t\t<span class=\"elementor-button-icon\">\n\t\t\t\t<i aria-hidden=\"true\" class=\"fas fa-long-arrow-alt-right\"><\/i>\t\t\t<\/span>\n\t\t\t\t\t\t\t\t\t<span class=\"elementor-button-text\">REQUEST FOR ARBITRATION<\/span>\n\t\t\t\t\t<\/span>\n\t\t\t\t\t<\/a>\n\t\t\t\t<\/div>\n\t\t\t\t\t\t\t\t<\/div>\n\t\t\t\t<\/div>\n\t\t\t\t<div class=\"elementor-element elementor-element-eb02b65 elementor-align-center elementor-widget__width-initial elementor-widget elementor-widget-button\" data-id=\"eb02b65\" data-element_type=\"widget\" data-e-type=\"widget\" data-widget_type=\"button.default\">\n\t\t\t\t<div class=\"elementor-widget-container\">\n\t\t\t\t\t\t\t\t\t<div class=\"elementor-button-wrapper\">\n\t\t\t\t\t<a class=\"elementor-button elementor-button-link elementor-size-md\" href=\"https:\/\/www.arias-france.fr\/en\/enter-arias-france\/\">\n\t\t\t\t\t\t<span class=\"elementor-button-content-wrapper\">\n\t\t\t\t\t\t<span class=\"elementor-button-icon\">\n\t\t\t\t<i aria-hidden=\"true\" class=\"fas fa-long-arrow-alt-right\"><\/i>\t\t\t<\/span>\n\t\t\t\t\t\t\t\t\t<span class=\"elementor-button-text\">REQUEST FOR MEDIATION<\/span>\n\t\t\t\t\t<\/span>\n\t\t\t\t\t<\/a>\n\t\t\t\t<\/div>\n\t\t\t\t\t\t\t\t<\/div>\n\t\t\t\t<\/div>\n\t\t\t\t\t<\/div>\n\t\t<\/div>\n\t\t\t\t\t<\/div>\n\t\t<\/section>\n\t\t\t\t<\/div>","protected":false},"excerpt":{"rendered":"<p>Unique exper\u00adtise Arias France offers all play\u00aders in the insur\u00adance world (pol\u00adi\u00adcy\u00adhold\u00aders, insur\u00aders, rein\u00adsur\u00aders, mutu\u00adal insur\u00aders, prov\u00adi\u00addent insti\u00adtu\u00adtions, whole\u00adsale inter\u00adme\u00addi\u00adaries, spe\u00adcial\u00adists, local inter\u00adme\u00addi\u00adaries, asset man\u00adage\u00adment con\u00adsul\u00adtants, man\u00adagers, etc.) unique exper\u00adtise tai\u00adlored to their needs to resolve their dis\u00adputes quick\u00adly and effi\u00adcient\u00adly. A&nbsp;spe\u00adcial\u00adized arbi\u00adtra\u00adtion cen\u00adter [\u2026]<\/p>","protected":false},"author":1,"featured_media":628,"parent":0,"menu_order":0,"comment_status":"closed","ping_status":"closed","template":"","meta":{"_acf_changed":false,"wp_typography_post_enhancements_disabled":false,"footnotes":""},"class_list":["post-625","page","type-page","status-publish","has-post-thumbnail","hentry"],"acf":[],"yoast_head":"<!-- This site is optimized with the Yoast SEO plugin v26.9 - https:\/\/yoast.com\/product\/yoast-seo-wordpress\/ -->\n<title>Arias France - L&#039;arbitrage et la m\u00e9diation au service du monde de l&#039;assurance<\/title>\n<meta name=\"description\" content=\"ARIAS France est un centre d\u2019arbitrage et de m\u00e9diation d\u00e9di\u00e9 au monde de l\u2019assurance\/r\u00e9assurance au sens large.\" \/>\n<meta name=\"robots\" content=\"index, follow, max-snippet:-1, max-image-preview:large, max-video-preview:-1\" \/>\n<link rel=\"canonical\" href=\"https:\/\/www.arias-france.fr\/en\/\" \/>\n<meta property=\"og:locale\" content=\"en_US\" \/>\n<meta property=\"og:type\" content=\"article\" \/>\n<meta property=\"og:title\" content=\"Arias France - L&#039;arbitrage et la m\u00e9diation au service du monde de l&#039;assurance\" \/>\n<meta property=\"og:description\" content=\"ARIAS France est un centre d\u2019arbitrage et de m\u00e9diation d\u00e9di\u00e9 au monde de l\u2019assurance\/r\u00e9assurance au sens large.\" \/>\n<meta property=\"og:url\" content=\"https:\/\/www.arias-france.fr\/en\/\" \/>\n<meta property=\"og:site_name\" content=\"Arias France\" \/>\n<meta property=\"article:modified_time\" content=\"2025-05-06T08:55:50+00:00\" \/>\n<meta property=\"og:image\" content=\"https:\/\/www.arias-france.fr\/wp-content\/uploads\/2023\/04\/Home-1.jpg\" \/>\n\t<meta property=\"og:image:width\" content=\"400\" \/>\n\t<meta property=\"og:image:height\" content=\"380\" \/>\n\t<meta property=\"og:image:type\" content=\"image\/jpeg\" \/>\n<meta name=\"twitter:card\" content=\"summary_large_image\" \/>\n<meta name=\"twitter:label1\" content=\"Est. reading time\" \/>\n\t<meta name=\"twitter:data1\" content=\"2 minutes\" \/>\n<script type=\"application\/ld+json\" class=\"yoast-schema-graph\">{\"@context\":\"https:\/\/schema.org\",\"@graph\":[{\"@type\":\"WebPage\",\"@id\":\"https:\/\/www.arias-france.fr\/\",\"url\":\"https:\/\/www.arias-france.fr\/\",\"name\":\"Arias France - L&#039;arbitrage et la m\u00e9diation au service du monde de l&#039;assurance\",\"isPartOf\":{\"@id\":\"https:\/\/www.arias-france.fr\/#website\"},\"primaryImageOfPage\":{\"@id\":\"https:\/\/www.arias-france.fr\/#primaryimage\"},\"image\":{\"@id\":\"https:\/\/www.arias-france.fr\/#primaryimage\"},\"thumbnailUrl\":\"https:\/\/www.arias-france.fr\/wp-content\/uploads\/2023\/04\/Home-1.jpg\",\"datePublished\":\"2023-04-07T09:25:00+00:00\",\"dateModified\":\"2025-05-06T08:55:50+00:00\",\"description\":\"ARIAS France est un centre d\u2019arbitrage et de m\u00e9diation d\u00e9di\u00e9 au monde de l\u2019assurance\/r\u00e9assurance au sens large.\",\"breadcrumb\":{\"@id\":\"https:\/\/www.arias-france.fr\/#breadcrumb\"},\"inLanguage\":\"en-US\",\"potentialAction\":[{\"@type\":\"ReadAction\",\"target\":[\"https:\/\/www.arias-france.fr\/\"]}]},{\"@type\":\"ImageObject\",\"inLanguage\":\"en-US\",\"@id\":\"https:\/\/www.arias-france.fr\/#primaryimage\",\"url\":\"https:\/\/www.arias-france.fr\/wp-content\/uploads\/2023\/04\/Home-1.jpg\",\"contentUrl\":\"https:\/\/www.arias-france.fr\/wp-content\/uploads\/2023\/04\/Home-1.jpg\",\"width\":400,\"height\":380},{\"@type\":\"BreadcrumbList\",\"@id\":\"https:\/\/www.arias-france.fr\/#breadcrumb\",\"itemListElement\":[{\"@type\":\"ListItem\",\"position\":1,\"name\":\"Home\",\"item\":\"https:\/\/www.arias-france.fr\/\"},{\"@type\":\"ListItem\",\"position\":2,\"name\":\"Accueil\"}]},{\"@type\":\"WebSite\",\"@id\":\"https:\/\/www.arias-france.fr\/#website\",\"url\":\"https:\/\/www.arias-france.fr\/\",\"name\":\"Arias France\",\"description\":\"L&#039;arbitrage et la m\u00e9diation au service du monde de l&#039;assurance\",\"publisher\":{\"@id\":\"https:\/\/www.arias-france.fr\/#organization\"},\"potentialAction\":[{\"@type\":\"SearchAction\",\"target\":{\"@type\":\"EntryPoint\",\"urlTemplate\":\"https:\/\/www.arias-france.fr\/?s={search_term_string}\"},\"query-input\":{\"@type\":\"PropertyValueSpecification\",\"valueRequired\":true,\"valueName\":\"search_term_string\"}}],\"inLanguage\":\"en-US\"},{\"@type\":\"Organization\",\"@id\":\"https:\/\/www.arias-france.fr\/#organization\",\"name\":\"Arias France\",\"url\":\"https:\/\/www.arias-france.fr\/\",\"logo\":{\"@type\":\"ImageObject\",\"inLanguage\":\"en-US\",\"@id\":\"https:\/\/www.arias-france.fr\/#\/schema\/logo\/image\/\",\"url\":\"https:\/\/www.arias-france.fr\/wp-content\/uploads\/2023\/04\/Icone_ARIAS_RVB.png\",\"contentUrl\":\"https:\/\/www.arias-france.fr\/wp-content\/uploads\/2023\/04\/Icone_ARIAS_RVB.png\",\"width\":1726,\"height\":1723,\"caption\":\"Arias France\"},\"image\":{\"@id\":\"https:\/\/www.arias-france.fr\/#\/schema\/logo\/image\/\"}}]}<\/script>\n<!-- \/ Yoast SEO plugin. -->","yoast_head_json":{"title":"Arias France\u2009\u2014\u2009Arbi\u00adtra\u00adtion and medi\u00ada\u00adtion for the insur\u00adance indus\u00adtry","description":"ARIAS France is an arbi\u00adtra\u00adtion and medi\u00ada\u00adtion cen\u00adter ded\u00adi\u00adcat\u00aded to the insurance\/reinsurance indus\u00adtry in the broad\u00adest sense.","robots":{"index":"index","follow":"follow","max-snippet":"max-snippet:-1","max-image-preview":"max-image-preview:large","max-video-preview":"max-video-preview:-1"},"canonical":"https:\/\/www.arias-france.fr\/en\/","og_locale":"en_US","og_type":"article","og_title":"Arias France - L&#039;arbitrage et la m\u00e9diation au service du monde de l&#039;assurance","og_description":"ARIAS France est un centre d\u2019arbitrage et de m\u00e9diation d\u00e9di\u00e9 au monde de l\u2019assurance\/r\u00e9assurance au sens large.","og_url":"https:\/\/www.arias-france.fr\/en\/","og_site_name":"Arias France","article_modified_time":"2025-05-06T08:55:50+00:00","og_image":[{"width":400,"height":380,"url":"https:\/\/www.arias-france.fr\/wp-content\/uploads\/2023\/04\/Home-1.jpg","type":"image\/jpeg"}],"twitter_card":"summary_large_image","twitter_misc":{"Est. reading time":"2 minutes"},"schema":{"@context":"https:\/\/schema.org","@graph":[{"@type":"WebPage","@id":"https:\/\/www.arias-france.fr\/","url":"https:\/\/www.arias-france.fr\/","name":"Arias France\u2009\u2014\u2009Arbi\u00adtra\u00adtion and medi\u00ada\u00adtion for the insur\u00adance indus\u00adtry","isPartOf":{"@id":"https:\/\/www.arias-france.fr\/#website"},"primaryImageOfPage":{"@id":"https:\/\/www.arias-france.fr\/#primaryimage"},"image":{"@id":"https:\/\/www.arias-france.fr\/#primaryimage"},"thumbnailUrl":"https:\/\/www.arias-france.fr\/wp-content\/uploads\/2023\/04\/Home-1.jpg","datePublished":"2023-04-07T09:25:00+00:00","dateModified":"2025-05-06T08:55:50+00:00","description":"ARIAS France is an arbi\u00adtra\u00adtion and medi\u00ada\u00adtion cen\u00adter ded\u00adi\u00adcat\u00aded to the insurance\/reinsurance indus\u00adtry in the broad\u00adest sense.","breadcrumb":{"@id":"https:\/\/www.arias-france.fr\/#breadcrumb"},"inLanguage":"en-US","potentialAction":[{"@type":"ReadAction","target":["https:\/\/www.arias-france.fr\/"]}]},{"@type":"ImageObject","inLanguage":"en-US","@id":"https:\/\/www.arias-france.fr\/#primaryimage","url":"https:\/\/www.arias-france.fr\/wp-content\/uploads\/2023\/04\/Home-1.jpg","contentUrl":"https:\/\/www.arias-france.fr\/wp-content\/uploads\/2023\/04\/Home-1.jpg","width":400,"height":380},{"@type":"BreadcrumbList","@id":"https:\/\/www.arias-france.fr\/#breadcrumb","itemListElement":[{"@type":"ListItem","position":1,"name":"Home","item":"https:\/\/www.arias-france.fr\/"},{"@type":"ListItem","position":2,"name":"Accueil"}]},{"@type":"WebSite","@id":"https:\/\/www.arias-france.fr\/#website","url":"https:\/\/www.arias-france.fr\/","name":"Arias France","description":"Arbi\u00adtra\u00adtion and medi\u00ada\u00adtion for the insur\u00adance indus\u00adtry","publisher":{"@id":"https:\/\/www.arias-france.fr\/#organization"},"potentialAction":[{"@type":"SearchAction","target":{"@type":"EntryPoint","urlTemplate":"https:\/\/www.arias-france.fr\/?s={search_term_string}"},"query-input":{"@type":"PropertyValueSpecification","valueRequired":true,"valueName":"search_term_string"}}],"inLanguage":"en-US"},{"@type":"Organization","@id":"https:\/\/www.arias-france.fr\/#organization","name":"Arias France","url":"https:\/\/www.arias-france.fr\/","logo":{"@type":"ImageObject","inLanguage":"en-US","@id":"https:\/\/www.arias-france.fr\/#\/schema\/logo\/image\/","url":"https:\/\/www.arias-france.fr\/wp-content\/uploads\/2023\/04\/Icone_ARIAS_RVB.png","contentUrl":"https:\/\/www.arias-france.fr\/wp-content\/uploads\/2023\/04\/Icone_ARIAS_RVB.png","width":1726,"height":1723,"caption":"Arias France"},"image":{"@id":"https:\/\/www.arias-france.fr\/#\/schema\/logo\/image\/"}}]}},"_links":{"self":[{"href":"https:\/\/www.arias-france.fr\/en\/wp-json\/wp\/v2\/pages\/625","targetHints":{"allow":["GET"]}}],"collection":[{"href":"https:\/\/www.arias-france.fr\/en\/wp-json\/wp\/v2\/pages"}],"about":[{"href":"https:\/\/www.arias-france.fr\/en\/wp-json\/wp\/v2\/types\/page"}],"author":[{"embeddable":true,"href":"https:\/\/www.arias-france.fr\/en\/wp-json\/wp\/v2\/users\/1"}],"replies":[{"embeddable":true,"href":"https:\/\/www.arias-france.fr\/en\/wp-json\/wp\/v2\/comments?post=625"}],"version-history":[{"count":0,"href":"https:\/\/www.arias-france.fr\/en\/wp-json\/wp\/v2\/pages\/625\/revisions"}],"wp:featuredmedia":[{"embeddable":true,"href":"https:\/\/www.arias-france.fr\/en\/wp-json\/wp\/v2\/media\/628"}],"wp:attachment":[{"href":"https:\/\/www.arias-france.fr\/en\/wp-json\/wp\/v2\/media?parent=625"}],"curies":[{"name":"wp","href":"https:\/\/api.w.org\/{rel}","templated":true}]}}