{"id":688,"date":"2023-04-07T11:30:42","date_gmt":"2023-04-07T09:30:42","guid":{"rendered":"https:\/\/www.arias-france.fr\/?page_id=688"},"modified":"2025-05-06T10:48:12","modified_gmt":"2025-05-06T08:48:12","slug":"mediation","status":"publish","type":"page","link":"https:\/\/www.arias-france.fr\/en\/mediation\/","title":{"rendered":"Medi\u00ada\u00adtion"},"content":{"rendered":"<div data-elementor-type=\"wp-page\" data-elementor-id=\"688\" class=\"elementor elementor-688\" data-elementor-post-type=\"page\">\n\t\t\t\t\t\t<section class=\"elementor-section elementor-top-section elementor-element elementor-element-bd8016d elementor-section-height-min-height elementor-section-boxed elementor-section-height-default elementor-section-items-middle\" data-id=\"bd8016d\" data-element_type=\"section\" data-e-type=\"section\" data-settings=\"{&quot;background_background&quot;:&quot;classic&quot;}\">\n\t\t\t\t\t\t<div class=\"elementor-container elementor-column-gap-default\">\n\t\t\t\t\t<div class=\"elementor-column elementor-col-100 elementor-top-column elementor-element elementor-element-a722c0e\" data-id=\"a722c0e\" data-element_type=\"column\" data-e-type=\"column\">\n\t\t\t<div class=\"elementor-widget-wrap elementor-element-populated\">\n\t\t\t\t\t\t<div class=\"elementor-element elementor-element-1c4539f elementor-widget elementor-widget-heading\" data-id=\"1c4539f\" data-element_type=\"widget\" data-e-type=\"widget\" data-widget_type=\"heading.default\">\n\t\t\t\t<div class=\"elementor-widget-container\">\n\t\t\t\t\t<h1 class=\"elementor-heading-title elementor-size-default\">Mediation <\/h1>\t\t\t\t<\/div>\n\t\t\t\t<\/div>\n\t\t\t\t\t<\/div>\n\t\t<\/div>\n\t\t\t\t\t<\/div>\n\t\t<\/section>\n\t\t\t\t<section class=\"elementor-section elementor-top-section elementor-element elementor-element-e263fb8 elementor-section-height-min-height elementor-section-items-stretch elementor-section-content-top elementor-section-boxed elementor-section-height-default\" data-id=\"e263fb8\" data-element_type=\"section\" data-e-type=\"section\" data-settings=\"{&quot;background_background&quot;:&quot;slideshow&quot;,&quot;background_slideshow_gallery&quot;:[{&quot;id&quot;:5814,&quot;url&quot;:&quot;https:\\\/\\\/www.arias-france.fr\\\/wp-content\\\/uploads\\\/2024\\\/02\\\/mediation_web-1.jpg&quot;}],&quot;background_slideshow_loop&quot;:&quot;yes&quot;,&quot;background_slideshow_slide_duration&quot;:5000,&quot;background_slideshow_slide_transition&quot;:&quot;fade&quot;,&quot;background_slideshow_transition_duration&quot;:500}\">\n\t\t\t\t\t\t<div class=\"elementor-container elementor-column-gap-default\">\n\t\t\t\t\t<div class=\"elementor-column elementor-col-100 elementor-top-column elementor-element elementor-element-fbba21d\" data-id=\"fbba21d\" data-element_type=\"column\" data-e-type=\"column\">\n\t\t\t<div class=\"elementor-widget-wrap\">\n\t\t\t\t\t\t\t<\/div>\n\t\t<\/div>\n\t\t\t\t\t<\/div>\n\t\t<\/section>\n\t\t\t\t<section class=\"elementor-section elementor-top-section elementor-element elementor-element-17737685 elementor-section-boxed elementor-section-height-default elementor-section-height-default\" data-id=\"17737685\" data-element_type=\"section\" data-e-type=\"section\">\n\t\t\t\t\t\t<div class=\"elementor-container elementor-column-gap-default\">\n\t\t\t\t\t<div class=\"elementor-column elementor-col-100 elementor-top-column elementor-element elementor-element-35319a2a\" data-id=\"35319a2a\" data-element_type=\"column\" data-e-type=\"column\">\n\t\t\t<div class=\"elementor-widget-wrap elementor-element-populated\">\n\t\t\t\t\t\t<div class=\"elementor-element elementor-element-c422166 elementor-widget elementor-widget-menu-anchor\" data-id=\"c422166\" data-element_type=\"widget\" data-e-type=\"widget\" data-widget_type=\"menu-anchor.default\">\n\t\t\t\t<div class=\"elementor-widget-container\">\n\t\t\t\t\t\t\t<div class=\"elementor-menu-anchor\" id=\"reglements\"><\/div>\n\t\t\t\t\t\t<\/div>\n\t\t\t\t<\/div>\n\t\t\t\t<div class=\"elementor-element elementor-element-5596900a elementor-widget elementor-widget-heading\" data-id=\"5596900a\" data-element_type=\"widget\" data-e-type=\"widget\" data-widget_type=\"heading.default\">\n\t\t\t\t<div class=\"elementor-widget-container\">\n\t\t\t\t\t<h2 class=\"elementor-heading-title elementor-size-default\">What is Mediation&nbsp;?<\/h2>\t\t\t\t<\/div>\n\t\t\t\t<\/div>\n\t\t\t\t<div class=\"elementor-element elementor-element-f2270c9 elementor-widget elementor-widget-text-editor\" data-id=\"f2270c9\" data-element_type=\"widget\" data-e-type=\"widget\" data-widget_type=\"text-editor.default\">\n\t\t\t\t<div class=\"elementor-widget-container\">\n\t\t\t\t\t\t\t\t\t<p><span>L<\/span><span>edi\u00ada\u00adtion is an alter\u00adna\u00adtive dis\u00adpute res\u00ado\u00adlu\u00adtion process in which the par\u00adties decide to entrust an inde\u00adpen\u00addent, impar\u00adtial third par\u00adty with the task of help\u00ading them resolve their dis\u00adpute ami\u00adca\u00adbly. The medi\u00adat\u00aded solu\u00adtion is not bind\u00ading on the par\u00adties, who must accept it. <\/span><\/p>\n<p><span>Encour\u00adaged by the leg\u00adis\u00adla\u00adtor, medi\u00ada\u00adtion is devel\u00adop\u00ading in a&nbsp;sec\u00adtor-based way, reveal\u00ading the impor\u00adtance of a&nbsp;greater knowl\u00adedge of eco\u00adnom\u00adic play\u00aders and their prac\u00adtices. <\/span><\/p>\n<p>Con\u00adduct\u00aded under the aegis <b>of ARIAS France<\/b>, Cre\u00adat\u00aded in 1995 and gov\u00aderned by the law of 1901, arbi\u00adtra\u00adtion in the field of insur\u00adance and rein\u00adsur\u00adance enables par\u00adties to have their dis\u00adpute resolved by indus\u00adtry pro\u00adfes\u00adsion\u00adals, whom they may choose\u2009\u2014\u2009or not\u2009\u2014\u2009from the list of medi\u00ada\u00adtors pro\u00adposed by the Cen\u00adtre. In the event of dis\u00adagree\u00adment, the Com\u00admis\u00adsion <b>of ARIAS FRANCE<\/b> will pro\u00advide this ser\u00advice from its exten\u00adsive inter\u00adna\u00adtion\u00adal net\u00adwork of insur\u00adance and rein\u00adsur\u00adance experts.<\/p>\n<p><span><b>ARIAS France<\/b><\/span><span> is, indeed,&nbsp;<\/span><span>mem\u00adber of the inter\u00adna\u00adtion\u00adal ARIAS net\u00adwork (AIDA <\/span><span>Rein\u00adsur\u00adance<\/span><span> and <\/span><span>Insur\u00adance<\/span><span> Arbi\u00adtra\u00adtion Soci\u00adety) <\/span><span>cre\u00adat\u00aded <\/span><span>under the aegis of AIDA (Asso\u00adci\u00ada\u00adtion Inter\u00adna\u00adtionale du Droit des Assur\u00adances).<\/span><span> This net\u00adwork enables <b>ARIAS France<\/b> pro\u00advide insur\u00adance indus\u00adtry play\u00aders with medi\u00ada\u00adtion ser\u00advices tai\u00adlored to their needs, by medi\u00ada\u00adtors who them\u00adselves come from this sec\u00adtor and are famil\u00adiar with the issues involved.<\/span><\/p>\n<p><span>The qual\u00adi\u00adty of\u2019<b>ARIAS France<\/b> is rec\u00adog\u00adnized by the French judi\u00adcial sys\u00adtem, since medi\u00ada\u00adtors reg\u00adis\u00adtered on the\u2019<b>ARIAS France<\/b> are approved by the Paris Court of Appeal. <\/span><\/p>\n<p><span>Close to the con\u00adcerns of the insur\u00adance and rein\u00adsur\u00adance indus\u00adtries, which expe\u00adri\u00adence large vol\u00adumes of lit\u00adi\u00adga\u00adtion, <b>ARIAS France <\/b>assures users that its \u00ab&nbsp;turnkey&nbsp;\u00bb pro\u00adce\u00addure remains inex\u00adpen\u00adsive <\/span><span>due to a&nbsp;capped scale<\/span><span>. <\/span><\/p>\n<p><\/p>\t\t\t\t\t\t\t\t<\/div>\n\t\t\t\t<\/div>\n\t\t\t\t\t<\/div>\n\t\t<\/div>\n\t\t\t\t\t<\/div>\n\t\t<\/section>\n\t\t\t\t<\/div>","protected":false},"excerpt":{"rendered":"<p>M\u00e9di\u00ada\u00adtion Qu\u2019est ce que la M\u00e9di\u00ada\u00adtion&nbsp;? La m\u00e9di\u00ada\u00adtion est un mode alter\u00adnatif de r\u00e8gle\u00adment des dif\u00adf\u00e9rends par lequel les par\u00adties d\u00e9ci\u00addent de con\u00adfi\u00ader \u00e0&nbsp;un tiers ind\u00e9pen\u00addant et impar\u00adtial la mis\u00adsion de les accom\u00adpa\u00adg\u00adn\u00ader pour r\u00e9soudre leur lit\u00adige \u00e0&nbsp;l\u2019amiable. La solu\u00adtion issue de la m\u00e9di\u00ada\u00adtion ne s\u2019impose pas aux par\u00adties, qui doivent l\u2019accepter. [\u2026]<\/p>","protected":false},"author":1,"featured_media":0,"parent":0,"menu_order":0,"comment_status":"closed","ping_status":"closed","template":"","meta":{"_acf_changed":false,"wp_typography_post_enhancements_disabled":false,"footnotes":""},"class_list":["post-688","page","type-page","status-publish","hentry"],"acf":[],"yoast_head":"<!-- This site is optimized with the Yoast SEO plugin v26.9 - https:\/\/yoast.com\/product\/yoast-seo-wordpress\/ -->\n<title>M\u00e9diation - Arias France<\/title>\n<meta name=\"robots\" content=\"index, follow, max-snippet:-1, max-image-preview:large, max-video-preview:-1\" \/>\n<link rel=\"canonical\" href=\"https:\/\/www.arias-france.fr\/en\/mediation\/\" \/>\n<meta property=\"og:locale\" content=\"en_US\" \/>\n<meta property=\"og:type\" content=\"article\" \/>\n<meta property=\"og:title\" content=\"M\u00e9diation - Arias France\" \/>\n<meta property=\"og:description\" content=\"M\u00e9diation Qu\u2019est ce que la M\u00e9diation ? La m\u00e9diation est un mode alternatif de r\u00e8glement des diff\u00e9rends par lequel les parties d\u00e9cident de confier \u00e0 un tiers ind\u00e9pendant et impartial la mission de les accompagner pour r\u00e9soudre leur litige \u00e0 l\u2019amiable. La solution issue de la m\u00e9diation ne s\u2019impose pas aux parties, qui doivent l\u2019accepter. [&hellip;]\" \/>\n<meta property=\"og:url\" content=\"https:\/\/www.arias-france.fr\/en\/mediation\/\" \/>\n<meta property=\"og:site_name\" content=\"Arias France\" \/>\n<meta property=\"article:modified_time\" content=\"2025-05-06T08:48:12+00:00\" \/>\n<meta property=\"og:image\" content=\"https:\/\/www.arias-france.fr\/wp-content\/uploads\/2023\/05\/Alb_2280_2000_795_imgO_280318_141847-1024x360.png\" \/>\n\t<meta property=\"og:image:width\" content=\"1024\" \/>\n\t<meta property=\"og:image:height\" content=\"360\" \/>\n\t<meta property=\"og:image:type\" content=\"image\/png\" \/>\n<meta name=\"twitter:card\" content=\"summary_large_image\" \/>\n<meta name=\"twitter:label1\" content=\"Est. reading time\" \/>\n\t<meta name=\"twitter:data1\" content=\"2 minutes\" \/>\n<script type=\"application\/ld+json\" class=\"yoast-schema-graph\">{\"@context\":\"https:\/\/schema.org\",\"@graph\":[{\"@type\":\"WebPage\",\"@id\":\"https:\/\/www.arias-france.fr\/mediation\/\",\"url\":\"https:\/\/www.arias-france.fr\/mediation\/\",\"name\":\"M\u00e9diation - Arias France\",\"isPartOf\":{\"@id\":\"https:\/\/www.arias-france.fr\/#website\"},\"datePublished\":\"2023-04-07T09:30:42+00:00\",\"dateModified\":\"2025-05-06T08:48:12+00:00\",\"breadcrumb\":{\"@id\":\"https:\/\/www.arias-france.fr\/mediation\/#breadcrumb\"},\"inLanguage\":\"en-US\",\"potentialAction\":[{\"@type\":\"ReadAction\",\"target\":[\"https:\/\/www.arias-france.fr\/mediation\/\"]}]},{\"@type\":\"BreadcrumbList\",\"@id\":\"https:\/\/www.arias-france.fr\/mediation\/#breadcrumb\",\"itemListElement\":[{\"@type\":\"ListItem\",\"position\":1,\"name\":\"Home\",\"item\":\"https:\/\/www.arias-france.fr\/\"},{\"@type\":\"ListItem\",\"position\":2,\"name\":\"M\u00e9diation\"}]},{\"@type\":\"WebSite\",\"@id\":\"https:\/\/www.arias-france.fr\/#website\",\"url\":\"https:\/\/www.arias-france.fr\/\",\"name\":\"Arias France\",\"description\":\"L&#039;arbitrage et la m\u00e9diation au service du monde de l&#039;assurance\",\"publisher\":{\"@id\":\"https:\/\/www.arias-france.fr\/#organization\"},\"potentialAction\":[{\"@type\":\"SearchAction\",\"target\":{\"@type\":\"EntryPoint\",\"urlTemplate\":\"https:\/\/www.arias-france.fr\/?s={search_term_string}\"},\"query-input\":{\"@type\":\"PropertyValueSpecification\",\"valueRequired\":true,\"valueName\":\"search_term_string\"}}],\"inLanguage\":\"en-US\"},{\"@type\":\"Organization\",\"@id\":\"https:\/\/www.arias-france.fr\/#organization\",\"name\":\"Arias France\",\"url\":\"https:\/\/www.arias-france.fr\/\",\"logo\":{\"@type\":\"ImageObject\",\"inLanguage\":\"en-US\",\"@id\":\"https:\/\/www.arias-france.fr\/#\/schema\/logo\/image\/\",\"url\":\"https:\/\/www.arias-france.fr\/wp-content\/uploads\/2023\/04\/Icone_ARIAS_RVB.png\",\"contentUrl\":\"https:\/\/www.arias-france.fr\/wp-content\/uploads\/2023\/04\/Icone_ARIAS_RVB.png\",\"width\":1726,\"height\":1723,\"caption\":\"Arias France\"},\"image\":{\"@id\":\"https:\/\/www.arias-france.fr\/#\/schema\/logo\/image\/\"}}]}<\/script>\n<!-- \/ Yoast SEO plugin. -->","yoast_head_json":{"title":"Medi\u00ada\u00adtion\u2009\u2014\u2009Arias France","robots":{"index":"index","follow":"follow","max-snippet":"max-snippet:-1","max-image-preview":"max-image-preview:large","max-video-preview":"max-video-preview:-1"},"canonical":"https:\/\/www.arias-france.fr\/en\/mediation\/","og_locale":"en_US","og_type":"article","og_title":"M\u00e9diation - Arias France","og_description":"M\u00e9diation Qu\u2019est ce que la M\u00e9diation ? La m\u00e9diation est un mode alternatif de r\u00e8glement des diff\u00e9rends par lequel les parties d\u00e9cident de confier \u00e0 un tiers ind\u00e9pendant et impartial la mission de les accompagner pour r\u00e9soudre leur litige \u00e0 l\u2019amiable. La solution issue de la m\u00e9diation ne s\u2019impose pas aux parties, qui doivent l\u2019accepter. [&hellip;]","og_url":"https:\/\/www.arias-france.fr\/en\/mediation\/","og_site_name":"Arias France","article_modified_time":"2025-05-06T08:48:12+00:00","og_image":[{"width":1024,"height":360,"url":"https:\/\/www.arias-france.fr\/wp-content\/uploads\/2023\/05\/Alb_2280_2000_795_imgO_280318_141847-1024x360.png","type":"image\/png"}],"twitter_card":"summary_large_image","twitter_misc":{"Est. reading time":"2 minutes"},"schema":{"@context":"https:\/\/schema.org","@graph":[{"@type":"WebPage","@id":"https:\/\/www.arias-france.fr\/mediation\/","url":"https:\/\/www.arias-france.fr\/mediation\/","name":"Medi\u00ada\u00adtion\u2009\u2014\u2009Arias France","isPartOf":{"@id":"https:\/\/www.arias-france.fr\/#website"},"datePublished":"2023-04-07T09:30:42+00:00","dateModified":"2025-05-06T08:48:12+00:00","breadcrumb":{"@id":"https:\/\/www.arias-france.fr\/mediation\/#breadcrumb"},"inLanguage":"en-US","potentialAction":[{"@type":"ReadAction","target":["https:\/\/www.arias-france.fr\/mediation\/"]}]},{"@type":"BreadcrumbList","@id":"https:\/\/www.arias-france.fr\/mediation\/#breadcrumb","itemListElement":[{"@type":"ListItem","position":1,"name":"Home","item":"https:\/\/www.arias-france.fr\/"},{"@type":"ListItem","position":2,"name":"M\u00e9diation"}]},{"@type":"WebSite","@id":"https:\/\/www.arias-france.fr\/#website","url":"https:\/\/www.arias-france.fr\/","name":"Arias France","description":"Arbi\u00adtra\u00adtion and medi\u00ada\u00adtion for the insur\u00adance indus\u00adtry","publisher":{"@id":"https:\/\/www.arias-france.fr\/#organization"},"potentialAction":[{"@type":"SearchAction","target":{"@type":"EntryPoint","urlTemplate":"https:\/\/www.arias-france.fr\/?s={search_term_string}"},"query-input":{"@type":"PropertyValueSpecification","valueRequired":true,"valueName":"search_term_string"}}],"inLanguage":"en-US"},{"@type":"Organization","@id":"https:\/\/www.arias-france.fr\/#organization","name":"Arias France","url":"https:\/\/www.arias-france.fr\/","logo":{"@type":"ImageObject","inLanguage":"en-US","@id":"https:\/\/www.arias-france.fr\/#\/schema\/logo\/image\/","url":"https:\/\/www.arias-france.fr\/wp-content\/uploads\/2023\/04\/Icone_ARIAS_RVB.png","contentUrl":"https:\/\/www.arias-france.fr\/wp-content\/uploads\/2023\/04\/Icone_ARIAS_RVB.png","width":1726,"height":1723,"caption":"Arias France"},"image":{"@id":"https:\/\/www.arias-france.fr\/#\/schema\/logo\/image\/"}}]}},"_links":{"self":[{"href":"https:\/\/www.arias-france.fr\/en\/wp-json\/wp\/v2\/pages\/688","targetHints":{"allow":["GET"]}}],"collection":[{"href":"https:\/\/www.arias-france.fr\/en\/wp-json\/wp\/v2\/pages"}],"about":[{"href":"https:\/\/www.arias-france.fr\/en\/wp-json\/wp\/v2\/types\/page"}],"author":[{"embeddable":true,"href":"https:\/\/www.arias-france.fr\/en\/wp-json\/wp\/v2\/users\/1"}],"replies":[{"embeddable":true,"href":"https:\/\/www.arias-france.fr\/en\/wp-json\/wp\/v2\/comments?post=688"}],"version-history":[{"count":0,"href":"https:\/\/www.arias-france.fr\/en\/wp-json\/wp\/v2\/pages\/688\/revisions"}],"wp:attachment":[{"href":"https:\/\/www.arias-france.fr\/en\/wp-json\/wp\/v2\/media?parent=688"}],"curies":[{"name":"wp","href":"https:\/\/api.w.org\/{rel}","templated":true}]}}