{"id":936,"date":"2023-04-20T10:17:41","date_gmt":"2023-04-20T08:17:41","guid":{"rendered":"https:\/\/www.arias-france.fr\/?page_id=936"},"modified":"2024-02-15T10:40:11","modified_gmt":"2024-02-15T09:40:11","slug":"enter-arias-france","status":"publish","type":"page","link":"https:\/\/www.arias-france.fr\/en\/enter-arias-france\/","title":{"rendered":"Con\u00adtact Arias France"},"content":{"rendered":"<div data-elementor-type=\"wp-page\" data-elementor-id=\"936\" class=\"elementor elementor-936\" data-elementor-post-type=\"page\">\n\t\t\t\t\t\t<section class=\"elementor-section elementor-top-section elementor-element elementor-element-6eb504f6 elementor-section-height-min-height elementor-section-boxed elementor-section-height-default elementor-section-items-middle\" data-id=\"6eb504f6\" data-element_type=\"section\" data-e-type=\"section\" data-settings=\"{&quot;background_background&quot;:&quot;classic&quot;}\">\n\t\t\t\t\t\t<div class=\"elementor-container elementor-column-gap-default\">\n\t\t\t\t\t<div class=\"elementor-column elementor-col-100 elementor-top-column elementor-element elementor-element-5f0e5593\" data-id=\"5f0e5593\" data-element_type=\"column\" data-e-type=\"column\">\n\t\t\t<div class=\"elementor-widget-wrap elementor-element-populated\">\n\t\t\t\t\t\t<div class=\"elementor-element elementor-element-770a11d7 elementor-widget elementor-widget-heading\" data-id=\"770a11d7\" data-element_type=\"widget\" data-e-type=\"widget\" data-widget_type=\"heading.default\">\n\t\t\t\t<div class=\"elementor-widget-container\">\n\t\t\t\t\t<h1 class=\"elementor-heading-title elementor-size-default\">Contact Arias France<\/h1>\t\t\t\t<\/div>\n\t\t\t\t<\/div>\n\t\t\t\t\t<\/div>\n\t\t<\/div>\n\t\t\t\t\t<\/div>\n\t\t<\/section>\n\t\t\t\t<section class=\"elementor-section elementor-top-section elementor-element elementor-element-9e4c986 elementor-section-content-bottom elementor-section-boxed elementor-section-height-default elementor-section-height-default\" data-id=\"9e4c986\" data-element_type=\"section\" data-e-type=\"section\">\n\t\t\t\t\t\t<div class=\"elementor-container elementor-column-gap-default\">\n\t\t\t\t\t<div class=\"elementor-column elementor-col-50 elementor-top-column elementor-element elementor-element-1844e80f\" data-id=\"1844e80f\" data-element_type=\"column\" data-e-type=\"column\">\n\t\t\t<div class=\"elementor-widget-wrap elementor-element-populated\">\n\t\t\t\t\t\t<div class=\"elementor-element elementor-element-16141355 elementor-widget elementor-widget-heading\" data-id=\"16141355\" data-element_type=\"widget\" data-e-type=\"widget\" data-widget_type=\"heading.default\">\n\t\t\t\t<div class=\"elementor-widget-container\">\n\t\t\t\t\t<h2 class=\"elementor-heading-title elementor-size-default\">Contact Arias France<\/h2>\t\t\t\t<\/div>\n\t\t\t\t<\/div>\n\t\t\t\t<div class=\"elementor-element elementor-element-6ac0c514 elementor-widget elementor-widget-text-editor\" data-id=\"6ac0c514\" data-element_type=\"widget\" data-e-type=\"widget\" data-widget_type=\"text-editor.default\">\n\t\t\t\t<div class=\"elementor-widget-container\">\n\t\t\t\t\t\t\t\t\t<p>ARIAS FRANCE\u2019s main mis\u00adsion is to pro\u00admote alter\u00adna\u00adtive meth\u00adods of dis\u00adpute res\u00ado\u00adlu\u00adtion, in par\u00adtic\u00adu\u00adlar medi\u00ada\u00adtion and arbi\u00adtra\u00adtion, in dis\u00adputes between play\u00aders in the insur\u00adance indus\u00adtry as a&nbsp;whole and in all its diver\u00adsi\u00adty.<\/p>\t\t\t\t\t\t\t\t<\/div>\n\t\t\t\t<\/div>\n\t\t\t\t\t<\/div>\n\t\t<\/div>\n\t\t\t\t<div class=\"elementor-column elementor-col-50 elementor-top-column elementor-element elementor-element-3574d6f4\" data-id=\"3574d6f4\" data-element_type=\"column\" data-e-type=\"column\">\n\t\t\t<div class=\"elementor-widget-wrap\">\n\t\t\t\t\t\t\t<\/div>\n\t\t<\/div>\n\t\t\t\t\t<\/div>\n\t\t<\/section>\n\t\t\t\t<section class=\"elementor-section elementor-top-section elementor-element elementor-element-47c4d34c elementor-section-boxed elementor-section-height-default elementor-section-height-default\" data-id=\"47c4d34c\" data-element_type=\"section\" data-e-type=\"section\" data-settings=\"{&quot;background_background&quot;:&quot;classic&quot;}\">\n\t\t\t\t\t\t<div class=\"elementor-container elementor-column-gap-default\">\n\t\t\t\t\t<div class=\"elementor-column elementor-col-100 elementor-top-column elementor-element elementor-element-3c8e5d26\" data-id=\"3c8e5d26\" data-element_type=\"column\" data-e-type=\"column\" data-settings=\"{&quot;background_background&quot;:&quot;classic&quot;}\">\n\t\t\t<div class=\"elementor-widget-wrap elementor-element-populated\">\n\t\t\t\t\t\t<div class=\"elementor-element elementor-element-4121eb4 elementor-widget elementor-widget-shortcode\" data-id=\"4121eb4\" data-element_type=\"widget\" data-e-type=\"widget\" data-widget_type=\"shortcode.default\">\n\t\t\t\t<div class=\"elementor-widget-container\">\n\t\t\t\t\t\t\t<div class=\"elementor-shortcode\"><div class=\"forminator-ui forminator-custom-form forminator-custom-form-1216 forminator-design--material  forminator_ajax\" data-forminator-render=\"0\" data-form=\"forminator-module-1216\" data-uid=\"6a05798ab5e22\"><br><\/div><form id=\"forminator-module-1216\" class=\"forminator-ui forminator-custom-form forminator-custom-form-1216 forminator-design--material  forminator_ajax\" method=\"post\" data-forminator-render=\"0\" data-form-id=\"1216\" enctype=\"multipart\/form-data\" data-color-option=\"default\" data-design=\"material\" data-grid=\"open\" style=\"display: none;\" data-uid=\"6a05798ab5e22\" action><div role=\"alert\" aria-live=\"polite\" class=\"forminator-response-message forminator-error\" aria-hidden=\"true\"><\/div><div class=\"forminator-row\"><div id=\"select-1\" class=\"forminator-field-select forminator-col forminator-col-12\"><div class=\"forminator-field\"><select id=\"forminator-form-1216__field--select-1_6a05798ab5e22\" class=\"forminator-select--field forminator-select2 forminator-select2-multiple\" data-required=\"1\" name=\"select-1\" data-default-value data-hidden-behavior=\"zero\" data-placeholder=\"Objet de la demande\" data-search=\"false\" data-search-placeholder=\"Objet de la demande\" data-checkbox=\"false\" data-allow-clear=\"false\" aria-labelledby=\"forminator-form-1216__field--select-1_6a05798ab5e22-label\"><option value>Purpose of request<\/option><option value=\"one\" data-calculation=\"0\">Request for arbitration<\/option><option value=\"two\" data-calculation=\"0\">Request for mediation<\/option><option value=\"Demande-d'information\" data-calculation=\"0\">Other request<\/option><\/select><\/div><\/div><\/div><div class=\"forminator-row\"><div id=\"email-1\" class=\"forminator-field-email forminator-col forminator-col-6\"><div class=\"forminator-field\"><label for=\"forminator-field-email-1_6a05798ab5e22\" id=\"forminator-field-email-1_6a05798ab5e22-label\" class=\"forminator-label\">E\u2011mail address <span class=\"forminator-required\">*<\/span><\/label><input type=\"email\" name=\"email-1\" value placeholder id=\"forminator-field-email-1_6a05798ab5e22\" class=\"forminator-input forminator-email--field\" data-required=\"1\" aria-required=\"true\" autocomplete=\"email\"><\/div><\/div><div id=\"phone-1\" class=\"forminator-field-phone forminator-col forminator-col-6\"><div class=\"forminator-field\"><label for=\"forminator-field-phone-1_6a05798ab5e22\" id=\"forminator-field-phone-1_6a05798ab5e22-label\" class=\"forminator-label\">Phone<\/label><input type=\"text\" name=\"phone-1\" value placeholder id=\"forminator-field-phone-1_6a05798ab5e22\" class=\"forminator-input forminator-field--phone\" data-required aria-required=\"false\" autocomplete=\"off\"><\/div><\/div><\/div><div class=\"forminator-row\"><div id=\"text-1\" class=\"forminator-field-text forminator-col forminator-col-12\"><div class=\"forminator-field\"><label for=\"forminator-field-text-1_6a05798ab5e22\" id=\"forminator-field-text-1_6a05798ab5e22-label\" class=\"forminator-label\">Com\u00adpa\u00adny name<\/label><input type=\"text\" name=\"text-1\" value placeholder id=\"forminator-field-text-1_6a05798ab5e22\" class=\"forminator-input forminator-name--field\" data-required><\/div><\/div><\/div><div class=\"forminator-row\"><div id=\"name-1\" class=\"forminator-field-name forminator-col forminator-col-12  nom\"><div class=\"forminator-row forminator-no-margin\" data-multiple=\"true\"><div class=\"forminator-col forminator-col-md-4\"><div class=\"forminator-field\"><label for=\"forminator-field-1216__field--name-1_6a05798ab5e22\" id=\"forminator-field-1216__field--name-1_6a05798ab5e22-label\" class=\"forminator-label\">Pre\u00adfix<\/label><select name=\"name-1-prefix\" id=\"forminator-field-1216__field--name-1_6a05798ab5e22\" class=\"forminator-select2\" data-multi=\"1\" autocomplete=\"honorific-prefix\" aria-labelledby=\"forminator-field-1216__field--name-1_6a05798ab5e22-label\" data-default-value><option value=\"Mr\">Mr.<\/option><option value=\"Mrs\">Mrs.<\/option><option value=\"Ms\">Ms.<\/option><option value=\"Mx\">Mx.<\/option><option value=\"Miss\">Miss<\/option><option value=\"Dr\">Dr.<\/option><option value=\"Prof\">Prof.<\/option><\/select><\/div><\/div><div class=\"forminator-col forminator-col-md-4\"><div class=\"forminator-field\"><label for=\"forminator-field-first-name-1_6a05798ab5e22\" id=\"forminator-field-first-name-1_6a05798ab5e22-label\" class=\"forminator-label\">First name <span class=\"forminator-required\">*<\/span><\/label><input type=\"text\" name=\"name-1-first-name\" placeholder id=\"forminator-field-first-name-1_6a05798ab5e22\" class=\"forminator-input\" aria-required=\"true\" data-multi=\"1\" autocomplete=\"given-name\" value><\/div><\/div><div class=\"forminator-col forminator-col-md-4\"><div class=\"forminator-field\"><label for=\"forminator-field-last-name-1_6a05798ab5e22\" id=\"forminator-field-last-name-1_6a05798ab5e22-label\" class=\"forminator-label\">Last name <span class=\"forminator-required\">*<\/span><\/label><input type=\"text\" name=\"name-1-last-name\" placeholder id=\"forminator-field-last-name-1_6a05798ab5e22\" class=\"forminator-input\" aria-required=\"true\" data-multi=\"1\" autocomplete=\"family-name\" value><\/div><\/div><\/div><\/div><\/div><div class=\"forminator-row\"><div id=\"address-1\" class=\"forminator-field-address forminator-col forminator-col-12\"><div class=\"forminator-row\"><div id=\"address-1-street_address\" class=\"forminator-col\"><div class=\"forminator-field\"><label for=\"forminator-field-address-1-street_address_6a05798ab5e22\" id=\"forminator-field-address-1-street_address_6a05798ab5e22-label\" class=\"forminator-label\">Rue<\/label><input type=\"text\" name=\"address-1-street_address\" placeholder id=\"forminator-field-address-1-street_address_6a05798ab5e22\" class=\"forminator-input\" data-required aria-required=\"false\" autocomplete=\"address-line1\" value><\/div><\/div><\/div><div class=\"forminator-row\" data-multiple=\"false\"><div id=\"address-1-city\" class=\"forminator-col forminator-col-12\"><div class=\"forminator-field\"><label for=\"forminator-field-address-1-city_6a05798ab5e22\" id=\"forminator-field-address-1-city_6a05798ab5e22-label\" class=\"forminator-label\">City<\/label><input type=\"text\" name=\"address-1-city\" placeholder id=\"forminator-field-address-1-city_6a05798ab5e22\" class=\"forminator-input\" data-required aria-required=\"false\" autocomplete=\"address-level2\" value><\/div><\/div><\/div><div class=\"forminator-row\" data-multiple=\"false\"><div id=\"address-1-zip\" class=\"forminator-col forminator-col-12\"><div class=\"forminator-field\"><label for=\"forminator-field-address-1-zip_6a05798ab5e22\" id=\"forminator-field-address-1-zip_6a05798ab5e22-label\" class=\"forminator-label\">Postal code<\/label><input type=\"text\" name=\"address-1-zip\" placeholder id=\"forminator-field-address-1-zip_6a05798ab5e22\" class=\"forminator-input\" autocomplete=\"postal-code\" value><\/div><\/div><\/div><\/div><\/div><div class=\"forminator-row\"><div id=\"textarea-1\" class=\"forminator-field-textarea forminator-col forminator-col-12\"><div class=\"forminator-field\"><label for=\"forminator-field-textarea-1_6a05798ab5e22\" id=\"forminator-field-textarea-1_6a05798ab5e22-label\" class=\"forminator-label\">Mes\u00adsage<\/label><textarea name=\"textarea-1\" placeholder id=\"forminator-field-textarea-1_6a05798ab5e22\" class=\"forminator-textarea\" rows=\"6\" style=\"min-height:140px;\"><\/textarea><\/div><\/div><\/div><div class=\"forminator-row\"><div id=\"url-1\" class=\"forminator-field-url forminator-col forminator-col-6\"><div class=\"forminator-field\"><label for=\"forminator-field-url-1_6a05798ab5e22\" id=\"forminator-field-url-1_6a05798ab5e22-label\" class=\"forminator-label\">Com\u00adpa\u00adny web\u00adsite<\/label><input type=\"url\" name=\"url-1\" value placeholder id=\"forminator-field-url-1_6a05798ab5e22\" class=\"forminator-input forminator-website--field\" data-required aria-required=\"false\"><\/div><\/div><div id=\"upload-1\" class=\"forminator-field-upload forminator-col forminator-col-6\"><div class=\"forminator-field\"><label for=\"forminator-field-upload-1_6a05798ab5e22\" id=\"forminator-field-upload-1_6a05798ab5e22-label\" class=\"forminator-label\">Upload a&nbsp;file<\/label><div class=\"forminator-file-upload\" data-element=\"upload-1_6a05798ab5e22\" aria-describedby=\"forminator-field-upload-1_6a05798ab5e22-description\"><input type=\"file\" name=\"upload-1\" id=\"forminator-field-upload-1_6a05798ab5e22\" class=\"forminator-input-file\" accept=\".jpg,.jpeg,.jpe,.gif,.png,.bmp,.tiff,.tif,.webp,.ico,.heic,.asf,.asx,.wmv,.wmx,.wm,.avi,.divx,.flv,.mov,.qt,.mpeg,.mpg,.mpe,.mp4,.m4v,.ogv,.webm,.mkv,.3gp,.3gpp,.3g2,.3gp2,.txt,.asc,.c,.cc,.h,.srt,.csv,.tsv,.ics,.rtx,.vtt,.mp3,.m4a,.m4b,.aac,.ra,.ram,.wav,.ogg,.oga,.flac,.mid,.midi,.wma,.wax,.mka,.rtf,.pdf,.class,.tar,.zip,.gz,.gzip,.7z,.psd,.xcf,.doc,.pot,.pps,.ppt,.wri,.xla,.xls,.xlt,.xlw,.mdb,.mpp,.docx,.docm,.dotx,.dotm,.xlsx,.xlsm,.xlsb,.xltx,.xltm,.xlam,.pptx,.pptm,.ppsx,.ppsm,.potx,.potm,.ppam,.sldx,.sldm,.onetoc,.onetoc2,.onetmp,.onepkg,.oxps,.xps,.odt,.odp,.ods,.odg,.odc,.odb,.odf,.wp,.wpd,.key,.numbers,.pages\" tabindex=\"-1\"><button id=\"forminator-field-upload-1_6a05798ab5e22_button\" class=\"forminator-button forminator-button-upload\" data-id=\"forminator-field-upload-1_6a05798ab5e22\">Choose File<\/button><span data-empty-text=\"No file chosen\">No file cho\u00adsen<\/span><button class=\"forminator-button-delete\" style=\"display: none;\"><i class=\"forminator-icon-close\" aria-hidden=\"true\"><\/i><span class=\"forminator-screen-reader-only\">Delete uploaded file<\/span><\/button><\/div><span id=\"forminator-field-upload-1_6a05798ab5e22-description\" class=\"forminator-description\">Add an attach\u00adment if nec\u00ades\u00adsary<\/span><\/div><\/div><\/div><div class=\"forminator-row\"><div id=\"consent-1\" class=\"forminator-field-consent forminator-col forminator-col-12\"><div class=\"forminator-field\"><label for=\"forminator-field-consent-1_6a05798ab5e22\" id=\"forminator-field-consent-1_6a05798ab5e22-label\" class=\"forminator-label\">Con\u00adsent <span class=\"forminator-required\">*<\/span><\/label><div class=\"forminator-checkbox__wrapper\"><label id=\"forminator-field-consent-1_6a05798ab5e22__label\" class=\"forminator-checkbox forminator-consent\" aria-labelledby=\"forminator-field-consent-1_6a05798ab5e22-label\"><input type=\"checkbox\" name=\"consent-1\" id=\"forminator-field-consent-1_6a05798ab5e22\" value=\"checked\" aria-labelledby=\"forminator-field-consent-1_6a05798ab5e22-label\" aria-describedby=\"forminator-field-consent-1_6a05798ab5e22__description\" data-required=\"true\" aria-required=\"true\"><span class=\"forminator-checkbox-box\" aria-hidden=\"true\"><\/span><\/label><div id=\"forminator-field-consent-1_6a05798ab5e22__description\" class=\"forminator-checkbox__label forminator-consent__label\"><p>I agree to my data being processed in order to respond to my request with\u00adin the frame\u00adwork of the <a rel=\"noopener\" target=\"_blank\" href=\"https:\/\/www.arias-france.fr\/en\/legal-notice\/\">pri\u00adva\u00adcy pol\u00adi\u00adcy.<\/a><\/p><\/div><\/div><\/div><\/div><\/div><input type=\"hidden\" name=\"referer_url\" value><div class=\"forminator-row forminator-row-last\"><div class=\"forminator-col\"><div class=\"forminator-field\"><button class=\"forminator-button forminator-button-submit\"><span>Send message<\/span><span aria-hidden=\"true\"><\/span><\/button><\/div><\/div><\/div><input type=\"hidden\" id=\"forminator_nonce\" name=\"forminator_nonce\" value=\"6fbf874638\"><input type=\"hidden\" name=\"_wp_http_referer\" value=\"\/en\/wp-json\/wp\/v2\/pages\/936\"><input type=\"hidden\" name=\"form_id\" value=\"1216\"><input type=\"hidden\" name=\"page_id\" value=\"936\"><input type=\"hidden\" name=\"form_type\" value=\"default\"><input type=\"hidden\" name=\"current_url\" value=\"https:\/\/www.arias-france.fr\/en\/enter-arias-france\/\"><input type=\"hidden\" name=\"render_id\" value=\"0\"><input type=\"hidden\" name=\"action\" value=\"forminator_submit_form_custom-forms\"><label for=\"input_11\" class=\"forminator-hidden\" aria-hidden=\"true\">Please do not fill in this field. <input id=\"input_11\" type=\"text\" name=\"input_11\" value autocomplete=\"off\"><\/label><input type=\"hidden\" name=\"trp-form-language\" value=\"en\"><\/form><\/div>\n\t\t\t\t\t\t<\/div>\n\t\t\t\t<\/div>\n\t\t\t\t\t<\/div>\n\t\t<\/div>\n\t\t\t\t\t<\/div>\n\t\t<\/section>\n\t\t\t\t<\/div>","protected":false},"excerpt":{"rendered":"<p>Con\u00adtact Arias France Con\u00adtact Arias France ARIAS FRANCE\u2019s main mis\u00adsion is to pro\u00admote alter\u00adna\u00adtive dis\u00adpute res\u00ado\u00adlu\u00adtion, par\u00adtic\u00adu\u00adlar\u00adly medi\u00ada\u00adtion and arbi\u00adtra\u00adtion, in dis\u00adputes between play\u00aders in the insur\u00adance indus\u00adtry as a&nbsp;whole and in all its diver\u00adsi\u00adty.<\/p>","protected":false},"author":1,"featured_media":0,"parent":0,"menu_order":0,"comment_status":"closed","ping_status":"closed","template":"","meta":{"_acf_changed":false,"wp_typography_post_enhancements_disabled":false,"footnotes":""},"class_list":["post-936","page","type-page","status-publish","hentry"],"acf":[],"yoast_head":"<!-- This site is optimized with the Yoast SEO plugin v26.9 - https:\/\/yoast.com\/product\/yoast-seo-wordpress\/ -->\n<title>Saisir Arias France - Arias France<\/title>\n<meta name=\"robots\" content=\"index, follow, max-snippet:-1, max-image-preview:large, max-video-preview:-1\" \/>\n<link rel=\"canonical\" href=\"https:\/\/www.arias-france.fr\/en\/enter-arias-france\/\" \/>\n<meta property=\"og:locale\" content=\"en_US\" \/>\n<meta property=\"og:type\" content=\"article\" \/>\n<meta property=\"og:title\" content=\"Saisir Arias France - Arias France\" \/>\n<meta property=\"og:description\" content=\"Saisir Arias France Saisir Arias France ARIAS FRANCE a pour mission principale de promouvoir les modes alternatifs de r\u00e8glement des conflits, plus particuli\u00e8rement la m\u00e9diation et l\u2019arbitrage dans les litiges pouvant opposer des acteurs du monde de l\u2019assurance dans son ensemble et sa diversit\u00e9.\" \/>\n<meta property=\"og:url\" content=\"https:\/\/www.arias-france.fr\/en\/enter-arias-france\/\" \/>\n<meta property=\"og:site_name\" content=\"Arias France\" \/>\n<meta property=\"article:modified_time\" content=\"2024-02-15T09:40:11+00:00\" \/>\n<meta property=\"og:image\" content=\"https:\/\/www.arias-france.fr\/wp-content\/uploads\/2023\/05\/Alb_2280_2000_795_imgO_280318_141847-1024x360.png\" \/>\n\t<meta property=\"og:image:width\" content=\"1024\" \/>\n\t<meta property=\"og:image:height\" content=\"360\" \/>\n\t<meta property=\"og:image:type\" content=\"image\/png\" \/>\n<meta name=\"twitter:card\" content=\"summary_large_image\" \/>\n<meta name=\"twitter:label1\" content=\"Est. reading time\" \/>\n\t<meta name=\"twitter:data1\" content=\"1 minute\" \/>\n<script type=\"application\/ld+json\" class=\"yoast-schema-graph\">{\"@context\":\"https:\/\/schema.org\",\"@graph\":[{\"@type\":\"WebPage\",\"@id\":\"https:\/\/www.arias-france.fr\/saisir-arias-france\/\",\"url\":\"https:\/\/www.arias-france.fr\/saisir-arias-france\/\",\"name\":\"Saisir Arias France - Arias France\",\"isPartOf\":{\"@id\":\"https:\/\/www.arias-france.fr\/#website\"},\"datePublished\":\"2023-04-20T08:17:41+00:00\",\"dateModified\":\"2024-02-15T09:40:11+00:00\",\"breadcrumb\":{\"@id\":\"https:\/\/www.arias-france.fr\/saisir-arias-france\/#breadcrumb\"},\"inLanguage\":\"en-US\",\"potentialAction\":[{\"@type\":\"ReadAction\",\"target\":[\"https:\/\/www.arias-france.fr\/saisir-arias-france\/\"]}]},{\"@type\":\"BreadcrumbList\",\"@id\":\"https:\/\/www.arias-france.fr\/saisir-arias-france\/#breadcrumb\",\"itemListElement\":[{\"@type\":\"ListItem\",\"position\":1,\"name\":\"Home\",\"item\":\"https:\/\/www.arias-france.fr\/\"},{\"@type\":\"ListItem\",\"position\":2,\"name\":\"Saisir Arias France\"}]},{\"@type\":\"WebSite\",\"@id\":\"https:\/\/www.arias-france.fr\/#website\",\"url\":\"https:\/\/www.arias-france.fr\/\",\"name\":\"Arias France\",\"description\":\"L&#039;arbitrage et la m\u00e9diation au service du monde de l&#039;assurance\",\"publisher\":{\"@id\":\"https:\/\/www.arias-france.fr\/#organization\"},\"potentialAction\":[{\"@type\":\"SearchAction\",\"target\":{\"@type\":\"EntryPoint\",\"urlTemplate\":\"https:\/\/www.arias-france.fr\/?s={search_term_string}\"},\"query-input\":{\"@type\":\"PropertyValueSpecification\",\"valueRequired\":true,\"valueName\":\"search_term_string\"}}],\"inLanguage\":\"en-US\"},{\"@type\":\"Organization\",\"@id\":\"https:\/\/www.arias-france.fr\/#organization\",\"name\":\"Arias France\",\"url\":\"https:\/\/www.arias-france.fr\/\",\"logo\":{\"@type\":\"ImageObject\",\"inLanguage\":\"en-US\",\"@id\":\"https:\/\/www.arias-france.fr\/#\/schema\/logo\/image\/\",\"url\":\"https:\/\/www.arias-france.fr\/wp-content\/uploads\/2023\/04\/Icone_ARIAS_RVB.png\",\"contentUrl\":\"https:\/\/www.arias-france.fr\/wp-content\/uploads\/2023\/04\/Icone_ARIAS_RVB.png\",\"width\":1726,\"height\":1723,\"caption\":\"Arias France\"},\"image\":{\"@id\":\"https:\/\/www.arias-france.fr\/#\/schema\/logo\/image\/\"}}]}<\/script>\n<!-- \/ Yoast SEO plugin. -->","yoast_head_json":{"title":"Con\u00adtact Arias France\u2009\u2014\u2009Arias France","robots":{"index":"index","follow":"follow","max-snippet":"max-snippet:-1","max-image-preview":"max-image-preview:large","max-video-preview":"max-video-preview:-1"},"canonical":"https:\/\/www.arias-france.fr\/en\/enter-arias-france\/","og_locale":"en_US","og_type":"article","og_title":"Saisir Arias France - Arias France","og_description":"Saisir Arias France Saisir Arias France ARIAS FRANCE a pour mission principale de promouvoir les modes alternatifs de r\u00e8glement des conflits, plus particuli\u00e8rement la m\u00e9diation et l\u2019arbitrage dans les litiges pouvant opposer des acteurs du monde de l\u2019assurance dans son ensemble et sa diversit\u00e9.","og_url":"https:\/\/www.arias-france.fr\/en\/enter-arias-france\/","og_site_name":"Arias France","article_modified_time":"2024-02-15T09:40:11+00:00","og_image":[{"width":1024,"height":360,"url":"https:\/\/www.arias-france.fr\/wp-content\/uploads\/2023\/05\/Alb_2280_2000_795_imgO_280318_141847-1024x360.png","type":"image\/png"}],"twitter_card":"summary_large_image","twitter_misc":{"Est. reading time":"1 minute"},"schema":{"@context":"https:\/\/schema.org","@graph":[{"@type":"WebPage","@id":"https:\/\/www.arias-france.fr\/saisir-arias-france\/","url":"https:\/\/www.arias-france.fr\/saisir-arias-france\/","name":"Con\u00adtact Arias France\u2009\u2014\u2009Arias France","isPartOf":{"@id":"https:\/\/www.arias-france.fr\/#website"},"datePublished":"2023-04-20T08:17:41+00:00","dateModified":"2024-02-15T09:40:11+00:00","breadcrumb":{"@id":"https:\/\/www.arias-france.fr\/saisir-arias-france\/#breadcrumb"},"inLanguage":"en-US","potentialAction":[{"@type":"ReadAction","target":["https:\/\/www.arias-france.fr\/saisir-arias-france\/"]}]},{"@type":"BreadcrumbList","@id":"https:\/\/www.arias-france.fr\/saisir-arias-france\/#breadcrumb","itemListElement":[{"@type":"ListItem","position":1,"name":"Home","item":"https:\/\/www.arias-france.fr\/"},{"@type":"ListItem","position":2,"name":"Saisir Arias France"}]},{"@type":"WebSite","@id":"https:\/\/www.arias-france.fr\/#website","url":"https:\/\/www.arias-france.fr\/","name":"Arias France","description":"Arbi\u00adtra\u00adtion and medi\u00ada\u00adtion for the insur\u00adance indus\u00adtry","publisher":{"@id":"https:\/\/www.arias-france.fr\/#organization"},"potentialAction":[{"@type":"SearchAction","target":{"@type":"EntryPoint","urlTemplate":"https:\/\/www.arias-france.fr\/?s={search_term_string}"},"query-input":{"@type":"PropertyValueSpecification","valueRequired":true,"valueName":"search_term_string"}}],"inLanguage":"en-US"},{"@type":"Organization","@id":"https:\/\/www.arias-france.fr\/#organization","name":"Arias France","url":"https:\/\/www.arias-france.fr\/","logo":{"@type":"ImageObject","inLanguage":"en-US","@id":"https:\/\/www.arias-france.fr\/#\/schema\/logo\/image\/","url":"https:\/\/www.arias-france.fr\/wp-content\/uploads\/2023\/04\/Icone_ARIAS_RVB.png","contentUrl":"https:\/\/www.arias-france.fr\/wp-content\/uploads\/2023\/04\/Icone_ARIAS_RVB.png","width":1726,"height":1723,"caption":"Arias France"},"image":{"@id":"https:\/\/www.arias-france.fr\/#\/schema\/logo\/image\/"}}]}},"_links":{"self":[{"href":"https:\/\/www.arias-france.fr\/en\/wp-json\/wp\/v2\/pages\/936","targetHints":{"allow":["GET"]}}],"collection":[{"href":"https:\/\/www.arias-france.fr\/en\/wp-json\/wp\/v2\/pages"}],"about":[{"href":"https:\/\/www.arias-france.fr\/en\/wp-json\/wp\/v2\/types\/page"}],"author":[{"embeddable":true,"href":"https:\/\/www.arias-france.fr\/en\/wp-json\/wp\/v2\/users\/1"}],"replies":[{"embeddable":true,"href":"https:\/\/www.arias-france.fr\/en\/wp-json\/wp\/v2\/comments?post=936"}],"version-history":[{"count":0,"href":"https:\/\/www.arias-france.fr\/en\/wp-json\/wp\/v2\/pages\/936\/revisions"}],"wp:attachment":[{"href":"https:\/\/www.arias-france.fr\/en\/wp-json\/wp\/v2\/media?parent=936"}],"curies":[{"name":"wp","href":"https:\/\/api.w.org\/{rel}","templated":true}]}}